{"id":1102,"date":"2023-08-10T14:28:18","date_gmt":"2023-08-10T12:28:18","guid":{"rendered":"https:\/\/escapefake.org\/?page_id=1102"},"modified":"2024-03-14T14:52:22","modified_gmt":"2024-03-14T13:52:22","slug":"privacy-policy-escape-fake-app","status":"publish","type":"page","link":"https:\/\/escapefake.org\/de\/privacy-policy-escape-fake-app\/","title":{"rendered":"Datenschutzerkl\u00e4rung &#8211; Escape Fake App"},"content":{"rendered":"<p>[et_pb_section fb_built=&#8220;1&#8243; _builder_version=&#8220;4.16&#8243; global_colors_info=&#8220;{}&#8220;][et_pb_row _builder_version=&#8220;4.16&#8243; background_size=&#8220;initial&#8220; background_position=&#8220;top_left&#8220; background_repeat=&#8220;repeat&#8220; global_colors_info=&#8220;{}&#8220;][et_pb_column type=&#8220;4_4&#8243; _builder_version=&#8220;4.21.2&#8243; _module_preset=&#8220;default&#8220; global_colors_info=&#8220;{}&#8220;][et_pb_text _builder_version=&#8220;4.21.0&#8243; _module_preset=&#8220;default&#8220; global_colors_info=&#8220;{}&#8220;]<\/p>\n<h2 class=\"entry-title\" itemprop=\"headline\">Datenschutzerkl\u00e4rung &#8211; Escape Fake App<\/h2>\n<p>[\/et_pb_text][et_pb_text _builder_version=&#8220;4.21.0&#8243; _module_preset=&#8220;default&#8220; custom_padding=&#8220;||0px|||&#8220; global_colors_info=&#8220;{}&#8220;]<\/p>\n<p>Die Polycular GmbH (&#8222;<strong>Polycular<\/strong>&#8220; oder &#8222;<strong>wir<\/strong>&#8222;) respektiert deine Privatsph\u00e4re. Daher werden personenbezogene Daten (im Folgenden &#8222;Daten&#8220; genannt) nur im notwendigen Umfang und zum Zweck der Bereitstellung einer funktionalen und benutzerfreundlichen App, einschlie\u00dflich ihrer Inhalte und der darin angebotenen Dienste, verarbeitet.<\/p>\n<p>Mit der folgenden Datenschutzerkl\u00e4rung informieren wir dich insbesondere \u00fcber Art, Umfang, Zweck, Dauer und Rechtsgrundlage der Verarbeitung personenbezogener Daten, soweit wir allein oder gemeinsam mit anderen \u00fcber die Zwecke und Mittel der Verarbeitung entscheiden. Dar\u00fcber hinaus informieren wir dich im Folgenden \u00fcber die Daten zu Optimierungszwecken und zur Steigerung der Nutzungsqualit\u00e4t, soweit es sich um Komponenten handelt, die von uns zu Optimierungszwecken und zur Steigerung der Nutzungsqualit\u00e4t eingesetzt werden, soweit Dritte wiederum in eigener Verantwortung.<\/p>\n<p>[\/et_pb_text][et_pb_text _builder_version=&#8220;4.21.0&#8243; _module_preset=&#8220;default&#8220; global_colors_info=&#8220;{}&#8220;]<\/p>\n<h3>Medieninhaber und Verleger<\/h3>\n<p>[\/et_pb_text][et_pb_text _builder_version=&#8220;4.21.0&#8243; background_size=&#8220;initial&#8220; background_position=&#8220;top_left&#8220; background_repeat=&#8220;repeat&#8220; custom_padding=&#8220;||4px|||&#8220; global_colors_info=&#8220;{}&#8220;]<\/p>\n<p><strong>Polycular GmbH<\/strong><br \/>Salzgasse 2<br \/>5400 Hallein<br \/>Austria<\/p>\n<p>Du kannst uns erreichen unter:<br \/><a href=\"mailto:support@polycular.com\">support@polycular.com<\/a><\/p>\n<p>Du kannst unseren Datenschutzbeauftragten erreichen unter:<br \/><a href=\"mailto:privacy@polycular.com\"><\/a><a href=\"mailto:privacy@polycular.com\">privacy@polycular.com<\/a><\/p>\n<p>[\/et_pb_text][et_pb_text _builder_version=&#8220;4.21.0&#8243; _module_preset=&#8220;default&#8220; global_colors_info=&#8220;{}&#8220;]<\/p>\n<h3><span style=\"color: #333333;\"> Kontaktanfragen<\/span>\/ Kontaktm\u00f6glichkeit<\/h3>\n<p>[\/et_pb_text][et_pb_text _builder_version=&#8220;4.21.0&#8243; background_size=&#8220;initial&#8220; background_position=&#8220;top_left&#8220; background_repeat=&#8220;repeat&#8220; custom_padding=&#8220;||4px|||&#8220; global_colors_info=&#8220;{}&#8220; min_height=&#8220;223.3px&#8220; custom_margin=&#8220;||-2px|||&#8220;]<\/p>\n<p>Wenn du dich per E-Mail an uns wendest, werden die von dir angegebenen Daten verwendet, um deine Anfrage zu bearbeiten. verwendet, um deine Anfrage zu bearbeiten. Die Bereitstellung der Daten ist f\u00fcr die Bearbeitung und Beantwortung deiner Anfrage notwendig &#8211; ohne ihre Bereitstellung k\u00f6nnen wir deine Anfrage nicht oder bestenfalls nur eingeschr\u00e4nkt beantworten.<\/p>\n<p><strong>Rechtsgrundlage f\u00fcr diese Verarbeitung ist Art. 6 Abs. 1 Lit. b) GDPR.<\/strong><\/p>\n<p>Deine Daten werden gel\u00f6scht, sofern deine Anfrage abschlie\u00dfend beantwortet wurde und der L\u00f6schung keine gesetzlichen Aufbewahrungspflichten entgegenstehen, z.B. im Falle einer sp\u00e4teren Vertragsabwicklung.<strong><\/strong><\/p>\n<h2><\/h2>\n<p>[\/et_pb_text][et_pb_text _builder_version=&#8220;4.21.0&#8243; _module_preset=&#8220;default&#8220; global_colors_info=&#8220;{}&#8220;]<\/p>\n<h3>Informationen zur Datenverarbeitung<\/h3>\n<p>[\/et_pb_text][et_pb_text _builder_version=&#8220;4.21.0&#8243; background_size=&#8220;initial&#8220; background_position=&#8220;top_left&#8220; background_repeat=&#8220;repeat&#8220; custom_padding=&#8220;||4px|||&#8220; global_colors_info=&#8220;{}&#8220;]<\/p>\n<p>Deine Daten, die bei der Nutzung unserer App verarbeitet werden, werden gel\u00f6scht oder gesperrt, sobald der Zweck entf\u00e4llt, der L\u00f6schung der Daten keine gesetzlichen Aufbewahrungspflichten entgegenstehen und im Folgenden keine weiteren Informationen zu den einzelnen Verarbeitungsverfahren gegeben werden.<\/p>\n<p><strong>Die folgenden Arten von Daten sind regelm\u00e4\u00dfig Gegenstand der Verarbeitung:<\/strong><\/p>\n<ul>\n<li><strong><\/strong><span style=\"font-size: 18px;\">IP-Adresse einschlie\u00dflich Stadt und Land, zu dem diese IP-Adresse geh\u00f6rt<\/span><strong><\/strong><\/li>\n<\/ul>\n<p><strong>Zweck<\/strong>: Der ordnungsgem\u00e4\u00dfe Betrieb der App.  <\/p>\n<p>Personenbezogene Daten werden von unserem Dienstleister Unity Technologies, 30 3rd Street, San Francisco, CA 94103, USA (&#8222;<strong>Unity<\/strong>&#8222;) sofort nach Erhalt auf deren Server anonymisiert und nur w\u00e4hrend der Nutzung der App unter einer anonymisierten Benutzerkennung verarbeitet. Pers\u00f6nliche Daten werden nicht verwendet, um Nutzer\/innen \u00fcber Apps und Ger\u00e4te hinweg zu verfolgen. In der App gibt es keine Links zu Websites Dritter und die App nutzt keine Integration von Facebook, Twitter, anderen sozialen Medien oder anderen externen Angeboten. Unity Technologies verwendet die anonymisierten personenbezogenen Daten, um Statistiken \u00fcber Ger\u00e4te, Apps und die Spieleindustrie zu erstellen. Diese Daten stehen uns und unseren Dienstleistern nur in anonymisierter Form \u00fcber die Website von Unity zur Verf\u00fcgung. Eine Abtretung an eine reale Person ist also auf rechtlich zul\u00e4ssigem Weg nicht m\u00f6glich.<\/p>\n<h2><\/h2>\n<p>[\/et_pb_text][et_pb_text _builder_version=&#8220;4.21.0&#8243; _module_preset=&#8220;default&#8220; global_colors_info=&#8220;{}&#8220;]<\/p>\n<h3>Augmented Reality<\/h3>\n<p>[\/et_pb_text][et_pb_text _builder_version=&#8220;4.21.0&#8243; background_size=&#8220;initial&#8220; background_position=&#8220;top_left&#8220; background_repeat=&#8220;repeat&#8220; custom_padding=&#8220;||4px|||&#8220; global_colors_info=&#8220;{}&#8220;]<\/p>\n<p>Die App nutzt die Kamerafunktion f\u00fcr Augmented Reality (AR). Digitale Inhalte (2D- und 3D-Modelle) werden auf diese Weise auf sogenannten Markern (von der Software erkannte Bilder) dargestellt. So kannst du mit den kostenlos zur Verf\u00fcgung gestellten Markern interagieren. Diese Interaktion ist eine Voraussetzung f\u00fcr das Spielen der App. Die App selbst \u00fcbermittelt die Bilddaten weder an uns noch an Dienstanbieter. Die App verarbeitet keine Standortinformationen, Mikrofon-, Kontakt- oder andere Daten.<strong><\/strong><\/p>\n<p>[\/et_pb_text][et_pb_text _builder_version=&#8220;4.21.0&#8243; _module_preset=&#8220;default&#8220; global_colors_info=&#8220;{}&#8220;]<\/p>\n<h3>Rechte der Nutzer und betroffenen Personen<\/h3>\n<p>[\/et_pb_text][et_pb_text _builder_version=&#8220;4.21.0&#8243; background_size=&#8220;initial&#8220; background_position=&#8220;top_left&#8220; background_repeat=&#8220;repeat&#8220; custom_padding=&#8220;||4px|||&#8220; global_colors_info=&#8220;{}&#8220;]<\/p>\n<p>In Bezug auf die im Folgenden n\u00e4her beschriebene Datenverarbeitung haben die Nutzer und betroffenen Personen das Recht<\/p>\n<ul>\n<li>eine Best\u00e4tigung dar\u00fcber zu erhalten, ob sie betreffende Daten verarbeitet werden,<\/li>\n<li>zu Informationen \u00fcber die verarbeiteten Daten,<\/li>\n<li>auf weitere Informationen \u00fcber die Datenverarbeitung und auf Kopien der Daten (vgl. auch Art. 15 GDPR); auf Berichtigung oder Vervollst\u00e4ndigung unrichtiger oder unvollst\u00e4ndiger Daten (vgl. auch Art. 16 GDPR);<\/li>\n<li>die unverz\u00fcgliche L\u00f6schung der sie betreffenden Daten zu verlangen (vgl. auch Art. 17 DSGVO), oder alternativ, sofern eine weitere Verarbeitung gem\u00e4\u00df Art. 17 (3) GDPR,<\/li>\n<li>auf die Einschr\u00e4nkung der Verarbeitung gem\u00e4\u00df Art. 18 GDPR;<\/li>\n<\/ul>\n<p>Dar\u00fcber hinaus ist der Anbieter verpflichtet, alle Empf\u00e4nger, an die er Daten weitergegeben hat, \u00fcber die Berichtigung oder L\u00f6schung von Daten oder die Einschr\u00e4nkung der Verarbeitung zu informieren, die auf der Grundlage der Artikel 16, 17 (1) und 18 DSGVO erfolgt. Diese Verpflichtung besteht jedoch nicht, sofern diese Meldung unm\u00f6glich ist oder einen unverh\u00e4ltnism\u00e4\u00dfigen Aufwand bedeutet. Ungeachtet dessen hat der\/die Nutzer\/in ein Recht auf Informationen \u00fcber diese Empf\u00e4nger\/innen. Ungeachtet dessen hat der\/die Nutzer\/in ein Recht auf Informationen \u00fcber diese Empf\u00e4nger\/innen.<\/p>\n<p><strong>Ebenso haben die Nutzer und betroffenen Personen das Recht, der k\u00fcnftigen Verarbeitung ihrer Daten gem\u00e4\u00df Art. 21 GDPR. die k\u00fcnftige Verarbeitung der sie betreffenden Daten, sofern die Daten vom Anbieter gem\u00e4\u00df Art. 6 Abs. 1 Lit. f) GDPR. Insbesondere ist ein Widerspruch gegen die Verarbeitung von Daten zum Zweck der Direktwerbung zul\u00e4ssig.<\/strong><\/p>\n<p>[\/et_pb_text][\/et_pb_column][\/et_pb_row][\/et_pb_section]<\/p>\n","protected":false},"excerpt":{"rendered":"<p>Datenschutzerkl\u00e4rung &#8211; Escape Fake AppDie Polycular GmbH (&#8222;Polycular&#8220; oder &#8222;wir&#8220;) respektiert deine Privatsph\u00e4re. Daher werden personenbezogene Daten (im Folgenden &#8222;Daten&#8220; genannt) nur im notwendigen Umfang und zum Zweck der Bereitstellung einer funktionalen und benutzerfreundlichen App, einschlie\u00dflich ihrer Inhalte und der darin angebotenen Dienste, verarbeitet. Mit der folgenden Datenschutzerkl\u00e4rung informieren wir dich insbesondere \u00fcber Art, Umfang, [&hellip;]<\/p>\n","protected":false},"author":1,"featured_media":0,"parent":0,"menu_order":0,"comment_status":"closed","ping_status":"closed","template":"","meta":{"_et_pb_use_builder":"on","_et_pb_old_content":"","_et_gb_content_width":"","footnotes":""},"class_list":["post-1102","page","type-page","status-publish","hentry"],"_links":{"self":[{"href":"https:\/\/escapefake.org\/de\/wp-json\/wp\/v2\/pages\/1102","targetHints":{"allow":["GET"]}}],"collection":[{"href":"https:\/\/escapefake.org\/de\/wp-json\/wp\/v2\/pages"}],"about":[{"href":"https:\/\/escapefake.org\/de\/wp-json\/wp\/v2\/types\/page"}],"author":[{"embeddable":true,"href":"https:\/\/escapefake.org\/de\/wp-json\/wp\/v2\/users\/1"}],"replies":[{"embeddable":true,"href":"https:\/\/escapefake.org\/de\/wp-json\/wp\/v2\/comments?post=1102"}],"version-history":[{"count":10,"href":"https:\/\/escapefake.org\/de\/wp-json\/wp\/v2\/pages\/1102\/revisions"}],"predecessor-version":[{"id":1945,"href":"https:\/\/escapefake.org\/de\/wp-json\/wp\/v2\/pages\/1102\/revisions\/1945"}],"wp:attachment":[{"href":"https:\/\/escapefake.org\/de\/wp-json\/wp\/v2\/media?parent=1102"}],"curies":[{"name":"wp","href":"https:\/\/api.w.org\/{rel}","templated":true}]}}