{"id":1338,"date":"2023-10-31T17:38:26","date_gmt":"2023-10-31T16:38:26","guid":{"rendered":"https:\/\/escapefake.org\/kontakt\/"},"modified":"2024-07-14T16:37:38","modified_gmt":"2024-07-14T14:37:38","slug":"contact-us","status":"publish","type":"page","link":"https:\/\/escapefake.org\/de\/contact-us\/","title":{"rendered":"Contact Us"},"content":{"rendered":"<p>[et_pb_section fb_built=&#8220;1&#8243; _builder_version=&#8220;4.16&#8243; global_colors_info=&#8220;{}&#8220;][et_pb_row _builder_version=&#8220;4.16&#8243; background_size=&#8220;initial&#8220; background_position=&#8220;top_left&#8220; background_repeat=&#8220;repeat&#8220; global_colors_info=&#8220;{}&#8220;][et_pb_column type=&#8220;4_4&#8243; _builder_version=&#8220;4.16&#8243; custom_padding=&#8220;|||&#8220; global_colors_info=&#8220;{}&#8220; custom_padding__hover=&#8220;|||&#8220;][et_pb_text _builder_version=&#8220;4.21.0&#8243; _module_preset=&#8220;default&#8220; global_colors_info=&#8220;{}&#8220;]<\/p>\n<h1>Kontakt<\/h1>\n<p>[\/et_pb_text][et_pb_text _builder_version=&#8220;4.23&#8243; _module_preset=&#8220;default&#8220; global_colors_info=&#8220;{}&#8220;]<\/p>\n<p>Wir sch\u00e4tzen die Unterst\u00fctzung unserer Community bei der \u00dcbersetzung von Escape Fake in weitere Sprachen. Derzeit arbeiten wir an \u00dcbersetzungen ins D\u00e4nische, Ungarische, Italienische und Rum\u00e4nische. Wenn du uns bei der \u00dcbersetzung des Spiels und\/oder des Toolkits unterst\u00fctzen m\u00f6chtest, melde dich bei uns! Wir freuen uns auch \u00fcber Kontakte zu Fachleuten aus den Bereichen Wissenschaft, Journalismus, Medien, Bildung und anderen Bereichen, die sich f\u00fcr unsere Arbeit interessieren. Wenn du Vorschl\u00e4ge f\u00fcr das Spiel hast oder mitarbeiten m\u00f6chtest, z\u00f6gere nicht, dich zu melden. <\/p>\n<p>[\/et_pb_text][\/et_pb_column][\/et_pb_row][et_pb_row _builder_version=&#8220;4.23&#8243; _module_preset=&#8220;default&#8220; global_colors_info=&#8220;{}&#8220;][et_pb_column type=&#8220;4_4&#8243; _builder_version=&#8220;4.23&#8243; _module_preset=&#8220;default&#8220; global_colors_info=&#8220;{}&#8220;][wpforms_selector form_id=&#8220;1272&#8243; show_title=&#8220;off&#8220; show_desc=&#8220;off&#8220; _builder_version=&#8220;4.23&#8243; _module_preset=&#8220;default&#8220; global_colors_info=&#8220;{}&#8220;][\/wpforms_selector][\/et_pb_column][\/et_pb_row][\/et_pb_section]<\/p>\n","protected":false},"excerpt":{"rendered":"<p>KontaktWir sch\u00e4tzen die Unterst\u00fctzung unserer Community bei der \u00dcbersetzung von Escape Fake in weitere Sprachen. Derzeit arbeiten wir an \u00dcbersetzungen ins D\u00e4nische, Ungarische, Italienische und Rum\u00e4nische. Wenn du uns bei der \u00dcbersetzung des Spiels und\/oder des Toolkits unterst\u00fctzen m\u00f6chtest, melde dich bei uns! Wir freuen uns auch \u00fcber Kontakte zu Fachleuten aus den Bereichen Wissenschaft, [&hellip;]<\/p>\n","protected":false},"author":1,"featured_media":0,"parent":0,"menu_order":0,"comment_status":"closed","ping_status":"closed","template":"","meta":{"_et_pb_use_builder":"on","_et_pb_old_content":"","_et_gb_content_width":"","footnotes":""},"class_list":["post-1338","page","type-page","status-publish","hentry"],"_links":{"self":[{"href":"https:\/\/escapefake.org\/de\/wp-json\/wp\/v2\/pages\/1338","targetHints":{"allow":["GET"]}}],"collection":[{"href":"https:\/\/escapefake.org\/de\/wp-json\/wp\/v2\/pages"}],"about":[{"href":"https:\/\/escapefake.org\/de\/wp-json\/wp\/v2\/types\/page"}],"author":[{"embeddable":true,"href":"https:\/\/escapefake.org\/de\/wp-json\/wp\/v2\/users\/1"}],"replies":[{"embeddable":true,"href":"https:\/\/escapefake.org\/de\/wp-json\/wp\/v2\/comments?post=1338"}],"version-history":[{"count":10,"href":"https:\/\/escapefake.org\/de\/wp-json\/wp\/v2\/pages\/1338\/revisions"}],"predecessor-version":[{"id":3840,"href":"https:\/\/escapefake.org\/de\/wp-json\/wp\/v2\/pages\/1338\/revisions\/3840"}],"wp:attachment":[{"href":"https:\/\/escapefake.org\/de\/wp-json\/wp\/v2\/media?parent=1338"}],"curies":[{"name":"wp","href":"https:\/\/api.w.org\/{rel}","templated":true}]}}