{"id":1563,"date":"2023-11-13T11:08:40","date_gmt":"2023-11-13T10:08:40","guid":{"rendered":"https:\/\/escapefake.org\/newsletter\/willkommen\/"},"modified":"2025-02-18T17:32:16","modified_gmt":"2025-02-18T16:32:16","slug":"willkommen","status":"publish","type":"page","link":"https:\/\/escapefake.org\/de\/newsletter\/willkommen\/","title":{"rendered":"Willkommen"},"content":{"rendered":"<p>[et_pb_section fb_built=&#8220;1&#8243; _builder_version=&#8220;4.23.1&#8243; _module_preset=&#8220;default&#8220; background_color=&#8220;gcid-10af2232-749a-4596-b80f-ac0da0e0d2c2&#8243; custom_margin=&#8220;0px||0px||false|false&#8220; custom_padding=&#8220;60px||0px||false|false&#8220; hover_enabled=&#8220;0&#8243; global_colors_info=&#8220;{%22gcid-10af2232-749a-4596-b80f-ac0da0e0d2c2%22:%91%22background_color%22%93}&#8220; custom_padding_last_edited=&#8220;on|desktop&#8220; sticky_enabled=&#8220;0&#8243; custom_padding_tablet=&#8220;40px||||false|false&#8220; custom_padding_phone=&#8220;20px||||false|false&#8220;][et_pb_row _builder_version=&#8220;4.21.0&#8243; _module_preset=&#8220;default&#8220; custom_margin=&#8220;0px||0px||false|false&#8220; custom_padding=&#8220;0px||0px||false|false&#8220; global_colors_info=&#8220;{}&#8220;][et_pb_column type=&#8220;4_4&#8243; _builder_version=&#8220;4.21.0&#8243; _module_preset=&#8220;default&#8220; global_colors_info=&#8220;{}&#8220;][dnxte_text_glitch glitch_text=&#8220;#escapefake&#8220; glitch_style=&#8220;7&#8243; glitch_text_color=&#8220;#ffffff&#8220; glitch_color_text_one=&#8220;gcid-02b3fa7c-43ea-44fc-beb4-5cf22f71017d&#8220; glitch_color_text_two=&#8220;gcid-095f3017-670a-4d45-bbf8-520034f23a92&#8243; glitch_position_left=&#8220;5px&#8220; glitch_position_right=&#8220;8px&#8220; disabled_on=&#8220;off|off|off&#8220; _builder_version=&#8220;4.21.0&#8243; _module_preset=&#8220;default&#8220; dnxt_glitch_fonts_text_align=&#8220;right&#8220; dnxt_glitch_fonts_font_size=&#8220;46px&#8220; position_origin_a=&#8220;bottom_right&#8220; width=&#8220;100%&#8220; dnxt_glitch_fonts_font_tablet=&#8220;&#8220; dnxt_glitch_fonts_font_phone=&#8220;&#8220; dnxt_glitch_fonts_font_last_edited=&#8220;on|phone&#8220; dnxt_glitch_fonts_font_size_tablet=&#8220;46px&#8220; dnxt_glitch_fonts_font_size_phone=&#8220;38px&#8220; dnxt_glitch_fonts_font_size_last_edited=&#8220;on|phone&#8220; global_colors_info=&#8220;{%22gcid-02b3fa7c-43ea-44fc-beb4-5cf22f71017d%22:%91%22glitch_color_text_one%22%93,%22gcid-095f3017-670a-4d45-bbf8-520034f23a92%22:%91%22glitch_color_text_two%22%93}&#8220;][\/dnxte_text_glitch][\/et_pb_column][\/et_pb_row][\/et_pb_section][et_pb_section fb_built=&#8220;1&#8243; _builder_version=&#8220;4.23.1&#8243; _module_preset=&#8220;default&#8220; background_color=&#8220;#FFFFFF&#8220; custom_padding=&#8220;40px||40px|0px|false|false&#8220; top_divider_style=&#8220;slant&#8220; top_divider_color=&#8220;gcid-10af2232-749a-4596-b80f-ac0da0e0d2c2&#8243; top_divider_height=&#8220;40px&#8220; top_divider_color_tablet=&#8220;gcid-10af2232-749a-4596-b80f-ac0da0e0d2c2&#8243; top_divider_color_phone=&#8220;gcid-10af2232-749a-4596-b80f-ac0da0e0d2c2&#8243; top_divider_color_last_edited=&#8220;on|phone&#8220; global_colors_info=&#8220;{%22gcid-10af2232-749a-4596-b80f-ac0da0e0d2c2%22:%91%22top_divider_color%22%93}&#8220;][et_pb_row column_structure=&#8220;2_3,1_3&#8243; _builder_version=&#8220;4.23.1&#8243; _module_preset=&#8220;default&#8220; global_colors_info=&#8220;{}&#8220;][et_pb_column type=&#8220;2_3&#8243; _builder_version=&#8220;4.23.1&#8243; _module_preset=&#8220;default&#8220; custom_padding=&#8220;|20px|||false|false&#8220; global_colors_info=&#8220;{}&#8220;][et_pb_text module_id=&#8220;newsletter&#8220; _builder_version=&#8220;4.23.1&#8243; _module_preset=&#8220;565ca5d8-2379-4624-9c67-e84671d1da36&#8243; custom_padding=&#8220;5px|5px|5px|5px|false|false&#8220; global_colors_info=&#8220;{}&#8220;]<\/p>\n<h2>Dankesch\u00f6n<\/h2>\n<p>[\/et_pb_text][et_pb_text _builder_version=&#8220;4.23.1&#8243; _module_preset=&#8220;default&#8220; global_colors_info=&#8220;{}&#8220;]<\/p>\n<p>Wir freuen uns sehr, dass <strong>du uns auf dieser Reise<\/strong> mit Escape Fake begleitest. Euer Engagement f\u00fcr die Verbesserung der Medienkompetenz und die Bek\u00e4mpfung von Desinformation ist ein Schritt nach vorn f\u00fcr die gesamte Gemeinschaft, die versucht, sich in der Komplexit\u00e4t des digitalen Informationszeitalters zurechtzufinden.<\/p>\n<p>Wir haben dir eine E-Mail geschickt, um <strong>dein Abonnement zu best\u00e4tigen<\/strong>. Bitte \u00fcberpr\u00fcfe deinen Posteingang (und m\u00f6glicherweise deinen Spam-Ordner) und aktiviere dein Abonnement, indem du <strong>auf den Link<\/strong> in der Mail klickst.<\/p>\n<p>&nbsp;<\/p>\n<p><em>* Du kannst dich jederzeit \u00fcber den Link am Ende unserer E-Mails abmelden.<\/em><\/p>\n<p>[\/et_pb_text][\/et_pb_column][et_pb_column type=&#8220;1_3&#8243; _builder_version=&#8220;4.23.1&#8243; _module_preset=&#8220;default&#8220; custom_padding=&#8220;|20px|||false|false&#8220; global_colors_info=&#8220;{}&#8220;][\/et_pb_column][\/et_pb_row][\/et_pb_section][et_pb_section fb_built=&#8220;1&#8243; custom_padding_last_edited=&#8220;on|phone&#8220; prev_background_color=&#8220;#FFFFFF&#8220; next_background_color=&#8220;gcid-1b4a3854-7b44-49f6-922e-e1ac36476373&#8243; admin_label=&#8220;Call to Action&#8220; _builder_version=&#8220;4.21.0&#8243; _module_preset=&#8220;default&#8220; background_color=&#8220;gcid-02b3fa7c-43ea-44fc-beb4-5cf22f71017d&#8220; custom_padding=&#8220;100px||160px||false|false&#8220; custom_padding_tablet=&#8220;100px||160px||false|false&#8220; custom_padding_phone=&#8220;60px||80px||false|false&#8220; top_divider_style=&#8220;slant&#8220; top_divider_height_tablet=&#8220;&#8220; top_divider_height_phone=&#8220;60px&#8220; top_divider_height_last_edited=&#8220;on|phone&#8220; bottom_divider_style=&#8220;slant&#8220; bottom_divider_height=&#8220;160px&#8220; bottom_divider_flip=&#8220;horizontal&#8220; bottom_divider_height_tablet=&#8220;160px&#8220; bottom_divider_height_phone=&#8220;80px&#8220; bottom_divider_height_last_edited=&#8220;on|phone&#8220; collapsed=&#8220;on&#8220; global_colors_info=&#8220;{%22gcid-10af2232-749a-4596-b80f-ac0da0e0d2c2%22:%91%22top_divider_color%22%93,%22gcid-02b3fa7c-43ea-44fc-beb4-5cf22f71017d%22:%91%22background_color%22%93}&#8220;][et_pb_row _builder_version=&#8220;4.21.0&#8243; _module_preset=&#8220;default&#8220; custom_padding=&#8220;27px|||||&#8220; global_colors_info=&#8220;{}&#8220;][et_pb_column type=&#8220;4_4&#8243; _builder_version=&#8220;4.21.0&#8243; _module_preset=&#8220;default&#8220; global_colors_info=&#8220;{}&#8220;][dnxte_text_glitch glitch_text=&#8220;#escapefake&#8220; glitch_style=&#8220;7&#8243; glitch_text_color=&#8220;#ffffff&#8220; glitch_color_text_one=&#8220;gcid-095f3017-670a-4d45-bbf8-520034f23a92&#8243; glitch_color_text_two=&#8220;gcid-10af2232-749a-4596-b80f-ac0da0e0d2c2&#8243; glitch_position_left=&#8220;5px&#8220; glitch_position_right=&#8220;8px&#8220; disabled_on=&#8220;off|off|off&#8220; _builder_version=&#8220;4.21.0&#8243; _module_preset=&#8220;default&#8220; dnxt_glitch_fonts_text_align=&#8220;left&#8220; dnxt_glitch_fonts_font_size=&#8220;46px&#8220; position_origin_a=&#8220;bottom_right&#8220; width=&#8220;100%&#8220; dnxt_glitch_fonts_font_tablet=&#8220;&#8220; dnxt_glitch_fonts_font_phone=&#8220;&#8220; dnxt_glitch_fonts_font_last_edited=&#8220;on|phone&#8220; dnxt_glitch_fonts_font_size_tablet=&#8220;46px&#8220; dnxt_glitch_fonts_font_size_phone=&#8220;38px&#8220; dnxt_glitch_fonts_font_size_last_edited=&#8220;on|phone&#8220; global_colors_info=&#8220;{%22gcid-10af2232-749a-4596-b80f-ac0da0e0d2c2%22:%91%22glitch_color_text_two%22%93,%22gcid-095f3017-670a-4d45-bbf8-520034f23a92%22:%91%22glitch_color_text_one%22%93}&#8220;][\/dnxte_text_glitch][\/et_pb_column][\/et_pb_row][\/et_pb_section]<\/p>\n","protected":false},"excerpt":{"rendered":"<p><div class=\"et_pb_module dnxte_text_glitch dnxte_text_glitch_0\">\n\t\t\t\t\n\t\t\t\t\n\t\t\t\t\n\t\t\t\t\n\t\t\t\t\n\t\t\t\t\n\t\t\t\t<div class=\"et_pb_module_inner\">\n\t\t\t\t\t<div class=\"dnxt-txt-glitch-wrap\">\r\n\t\t\t\t<div class= \"dnxt-glitch-text  dnxt-glitch-animation-7\">\r\n\t\t\t\t\t<h2 class=\"dnxt-glitch-text_heading\" data-text=\"#escapefake\">\r\n\t\t\t\t\t\t\t#escapefake\r\n\t\t\t\t\t<\/h2>\r\n\t\t\t\t<\/div>\r\n\t\t\t<\/div>\n\t\t\t\t<\/div>\n\t\t\t<\/div>Dankesch\u00f6nWir freuen uns sehr, dass du uns auf dieser Reise mit Escape Fake begleitest. Euer Engagement f\u00fcr die Verbesserung der Medienkompetenz und die Bek\u00e4mpfung von Desinformation ist ein Schritt nach vorn f\u00fcr die gesamte [&hellip;]<\/p>\n","protected":false},"author":1,"featured_media":0,"parent":1538,"menu_order":0,"comment_status":"closed","ping_status":"closed","template":"","meta":{"_et_pb_use_builder":"on","_et_pb_old_content":"","_et_gb_content_width":"","footnotes":""},"class_list":["post-1563","page","type-page","status-publish","hentry"],"_links":{"self":[{"href":"https:\/\/escapefake.org\/de\/wp-json\/wp\/v2\/pages\/1563","targetHints":{"allow":["GET"]}}],"collection":[{"href":"https:\/\/escapefake.org\/de\/wp-json\/wp\/v2\/pages"}],"about":[{"href":"https:\/\/escapefake.org\/de\/wp-json\/wp\/v2\/types\/page"}],"author":[{"embeddable":true,"href":"https:\/\/escapefake.org\/de\/wp-json\/wp\/v2\/users\/1"}],"replies":[{"embeddable":true,"href":"https:\/\/escapefake.org\/de\/wp-json\/wp\/v2\/comments?post=1563"}],"version-history":[{"count":6,"href":"https:\/\/escapefake.org\/de\/wp-json\/wp\/v2\/pages\/1563\/revisions"}],"predecessor-version":[{"id":4207,"href":"https:\/\/escapefake.org\/de\/wp-json\/wp\/v2\/pages\/1563\/revisions\/4207"}],"up":[{"embeddable":true,"href":"https:\/\/escapefake.org\/de\/wp-json\/wp\/v2\/pages\/1538"}],"wp:attachment":[{"href":"https:\/\/escapefake.org\/de\/wp-json\/wp\/v2\/media?parent=1563"}],"curies":[{"name":"wp","href":"https:\/\/api.w.org\/{rel}","templated":true}]}}