{"id":5273,"date":"2026-05-13T10:02:50","date_gmt":"2026-05-13T08:02:50","guid":{"rendered":"https:\/\/escapefake.org\/pricing\/"},"modified":"2026-05-13T10:19:14","modified_gmt":"2026-05-13T08:19:14","slug":"pricing","status":"publish","type":"page","link":"https:\/\/escapefake.org\/de\/pricing\/","title":{"rendered":"Pricing"},"content":{"rendered":"<p>[et_pb_section fb_built=&#8220;1&#8243; _builder_version=&#8220;4.27.6&#8243; _module_preset=&#8220;default&#8220; custom_padding=&#8220;||30px||false|false&#8220; bottom_divider_color=&#8220;gcid-10af2232-749a-4596-b80f-ac0da0e0d2c2&#8243; bottom_divider_height=&#8220;130px&#8220; bottom_divider_flip=&#8220;horizontal&#8220; global_colors_info=&#8220;{%22gcid-10af2232-749a-4596-b80f-ac0da0e0d2c2%22:%91%22bottom_divider_color%22%93}&#8220;][et_pb_row _builder_version=&#8220;4.27.6&#8243; _module_preset=&#8220;default&#8220; global_colors_info=&#8220;{}&#8220;][et_pb_column type=&#8220;4_4&#8243; _builder_version=&#8220;4.27.6&#8243; _module_preset=&#8220;default&#8220; global_colors_info=&#8220;{}&#8220;][et_pb_text _builder_version=&#8220;4.27.6&#8243; _module_preset=&#8220;default&#8220; global_colors_info=&#8220;{}&#8220;]<\/p>\n<h2>Pricing<\/h2>\n<p>Ein kurzer \u00dcberblick \u00fcber unsere kostenpflichtigen Optionen. Folge den Links f\u00fcr weitere Details. <\/p>\n<p>[\/et_pb_text][\/et_pb_column][\/et_pb_row][et_pb_row _builder_version=&#8220;4.27.6&#8243; _module_preset=&#8220;default&#8220; custom_padding=&#8220;||60px||false|false&#8220; global_colors_info=&#8220;{}&#8220;][et_pb_column type=&#8220;4_4&#8243; _builder_version=&#8220;4.27.6&#8243; _module_preset=&#8220;default&#8220; global_colors_info=&#8220;{}&#8220;][et_pb_text _builder_version=&#8220;4.27.6&#8243; _module_preset=&#8220;default&#8220; global_colors_info=&#8220;{}&#8220;]<\/p>\n<h3>Immer frei<\/h3>\n<p><em>Museum of Fake<\/em> und <em>The Bus Situation<\/em> kannst du mit der App und den gedruckten Markern kostenlos spielen.<\/p>\n<p>[\/et_pb_text][et_pb_button button_url=&#8220;https:\/\/escapefake.org\/de\/game\/&#8220; url_new_window=&#8220;on&#8220; button_text=&#8220;Versuch das Spiel&#8220; button_alignment=&#8220;left&#8220; _builder_version=&#8220;4.27.6&#8243; _module_preset=&#8220;bf117e0a-ab7d-46aa-a727-4cb65134cd98&#8243; button_icon=&#8220;&#xe092;||divi||400&#8243; global_colors_info=&#8220;{}&#8220;][\/et_pb_button][\/et_pb_column][\/et_pb_row][et_pb_row _builder_version=&#8220;4.27.6&#8243; _module_preset=&#8220;default&#8220; custom_padding=&#8220;||60px||false|false&#8220; global_colors_info=&#8220;{}&#8220;][et_pb_column type=&#8220;4_4&#8243; _builder_version=&#8220;4.27.6&#8243; _module_preset=&#8220;default&#8220; global_colors_info=&#8220;{}&#8220;][et_pb_text module_id=&#8220;plus-license&#8220; _builder_version=&#8220;4.27.6&#8243; _module_preset=&#8220;default&#8220; global_colors_info=&#8220;{}&#8220;]<\/p>\n<h3>Starter-Kit<\/h3>\n<p>Das komplette physische Kit: AR-Marker, gedrucktes Toolkit, drei Kartenspiele, plus Lizenzschl\u00fcssel f\u00fcr <em>Trouble with eLiza<\/em> (Lifetime) und <em>Last Seen Online<\/em> (\u00bd-Jahres-Test). Nur deutsche Inhalte. <\/p>\n<p>[\/et_pb_text][dsm_pricelist _builder_version=&#8220;4.27.6&#8243; _module_preset=&#8220;default&#8220; global_colors_info=&#8220;{}&#8220;][\/dsm_pricelist][et_pb_pricing_tables header_background_color=&#8220;gcid-02b3fa7c-43ea-44fc-beb4-5cf22f71017d&#8220; show_bullet=&#8220;off&#8220; show_featured_drop_shadow=&#8220;off&#8220; _builder_version=&#8220;4.27.6&#8243; _module_preset=&#8220;default&#8220; price_text_color=&#8220;gcid-primary-color&#8220; subheader_font=&#8220;||||||||&#8220; subheader_font_size=&#8220;17px&#8220; price_font=&#8220;|700|||||||&#8220; price_font_size=&#8220;64px&#8220; currency_frequency_font=&#8220;||||||||&#8220; currency_frequency_font_size=&#8220;24px&#8220; background_color=&#8220;#e8eade&#8220; max_width=&#8220;25%&#8220; max_width_tablet=&#8220;50%&#8220; max_width_phone=&#8220;100%&#8220; max_width_last_edited=&#8220;on|phone&#8220; module_alignment=&#8220;left&#8220; custom_margin=&#8220;||||false|false&#8220; custom_padding=&#8220;||||false|false&#8220; border_width_all=&#8220;3px&#8220; border_color_all=&#8220;#FFFFFF&#8220; global_colors_info=&#8220;{%22gcid-02b3fa7c-43ea-44fc-beb4-5cf22f71017d%22:%91%22header_background_color%22%93,%22gcid-primary-color%22:%91%22price_text_color%22%93}&#8220;][et_pb_pricing_table title=&#8220;Starter-Kit&#8220; subtitle=&#8220;Launch Edition&#8220; currency=&#8220;\u20ac&#8220; sum=&#8220;249&#8243; _builder_version=&#8220;4.27.6&#8243; _module_preset=&#8220;default&#8220; header_level=&#8220;h1&#8243; header_font_size=&#8220;40px&#8220; global_colors_info=&#8220;{}&#8220; sticky_transition=&#8220;on&#8220;]<\/p>\n<p>F\u00fcr die ersten 50 bestellten Kisten gibt es einen Rabatt.<\/p>\n<p>[\/et_pb_pricing_table][\/et_pb_pricing_tables][et_pb_button button_url=&#8220;https:\/\/escapefake.org\/de\/box\/&#8220; url_new_window=&#8220;on&#8220; button_text=&#8220;Siehe das Starter-Kit&#8220; button_alignment=&#8220;left&#8220; _builder_version=&#8220;4.27.6&#8243; _module_preset=&#8220;6afa31ba-adb1-4c21-aee5-b0eb05cd692c&#8220; button_icon=&#8220;&#xe092;||divi||400&#8243; global_colors_info=&#8220;{}&#8220;][\/et_pb_button][\/et_pb_column][\/et_pb_row][et_pb_row _builder_version=&#8220;4.27.6&#8243; _module_preset=&#8220;default&#8220; custom_padding=&#8220;||60px||false|false&#8220; global_colors_info=&#8220;{}&#8220;][et_pb_column type=&#8220;4_4&#8243; _builder_version=&#8220;4.27.6&#8243; _module_preset=&#8220;default&#8220; global_colors_info=&#8220;{}&#8220;][et_pb_text module_id=&#8220;plus-license&#8220; _builder_version=&#8220;4.27.6&#8243; _module_preset=&#8220;default&#8220; global_colors_info=&#8220;{}&#8220;]<\/p>\n<h3>Plus Lizenz<\/h3>\n<p>J\u00e4hrlicher digitaler Zugang zu jeder Premium-Mission, in jeder Sprache, die die App unterst\u00fctzt.<\/p>\n<p>[\/et_pb_text][dsm_pricelist _builder_version=&#8220;4.27.6&#8243; _module_preset=&#8220;default&#8220; global_colors_info=&#8220;{}&#8220;][\/dsm_pricelist][et_pb_pricing_tables header_background_color=&#8220;gcid-02b3fa7c-43ea-44fc-beb4-5cf22f71017d&#8220; show_bullet=&#8220;off&#8220; show_featured_drop_shadow=&#8220;off&#8220; _builder_version=&#8220;4.27.6&#8243; _module_preset=&#8220;default&#8220; price_text_color=&#8220;gcid-primary-color&#8220; subheader_font=&#8220;||||||||&#8220; subheader_font_size=&#8220;17px&#8220; price_font=&#8220;|700|||||||&#8220; price_font_size=&#8220;64px&#8220; currency_frequency_font=&#8220;||||||||&#8220; currency_frequency_font_size=&#8220;24px&#8220; background_color=&#8220;#e8eade&#8220; custom_margin=&#8220;||||false|false&#8220; custom_padding=&#8220;||||false|false&#8220; border_width_all=&#8220;3px&#8220; border_color_all=&#8220;#FFFFFF&#8220; global_colors_info=&#8220;{%22gcid-02b3fa7c-43ea-44fc-beb4-5cf22f71017d%22:%91%22header_background_color%22%93,%22gcid-primary-color%22:%91%22price_text_color%22%93}&#8220;][et_pb_pricing_table title=&#8220;XS&#8220; subtitle=&#8220;bis zu 100 Personen\/Studenten&#8220; currency=&#8220;\u20ac&#8220; per=&#8220;Jahr&#8220; sum=&#8220;49&#8243; _builder_version=&#8220;4.27.6&#8243; _module_preset=&#8220;default&#8220; global_colors_info=&#8220;{}&#8220; sticky_transition=&#8220;on&#8220;]<\/p>\n<p>CHF 59 \/ Jahr<\/p>\n<p>[\/et_pb_pricing_table][et_pb_pricing_table title=&#8220;S&#8220; subtitle=&#8220;bis zu 250 Personen\/Studenten&#8220; currency=&#8220;\u20ac&#8220; per=&#8220;Jahr&#8220; sum=&#8220;99&#8243; _builder_version=&#8220;4.27.6&#8243; _module_preset=&#8220;default&#8220; global_colors_info=&#8220;{}&#8220; sticky_transition=&#8220;on&#8220;]<\/p>\n<p>CHF 119 \/ Jahr<\/p>\n<p>[\/et_pb_pricing_table][et_pb_pricing_table title=&#8220;M&#8220; subtitle=&#8220;bis zu 500 Personen\/Studenten&#8220; currency=&#8220;\u20ac&#8220; per=&#8220;Jahr&#8220; sum=&#8220;169&#8243; _builder_version=&#8220;4.27.6&#8243; _module_preset=&#8220;default&#8220; global_colors_info=&#8220;{}&#8220; sticky_transition=&#8220;on&#8220;]<\/p>\n<p>CHF 199 \/ Jahr<\/p>\n<p>[\/et_pb_pricing_table][et_pb_pricing_table title=&#8220;L&#8220; subtitle=&#8220;\u00fcber 500 Personen\/Studenten&#8220; currency=&#8220;\u20ac&#8220; per=&#8220;Jahr&#8220; sum=&#8220;379&#8243; _builder_version=&#8220;4.27.6&#8243; _module_preset=&#8220;default&#8220; global_colors_info=&#8220;{}&#8220; sticky_transition=&#8220;on&#8220;]<\/p>\n<p>CHF 449 \/ Jahr<\/p>\n<p>[\/et_pb_pricing_table][\/et_pb_pricing_tables][et_pb_text _builder_version=&#8220;4.27.6&#8243; _module_preset=&#8220;default&#8220; global_colors_info=&#8220;{}&#8220;]<\/p>\n<p><em>Mit &#8222;Personen\/Sch\u00fclerinnen und Sch\u00fcler&#8220; ist die Gr\u00f6\u00dfe deiner Organisation\/Schule gemeint. Die XS-Stufe eignet sich sowohl f\u00fcr kleine Schulen und KMU als auch f\u00fcr einzelne Lehrkr\u00e4fte, die das Programm f\u00fcr eine oder zwei Klassen einsetzen. <\/em><\/p>\n<p><em>Die Plus-Lizenz kommt auf den <a class=\"underline underline underline-offset-2 decoration-1 decoration-current\/40 hover:decoration-current focus:decoration-current\" href=\"https:\/\/marktplatz-lernapps.at\/\">Marktplatz Lernapps<\/a>, so dass \u00f6sterreichische Schulen Escape Fake dort direkt bestellen k\u00f6nnen, sobald sie verf\u00fcgbar ist.<\/em><\/p>\n<p>[\/et_pb_text][et_pb_button button_url=&#8220;https:\/\/escapefake.org\/de\/game\/#plus-license&#8220; url_new_window=&#8220;on&#8220; button_text=&#8220;Siehe alle Details&#8220; button_alignment=&#8220;left&#8220; _builder_version=&#8220;4.27.6&#8243; _module_preset=&#8220;6afa31ba-adb1-4c21-aee5-b0eb05cd692c&#8220; button_icon=&#8220;&#xe092;||divi||400&#8243; global_colors_info=&#8220;{}&#8220;][\/et_pb_button][\/et_pb_column][\/et_pb_row][et_pb_row _builder_version=&#8220;4.27.6&#8243; _module_preset=&#8220;default&#8220; custom_padding=&#8220;||60px||false|false&#8220; global_colors_info=&#8220;{}&#8220;][et_pb_column type=&#8220;4_4&#8243; _builder_version=&#8220;4.27.6&#8243; _module_preset=&#8220;default&#8220; global_colors_info=&#8220;{}&#8220;][et_pb_text module_id=&#8220;plus-license&#8220; _builder_version=&#8220;4.27.6&#8243; _module_preset=&#8220;default&#8220; global_colors_info=&#8220;{}&#8220;]<\/p>\n<h3>Workshops<\/h3>\n<p>Halbt\u00e4giger Schnupperkurs (6h) oder komplettes Vertiefungsprogramm (16h), f\u00fcr P\u00e4dagogen, Multiplikatoren und Organisationen. Buchbar mit oder ohne Starter-Kit oder Plus-Lizenz. <\/p>\n<p>[\/et_pb_text][dsm_pricelist _builder_version=&#8220;4.27.6&#8243; _module_preset=&#8220;default&#8220; global_colors_info=&#8220;{}&#8220;][\/dsm_pricelist][et_pb_pricing_tables header_background_color=&#8220;gcid-02b3fa7c-43ea-44fc-beb4-5cf22f71017d&#8220; show_bullet=&#8220;off&#8220; show_featured_drop_shadow=&#8220;off&#8220; _builder_version=&#8220;4.27.6&#8243; _module_preset=&#8220;default&#8220; price_text_color=&#8220;gcid-primary-color&#8220; subheader_font=&#8220;||||||||&#8220; subheader_font_size=&#8220;17px&#8220; price_font=&#8220;|700|||||||&#8220; price_font_size=&#8220;42px&#8220; currency_frequency_font=&#8220;||||||||&#8220; currency_frequency_font_size=&#8220;24px&#8220; background_color=&#8220;#e8eade&#8220; max_width=&#8220;75%&#8220; max_width_tablet=&#8220;100%&#8220; max_width_phone=&#8220;100%&#8220; max_width_last_edited=&#8220;on|phone&#8220; custom_margin=&#8220;||||false|false&#8220; custom_padding=&#8220;||||false|false&#8220; border_width_all=&#8220;3px&#8220; border_color_all=&#8220;#FFFFFF&#8220; global_colors_info=&#8220;{%22gcid-02b3fa7c-43ea-44fc-beb4-5cf22f71017d%22:%91%22header_background_color%22%93,%22gcid-primary-color%22:%91%22price_text_color%22%93}&#8220;][et_pb_pricing_table title=&#8220;Edu&#8220; subtitle=&#8220;F\u00fcr Schulen und P\u00e4dagogen&#8220; currency=&#8220;max.  &#8220; sum=&#8220;12 Personen.&#8220; _builder_version=&#8220;4.27.6&#8243; _module_preset=&#8220;default&#8220; global_colors_info=&#8220;{}&#8220; sticky_transition=&#8220;on&#8220;]<\/p>\n<p>Schnupperkurs (6h) &#8211; ab \u20ac700<\/p>\n<p>Tieftauchgang (16h) &#8211; ab \u20ac1.600<\/p>\n<p>[\/et_pb_pricing_table][et_pb_pricing_table title=&#8220;Pro&#8220; subtitle=&#8220;F\u00fcr Organisationen und den \u00f6ffentlichen Sektor&#8220; currency=&#8220;max.  &#8220; sum=&#8220;12 Personen.&#8220; _builder_version=&#8220;4.27.6&#8243; _module_preset=&#8220;default&#8220; global_colors_info=&#8220;{}&#8220; sticky_transition=&#8220;on&#8220;]<\/p>\n<p>Schnupperkurs (6h) &#8211; ab \u20ac1.000<\/p>\n<p>Tieftauchgang (16h) &#8211; ab \u20ac 2.400<\/p>\n<p>[\/et_pb_pricing_table][\/et_pb_pricing_tables][et_pb_text _builder_version=&#8220;4.27.6&#8243; _module_preset=&#8220;default&#8220; global_colors_info=&#8220;{}&#8220;]<\/p>\n<p><em>Die Reisekosten werden pro Region aufgeschlagen (von 350 \u20ac\/Tag in AT\/DE-S\u00fcd bis zu 1.200 \u20ac\/Tag f\u00fcr EU-Reisen). Das endg\u00fcltige Angebot h\u00e4ngt von der Gruppengr\u00f6\u00dfe, dem Ort und der Modulauswahl ab. <\/em><\/p>\n<p>[\/et_pb_text][et_pb_button button_url=&#8220;https:\/\/escapefake.org\/de\/workshops\/&#8220; url_new_window=&#8220;on&#8220; button_text=&#8220;Workshop Details&#8220; button_alignment=&#8220;left&#8220; _builder_version=&#8220;4.27.6&#8243; _module_preset=&#8220;6afa31ba-adb1-4c21-aee5-b0eb05cd692c&#8220; button_icon=&#8220;&#xe092;||divi||400&#8243; global_colors_info=&#8220;{}&#8220;][\/et_pb_button][\/et_pb_column][\/et_pb_row][et_pb_row _builder_version=&#8220;4.27.6&#8243; _module_preset=&#8220;default&#8220; custom_padding=&#8220;||60px||false|false&#8220; global_colors_info=&#8220;{}&#8220;][et_pb_column type=&#8220;4_4&#8243; _builder_version=&#8220;4.27.6&#8243; _module_preset=&#8220;default&#8220; global_colors_info=&#8220;{}&#8220;][et_pb_text module_id=&#8220;plus-license&#8220; _builder_version=&#8220;4.27.6&#8243; _module_preset=&#8220;default&#8220; global_colors_info=&#8220;{}&#8220;]<\/p>\n<h3>Exhibition<\/h3>\n<p>Bringe Escape Fake als selbstlaufende medienp\u00e4dagogische Installation an deinen Veranstaltungsort. F\u00fcr Bibliotheken, Museen und Kultureinrichtungen. <\/p>\n<p>[\/et_pb_text][dsm_pricelist _builder_version=&#8220;4.27.6&#8243; _module_preset=&#8220;default&#8220; global_colors_info=&#8220;{}&#8220;][\/dsm_pricelist][et_pb_pricing_tables header_background_color=&#8220;gcid-02b3fa7c-43ea-44fc-beb4-5cf22f71017d&#8220; show_bullet=&#8220;off&#8220; show_featured_drop_shadow=&#8220;off&#8220; _builder_version=&#8220;4.27.6&#8243; _module_preset=&#8220;default&#8220; price_text_color=&#8220;gcid-primary-color&#8220; subheader_font=&#8220;||||||||&#8220; subheader_font_size=&#8220;17px&#8220; price_font=&#8220;|700|||||||&#8220; price_font_size=&#8220;42px&#8220; currency_frequency_font=&#8220;||||||||&#8220; currency_frequency_font_size=&#8220;24px&#8220; background_color=&#8220;#e8eade&#8220; max_width=&#8220;75%&#8220; max_width_tablet=&#8220;100%&#8220; max_width_phone=&#8220;100%&#8220; max_width_last_edited=&#8220;on|phone&#8220; custom_margin=&#8220;||||false|false&#8220; custom_padding=&#8220;||||false|false&#8220; border_width_all=&#8220;3px&#8220; border_color_all=&#8220;#FFFFFF&#8220; global_colors_info=&#8220;{%22gcid-02b3fa7c-43ea-44fc-beb4-5cf22f71017d%22:%91%22header_background_color%22%93,%22gcid-primary-color%22:%91%22price_text_color%22%93}&#8220;][et_pb_pricing_table title=&#8220;Edu&#8220; subtitle=&#8220;F\u00fcr Schulen und P\u00e4dagogen&#8220; currency=&#8220;von \u20ac&#8220; sum=&#8220;290&#8243; _builder_version=&#8220;4.27.6&#8243; _module_preset=&#8220;default&#8220; global_colors_info=&#8220;{}&#8220; sticky_transition=&#8220;on&#8220;]<\/p>\n<p>Digitales Basispaket: Enth\u00e4lt 20 Basisposter (digital), Markerbilder, Postkarten, Toolkit, Kartenspiele, Videos und 1 Stunde Online-Training.<\/p>\n<p>[\/et_pb_pricing_table][et_pb_pricing_table title=&#8220;Pro&#8220; subtitle=&#8220;F\u00fcr Organisationen und den \u00f6ffentlichen Sektor&#8220; currency=&#8220;  von \u20ac&#8220; sum=&#8220;1.000&#8243; _builder_version=&#8220;4.27.6&#8243; _module_preset=&#8220;default&#8220; global_colors_info=&#8220;{}&#8220; sticky_transition=&#8220;on&#8220;]<\/p>\n<p>Digitales Basispaket: Enth\u00e4lt 20 Basisposter (digital), Markerbilder, Postkarten, Toolkit, Kartenspiele, Videos und 1 Stunde Online-Training.<\/p>\n<p>[\/et_pb_pricing_table][\/et_pb_pricing_tables][et_pb_text _builder_version=&#8220;4.27.6&#8243; _module_preset=&#8220;default&#8220; global_colors_info=&#8220;{}&#8220;]<\/p>\n<p><em>Druckservice, interaktive Add-Ons, Sprachadaptionen und Workshops vor Ort werden auf Anfrage pro Projekt hinzugef\u00fcgt.<\/em><\/p>\n<p>[\/et_pb_text][et_pb_button button_url=&#8220;https:\/\/escapefake.org\/de\/workshops\/&#8220; url_new_window=&#8220;on&#8220; button_text=&#8220;Details zur Ausstellung&#8220; button_alignment=&#8220;left&#8220; _builder_version=&#8220;4.27.6&#8243; _module_preset=&#8220;6afa31ba-adb1-4c21-aee5-b0eb05cd692c&#8220; button_icon=&#8220;&#xe092;||divi||400&#8243; global_colors_info=&#8220;{}&#8220;][\/et_pb_button][\/et_pb_column][\/et_pb_row][et_pb_row _builder_version=&#8220;4.27.6&#8243; _module_preset=&#8220;default&#8220; global_colors_info=&#8220;{}&#8220;][et_pb_column type=&#8220;4_4&#8243; _builder_version=&#8220;4.27.6&#8243; _module_preset=&#8220;default&#8220; global_colors_info=&#8220;{}&#8220;][et_pb_text _builder_version=&#8220;4.27.6&#8243; _module_preset=&#8220;default&#8220; global_colors_info=&#8220;{}&#8220;]<\/p>\n<p>F\u00fcr die Bestellung mehrerer Kits, mehrj\u00e4hrige Plus-Lizenzen oder spezielle institutionelle Anforderungen, <a class=\"underline underline underline-offset-2 decoration-1 decoration-current\/40 hover:decoration-current focus:decoration-current\" href=\"https:\/\/escapefake.org\/de\/contact-us\/\">kontaktiere uns<\/a>. Wir schicken dir ein auf deinen Bedarf zugeschnittenes Angebot. <\/p>\n<p>[\/et_pb_text][\/et_pb_column][\/et_pb_row][\/et_pb_section][et_pb_section fb_built=&#8220;1&#8243; prev_background_color=&#8220;#ffffff&#8220; next_background_color=&#8220;gcid-1b4a3854-7b44-49f6-922e-e1ac36476373&#8243; _builder_version=&#8220;4.24.2&#8243; _module_preset=&#8220;default&#8220; background_color=&#8220;gcid-02b3fa7c-43ea-44fc-beb4-5cf22f71017d&#8220; custom_padding=&#8220;100px||100px|||&#8220; top_divider_style=&#8220;slant&#8220; bottom_divider_style=&#8220;slant&#8220; bottom_divider_flip=&#8220;horizontal&#8220; locked=&#8220;off&#8220; global_colors_info=&#8220;{%22gcid-02b3fa7c-43ea-44fc-beb4-5cf22f71017d%22:%91%22background_color%22%93}&#8220;][et_pb_row _builder_version=&#8220;4.21.0&#8243; _module_preset=&#8220;default&#8220; global_colors_info=&#8220;{}&#8220;][et_pb_column type=&#8220;4_4&#8243; _builder_version=&#8220;4.21.0&#8243; _module_preset=&#8220;default&#8220; global_colors_info=&#8220;{}&#8220;][dnxte_text_glitch glitch_text=&#8220;#escapefake&#8220; glitch_style=&#8220;7&#8243; glitch_text_color=&#8220;#ffffff&#8220; glitch_color_text_one=&#8220;gcid-095f3017-670a-4d45-bbf8-520034f23a92&#8243; glitch_color_text_two=&#8220;gcid-10af2232-749a-4596-b80f-ac0da0e0d2c2&#8243; glitch_position_left=&#8220;5px&#8220; glitch_position_right=&#8220;8px&#8220; disabled_on=&#8220;off|off|off&#8220; _builder_version=&#8220;4.24.2&#8243; _module_preset=&#8220;default&#8220; dnxt_glitch_fonts_text_align=&#8220;left&#8220; dnxt_glitch_fonts_font_size=&#8220;46px&#8220; position_origin_a=&#8220;bottom_right&#8220; width=&#8220;100%&#8220; dnxt_glitch_fonts_font_tablet=&#8220;&#8220; dnxt_glitch_fonts_font_phone=&#8220;&#8220; dnxt_glitch_fonts_font_last_edited=&#8220;on|phone&#8220; dnxt_glitch_fonts_font_size_tablet=&#8220;46px&#8220; dnxt_glitch_fonts_font_size_phone=&#8220;38px&#8220; dnxt_glitch_fonts_font_size_last_edited=&#8220;on|phone&#8220; global_colors_info=&#8220;{%22gcid-10af2232-749a-4596-b80f-ac0da0e0d2c2%22:%91%22glitch_color_text_two%22%93,%22gcid-095f3017-670a-4d45-bbf8-520034f23a92%22:%91%22glitch_color_text_one%22%93}&#8220;][\/dnxte_text_glitch][\/et_pb_column][\/et_pb_row][\/et_pb_section]<\/p>\n","protected":false},"excerpt":{"rendered":"<p>Pricing Ein kurzer \u00dcberblick \u00fcber unsere kostenpflichtigen Optionen. Folge den Links f\u00fcr weitere Details. Immer frei Museum of Fake und The Bus Situation kannst du mit der App und den gedruckten Markern kostenlos spielen.Starter-Kit Das komplette physische Kit: AR-Marker, gedrucktes Toolkit, drei Kartenspiele, plus Lizenzschl\u00fcssel f\u00fcr Trouble with eLiza (Lifetime) und Last Seen Online (\u00bd-Jahres-Test). [&hellip;]<\/p>\n","protected":false},"author":1,"featured_media":0,"parent":0,"menu_order":0,"comment_status":"closed","ping_status":"closed","template":"","meta":{"_et_pb_use_builder":"on","_et_pb_old_content":"","_et_gb_content_width":"","footnotes":""},"class_list":["post-5273","page","type-page","status-publish","hentry"],"_links":{"self":[{"href":"https:\/\/escapefake.org\/de\/wp-json\/wp\/v2\/pages\/5273","targetHints":{"allow":["GET"]}}],"collection":[{"href":"https:\/\/escapefake.org\/de\/wp-json\/wp\/v2\/pages"}],"about":[{"href":"https:\/\/escapefake.org\/de\/wp-json\/wp\/v2\/types\/page"}],"author":[{"embeddable":true,"href":"https:\/\/escapefake.org\/de\/wp-json\/wp\/v2\/users\/1"}],"replies":[{"embeddable":true,"href":"https:\/\/escapefake.org\/de\/wp-json\/wp\/v2\/comments?post=5273"}],"version-history":[{"count":4,"href":"https:\/\/escapefake.org\/de\/wp-json\/wp\/v2\/pages\/5273\/revisions"}],"predecessor-version":[{"id":5285,"href":"https:\/\/escapefake.org\/de\/wp-json\/wp\/v2\/pages\/5273\/revisions\/5285"}],"wp:attachment":[{"href":"https:\/\/escapefake.org\/de\/wp-json\/wp\/v2\/media?parent=5273"}],"curies":[{"name":"wp","href":"https:\/\/api.w.org\/{rel}","templated":true}]}}