{"id":4258,"date":"2023-10-31T17:38:26","date_gmt":"2023-10-31T16:38:26","guid":{"rendered":"https:\/\/escapefake.org\/nous-contacter\/"},"modified":"2025-07-07T16:59:03","modified_gmt":"2025-07-07T14:59:03","slug":"nous-contacter","status":"publish","type":"page","link":"https:\/\/escapefake.org\/fr\/nous-contacter\/","title":{"rendered":"Contact Us"},"content":{"rendered":"<p>[et_pb_section fb_built=\u00a0\u00bb1&Prime; _builder_version=\u00a0\u00bb4.16&Prime; global_colors_info=\u00a0\u00bb{}\u00a0\u00bb][et_pb_row _builder_version=\u00a0\u00bb4.16&Prime; background_size=\u00a0\u00bbinitial\u00a0\u00bb background_position=\u00a0\u00bbtop_left\u00a0\u00bb background_repeat=\u00a0\u00bbrepeat\u00a0\u00bb global_colors_info=\u00a0\u00bb{}\u00a0\u00bb][et_pb_column type=\u00a0\u00bb4_4&Prime; _builder_version=\u00a0\u00bb4.16&Prime; custom_padding=\u00a0\u00bb|||\u00a0\u00bb global_colors_info=\u00a0\u00bb{}\u00a0\u00bb custom_padding__hover=\u00a0\u00bb|||\u00a0\u00bb][et_pb_text _builder_version=\u00a0\u00bb4.21.0&Prime; _module_preset=\u00a0\u00bbdefault\u00a0\u00bb global_colors_info=\u00a0\u00bb{}\u00a0\u00bb]<\/p>\n<h1>Nous contacter<\/h1>\n<p>[\/et_pb_text][et_pb_text _builder_version=\u00a0\u00bb4.23&Prime; _module_preset=\u00a0\u00bbdefault\u00a0\u00bb global_colors_info=\u00a0\u00bb{}\u00a0\u00bb]<\/p>\n<p>Nous appr\u00e9cions le soutien offert par notre communaut\u00e9 pour traduire Escape Fake dans d&rsquo;autres langues. Actuellement, nous travaillons sur des traductions en danois, hongrois, italien et roumain. Si vous souhaitez nous aider \u00e0 traduire le jeu et\/ou le guide \u00e9ducatif, prenez contact avec nous ! Nous sommes \u00e9galement heureux d&rsquo;\u00e9changer avec des professionnels du monde universitaire, du journalisme, des m\u00e9dias, de l&rsquo;\u00e9ducation et d&rsquo;autres domaines qui s&rsquo;int\u00e9ressent \u00e0 notre travail. Si vous avez des suggestions concernant le jeu, ou si vous souhaitez collaborer avec nous, n&rsquo;h\u00e9sitez pas \u00e0 nous contacter.     <\/p>\n<p>[\/et_pb_text][\/et_pb_column][\/et_pb_row][et_pb_row _builder_version=\u00a0\u00bb4.23&Prime; _module_preset=\u00a0\u00bbdefault\u00a0\u00bb global_colors_info=\u00a0\u00bb{}\u00a0\u00bb][et_pb_column type=\u00a0\u00bb4_4&Prime; _builder_version=\u00a0\u00bb4.23&Prime; _module_preset=\u00a0\u00bbdefault\u00a0\u00bb global_colors_info=\u00a0\u00bb{}\u00a0\u00bb][wpforms_selector form_id=\u00a0\u00bb1272&Prime; show_title=\u00a0\u00bboff\u00a0\u00bb show_desc=\u00a0\u00bboff\u00a0\u00bb _builder_version=\u00a0\u00bb4.23&Prime; _module_preset=\u00a0\u00bbdefault\u00a0\u00bb global_colors_info=\u00a0\u00bb{}\u00a0\u00bb][\/wpforms_selector][\/et_pb_column][\/et_pb_row][\/et_pb_section]<\/p>\n","protected":false},"excerpt":{"rendered":"<p>Nous contacterNous appr\u00e9cions le soutien offert par notre communaut\u00e9 pour traduire Escape Fake dans d&rsquo;autres langues. Actuellement, nous travaillons sur des traductions en danois, hongrois, italien et roumain. Si vous souhaitez nous aider \u00e0 traduire le jeu et\/ou le guide \u00e9ducatif, prenez contact avec nous ! Nous sommes \u00e9galement heureux d&rsquo;\u00e9changer avec des professionnels du [&hellip;]<\/p>\n","protected":false},"author":1,"featured_media":0,"parent":0,"menu_order":0,"comment_status":"closed","ping_status":"closed","template":"","meta":{"_et_pb_use_builder":"on","_et_pb_old_content":"","_et_gb_content_width":"","footnotes":""},"class_list":["post-4258","page","type-page","status-publish","hentry"],"_links":{"self":[{"href":"https:\/\/escapefake.org\/fr\/wp-json\/wp\/v2\/pages\/4258","targetHints":{"allow":["GET"]}}],"collection":[{"href":"https:\/\/escapefake.org\/fr\/wp-json\/wp\/v2\/pages"}],"about":[{"href":"https:\/\/escapefake.org\/fr\/wp-json\/wp\/v2\/types\/page"}],"author":[{"embeddable":true,"href":"https:\/\/escapefake.org\/fr\/wp-json\/wp\/v2\/users\/1"}],"replies":[{"embeddable":true,"href":"https:\/\/escapefake.org\/fr\/wp-json\/wp\/v2\/comments?post=4258"}],"version-history":[{"count":10,"href":"https:\/\/escapefake.org\/fr\/wp-json\/wp\/v2\/pages\/4258\/revisions"}],"predecessor-version":[{"id":4448,"href":"https:\/\/escapefake.org\/fr\/wp-json\/wp\/v2\/pages\/4258\/revisions\/4448"}],"wp:attachment":[{"href":"https:\/\/escapefake.org\/fr\/wp-json\/wp\/v2\/media?parent=4258"}],"curies":[{"name":"wp","href":"https:\/\/api.w.org\/{rel}","templated":true}]}}