{"id":4316,"date":"2023-05-03T10:03:28","date_gmt":"2023-05-03T08:03:28","guid":{"rendered":"https:\/\/escapefake.org\/politique-de-confidentialite\/"},"modified":"2025-07-09T17:49:46","modified_gmt":"2025-07-09T15:49:46","slug":"politique-de-confidentialite","status":"publish","type":"page","link":"https:\/\/escapefake.org\/fr\/politique-de-confidentialite\/","title":{"rendered":"Privacy Policy"},"content":{"rendered":"<p>[et_pb_section fb_built=\u00a0\u00bb1&Prime; admin_label=\u00a0\u00bbsection\u00a0\u00bb _builder_version=\u00a0\u00bb4.16&Prime; global_colors_info=\u00a0\u00bb{}\u00a0\u00bb][et_pb_row admin_label=\u00a0\u00bbrow\u00a0\u00bb _builder_version=\u00a0\u00bb4.21.0&Prime; background_size=\u00a0\u00bbinitial\u00a0\u00bb background_position=\u00a0\u00bbtop_left\u00a0\u00bb background_repeat=\u00a0\u00bbrepeat\u00a0\u00bb global_colors_info=\u00a0\u00bb{}\u00a0\u00bb][et_pb_column type=\u00a0\u00bb4_4&Prime; _builder_version=\u00a0\u00bb4.16&Prime; custom_padding=\u00a0\u00bb|||\u00a0\u00bb global_colors_info=\u00a0\u00bb{}\u00a0\u00bb custom_padding__hover=\u00a0\u00bb|||\u00a0\u00bb][et_pb_text _builder_version=\u00a0\u00bb4.21.0&Prime; _module_preset=\u00a0\u00bbdefault\u00a0\u00bb global_colors_info=\u00a0\u00bb{}\u00a0\u00bb]<\/p>\n<h1>Politique de protection des donn\u00e9es<\/h1>\n<p>[\/et_pb_text][et_pb_text _builder_version=\u00a0\u00bb4.21.0&Prime; _module_preset=\u00a0\u00bbdefault\u00a0\u00bb global_colors_info=\u00a0\u00bb{}\u00a0\u00bb]<\/p>\n<p>Nous traitons les donn\u00e9es personnelles mentionn\u00e9es ci-dessous comme suit :<\/p>\n<p>[\/et_pb_text][et_pb_text _builder_version=\u00a0\u00bb4.21.0&Prime; _module_preset=\u00a0\u00bbdefault\u00a0\u00bb custom_margin=\u00a0\u00bb||0.5em||false|false\u00a0\u00bb global_colors_info=\u00a0\u00bb{}\u00a0\u00bb]<\/p>\n<h4>Donn\u00e9es concern\u00e9es, le cas \u00e9ch\u00e9ant<\/h4>\n<p>[\/et_pb_text][et_pb_text _builder_version=\u00a0\u00bb4.21.0&Prime; _module_preset=\u00a0\u00bbdefault\u00a0\u00bb global_colors_info=\u00a0\u00bb{}\u00a0\u00bb]<\/p>\n<p>Par sp\u00e9cification propre :<\/p>\n<ul>\n<ul>\n<li>Nom<\/li>\n<li>Adresse e-mail<\/li>\n<li>Num\u00e9ro de t\u00e9l\u00e9phone<\/li>\n<li>ID de l&rsquo;utilisateur<\/li>\n<\/ul>\n<\/ul>\n<\/p>\n<p>Par le biais d&rsquo;un traitement technique :<\/p>\n<ul>\n<ul>\n<li>Cookie de session<\/li>\n<li>Adresse IP<\/li>\n<li>Agent utilisateur du navigateur<\/li>\n<\/ul>\n<\/ul>\n<p>[\/et_pb_text][et_pb_text _builder_version=\u00a0\u00bb4.21.0&Prime; _module_preset=\u00a0\u00bbdefault\u00a0\u00bb custom_margin=\u00a0\u00bb||0.5em||false|false\u00a0\u00bb global_colors_info=\u00a0\u00bb{}\u00a0\u00bb]<\/p>\n<h4>Objectif<\/h4>\n<p>[\/et_pb_text][et_pb_text _builder_version=\u00a0\u00bb4.21.0&Prime; _module_preset=\u00a0\u00bbdefault\u00a0\u00bb global_colors_info=\u00a0\u00bb{}\u00a0\u00bb]<\/p>\n<p>Les donn\u00e9es seront trait\u00e9es uniquement \u00e0 des fins de communication.<\/p>\n<p>[\/et_pb_text][et_pb_text _builder_version=\u00a0\u00bb4.21.0&Prime; _module_preset=\u00a0\u00bbdefault\u00a0\u00bb custom_margin=\u00a0\u00bb||0.5em||false|false\u00a0\u00bb global_colors_info=\u00a0\u00bb{}\u00a0\u00bb]<\/p>\n<h4>Lieu de stockage<\/h4>\n<p>[\/et_pb_text][et_pb_text _builder_version=\u00a0\u00bb4.21.0&Prime; _module_preset=\u00a0\u00bbdefault\u00a0\u00bb hover_enabled=\u00a0\u00bb0&Prime; global_colors_info=\u00a0\u00bb{}\u00a0\u00bb sticky_enabled=\u00a0\u00bb0&Prime;]<\/p>\n<p><strong>Interne<\/strong><\/p>\n<p>Num\u00e9rique : ordinateurs portables, tablettes, smartphones, supports de donn\u00e9es externes<br \/>Analogique : carnets, calendriers, cartes de visite<\/p>\n<p>Le stockage a lieu \u00e0 l&#8217;emplacement de notre adresse commerciale, en partie mobile ou dans les bureaux \u00e0 domicile.<\/p>\n<p><strong>Externe<\/strong><br \/>Num\u00e9rique : votre p\u00e9riph\u00e9rique final (navigateur ou appli), serveur d&rsquo;application, serveur de base de donn\u00e9es, serveur de messagerie, stockage de sauvegarde<\/p>\n<p>&nbsp;<\/p>\n<ul>\n<li><strong>Hetzner Online GmbH<\/strong><br \/>Industriestra\u00dfe 25, 91710 Gunzenhausen, ALLEMAGNE<br \/>Politique de confidentialit\u00e9 : <a href=\"https:\/\/hetzner.de\/rechtliches\/datenschutz\" target=\"_blank\" rel=\"noopener\">hetzner.de\/rechtliches\/datenschutz<\/a><\/li>\n<li><strong>ALL-INKL.COM &#8211; Neue Medien M\u00fcnnich<\/strong><br \/>Hauptstra\u00dfe 68, 02742 Friedersdorf, ALLEMAGNE<br \/>Politique de confidentialit\u00e9 : <a href=\"https:\/\/all-inkl.com\/datenschutzinformationen\" target=\"_blank\" rel=\"noopener\">all-inkl.com\/datenschutzinformationen<\/a><\/li>\n<li><strong>Microsoft Corporation<\/strong><br \/>One Microsoft Way, Redmond, WA 98052-6399, USA<br \/>Politique de confidentialit\u00e9 : <a href=\"https:\/\/privacy.microsoft.com\/privacystatement\" target=\"_blank\" rel=\"noopener\">privacy.microsoft.com\/privacystatement<\/a><\/li>\n<\/ul>\n<p>[\/et_pb_text][et_pb_text _builder_version=\u00a0\u00bb4.21.0&Prime; _module_preset=\u00a0\u00bbdefault\u00a0\u00bb custom_margin=\u00a0\u00bb||0.5em||false|false\u00a0\u00bb global_colors_info=\u00a0\u00bb{}\u00a0\u00bb]<\/p>\n<h4>P\u00e9riode de conservation<\/h4>\n<p>[\/et_pb_text][et_pb_text _builder_version=\u00a0\u00bb4.21.0&Prime; _module_preset=\u00a0\u00bbdefault\u00a0\u00bb global_colors_info=\u00a0\u00bb{}\u00a0\u00bb]<\/p>\n<p>Nous ne conservons les donn\u00e9es que le temps n\u00e9cessaire ou a minima tant que l&rsquo;activit\u00e9 commerciale est en cours. Ce n&rsquo;est que dans le cas d&rsquo;exigences l\u00e9gales que nous sommes tenus de conserver les donn\u00e9es n\u00e9cessaires plus longtemps. <\/p>\n<p>Les donn\u00e9es peuvent \u00eatre incluses dans les sauvegardes automatiques pendant encore 3 semaines apr\u00e8s la suppression.<\/p>\n<p>\u00c0 des fins d&rsquo;analyse du site web, une valeur de hachage est calcul\u00e9e \u00e0 partir de la combinaison de votre adresse IP + l&rsquo;agent utilisateur du navigateur + une valeur al\u00e9atoire qui change tous les jours. Les donn\u00e9es sont ainsi anonymis\u00e9es quotidiennement. <\/p>\n<p>[\/et_pb_text][et_pb_text _builder_version=\u00a0\u00bb4.21.0&Prime; _module_preset=\u00a0\u00bbdefault\u00a0\u00bb custom_margin=\u00a0\u00bb||0.5em||false|false\u00a0\u00bb global_colors_info=\u00a0\u00bb{}\u00a0\u00bb]<\/p>\n<h4>Mesures de protection<\/h4>\n<p>[\/et_pb_text][et_pb_text _builder_version=\u00a0\u00bb4.21.0&Prime; _module_preset=\u00a0\u00bbdefault\u00a0\u00bb global_colors_info=\u00a0\u00bb{}\u00a0\u00bb]<\/p>\n<p>Toutes les mesures techniques sont \u00e0 la hauteur des techniques actuellement disponibles.<\/p>\n<p>[\/et_pb_text][et_pb_text _builder_version=\u00a0\u00bb4.21.0&Prime; _module_preset=\u00a0\u00bbdefault\u00a0\u00bb custom_margin=\u00a0\u00bb||0.5em||false|false\u00a0\u00bb global_colors_info=\u00a0\u00bb{}\u00a0\u00bb]<\/p>\n<h4>Risques<\/h4>\n<p>[\/et_pb_text][et_pb_text _builder_version=\u00a0\u00bb4.21.0&Prime; _module_preset=\u00a0\u00bbdefault\u00a0\u00bb global_colors_info=\u00a0\u00bb{}\u00a0\u00bb]<\/p>\n<p>Le traitement des donn\u00e9es personnelles comporte des risques. Malgr\u00e9 les mesures de pr\u00e9caution, les donn\u00e9es sont r\u00e9guli\u00e8rement vol\u00e9es par des tiers en raison de lacunes de s\u00e9curit\u00e9. Pendant le transport des donn\u00e9es, celles-ci peuvent \u00eatre intercept\u00e9es et d\u00e9crypt\u00e9es par des tiers. Il est possible que des m\u00e9tadonn\u00e9es soient enregistr\u00e9es pendant le transfert. Cela peut \u00eatre utilis\u00e9 pour cr\u00e9er un profil de votre personne num\u00e9rique.    <\/p>\n<p>[\/et_pb_text][et_pb_text _builder_version=\u00a0\u00bb4.21.0&Prime; _module_preset=\u00a0\u00bbdefault\u00a0\u00bb custom_margin=\u00a0\u00bb||0.5em||false|false\u00a0\u00bb custom_padding=\u00a0\u00bb1px|||||\u00a0\u00bb global_colors_info=\u00a0\u00bb{}\u00a0\u00bb]<\/p>\n<h4>Vos droits<\/h4>\n<p>[\/et_pb_text][et_pb_text _builder_version=\u00a0\u00bb4.21.0&Prime; _module_preset=\u00a0\u00bbdefault\u00a0\u00bb global_colors_info=\u00a0\u00bb{}\u00a0\u00bb]<\/p>\n<p>Vous avez le droit \u00e0 l&rsquo;information, \u00e0 la correction, \u00e0 la suppression, \u00e0 la restriction, \u00e0 la portabilit\u00e9 des donn\u00e9es, \u00e0 la r\u00e9vocation et \u00e0 l&rsquo;objection.<\/p>\n<p>Si vous pensez que nous enfreignons la loi sur la protection des donn\u00e9es, nous vous prions de nous contacter. Mais vous avez aussi le droit de d\u00e9poser une plainte aupr\u00e8s de l&rsquo;autorit\u00e9 comp\u00e9tente en mati\u00e8re de protection des donn\u00e9es.<br \/>Autriche : <a href=\"https:\/\/dsb.gv.at\/kontakt\" target=\"_blank\" rel=\"noopener\">dsb.gv.at\/kontakt<\/a> \/ autres pays : <a href=\"https:\/\/ec.europa.eu\" target=\"_blank\" rel=\"noopener\">ec.europa.eu<\/a> <\/p>\n<p>[\/et_pb_text][et_pb_text _builder_version=\u00a0\u00bb4.21.0&Prime; _module_preset=\u00a0\u00bbdefault\u00a0\u00bb custom_margin=\u00a0\u00bb||0.5em||false|false\u00a0\u00bb global_colors_info=\u00a0\u00bb{}\u00a0\u00bb]<\/p>\n<h4>Contact<\/h4>\n<p>[\/et_pb_text][et_pb_text _builder_version=\u00a0\u00bb4.21.0&Prime; _module_preset=\u00a0\u00bbdefault\u00a0\u00bb global_colors_info=\u00a0\u00bb{}\u00a0\u00bb]<\/p>\n<p>privacy@polycular.com<\/p>\n<p>[\/et_pb_text][et_pb_text _builder_version=\u00a0\u00bb4.21.0&Prime; _module_preset=\u00a0\u00bbdefault\u00a0\u00bb custom_margin=\u00a0\u00bb||0.5em||false|false\u00a0\u00bb global_colors_info=\u00a0\u00bb{}\u00a0\u00bb]<\/p>\n<h4>Responsable<\/h4>\n<p>[\/et_pb_text][et_pb_text _builder_version=\u00a0\u00bb4.21.0&Prime; _module_preset=\u00a0\u00bbdefault\u00a0\u00bb global_colors_info=\u00a0\u00bb{}\u00a0\u00bb]<\/p>\n<p>Polycular GmbH<br \/>Thomas Layer-Wagner \/ <a href=\"https:\/\/polycular.com\/imprint\" target=\"_blank\" rel=\"noopener\">polycular.com\/imprint<\/a><\/p>\n<p>[\/et_pb_text][et_pb_text _builder_version=\u00a0\u00bb4.21.0&Prime; _module_preset=\u00a0\u00bbdefault\u00a0\u00bb custom_margin=\u00a0\u00bb||0.5em||false|false\u00a0\u00bb global_colors_info=\u00a0\u00bb{}\u00a0\u00bb]<\/p>\n<h4>Version<\/h4>\n<p>[\/et_pb_text][et_pb_text _builder_version=\u00a0\u00bb4.21.0&Prime; _module_preset=\u00a0\u00bbdefault\u00a0\u00bb global_colors_info=\u00a0\u00bb{}\u00a0\u00bb]<\/p>\n<p>2022-08-30<\/p>\n<p>[\/et_pb_text][\/et_pb_column][\/et_pb_row][\/et_pb_section]<\/p>\n","protected":false},"excerpt":{"rendered":"<p>Politique de protection des donn\u00e9esNous traitons les donn\u00e9es personnelles mentionn\u00e9es ci-dessous comme suit :Donn\u00e9es concern\u00e9es, le cas \u00e9ch\u00e9antPar sp\u00e9cification propre : Nom Adresse e-mail Num\u00e9ro de t\u00e9l\u00e9phone ID de l&rsquo;utilisateur Par le biais d&rsquo;un traitement technique : Cookie de session Adresse IP Agent utilisateur du navigateur ObjectifLes donn\u00e9es seront trait\u00e9es uniquement \u00e0 des fins de [&hellip;]<\/p>\n","protected":false},"author":1,"featured_media":0,"parent":0,"menu_order":0,"comment_status":"closed","ping_status":"open","template":"","meta":{"_et_pb_use_builder":"on","_et_pb_old_content":"","_et_gb_content_width":"","footnotes":""},"class_list":["post-4316","page","type-page","status-publish","hentry"],"_links":{"self":[{"href":"https:\/\/escapefake.org\/fr\/wp-json\/wp\/v2\/pages\/4316","targetHints":{"allow":["GET"]}}],"collection":[{"href":"https:\/\/escapefake.org\/fr\/wp-json\/wp\/v2\/pages"}],"about":[{"href":"https:\/\/escapefake.org\/fr\/wp-json\/wp\/v2\/types\/page"}],"author":[{"embeddable":true,"href":"https:\/\/escapefake.org\/fr\/wp-json\/wp\/v2\/users\/1"}],"replies":[{"embeddable":true,"href":"https:\/\/escapefake.org\/fr\/wp-json\/wp\/v2\/comments?post=4316"}],"version-history":[{"count":10,"href":"https:\/\/escapefake.org\/fr\/wp-json\/wp\/v2\/pages\/4316\/revisions"}],"predecessor-version":[{"id":4596,"href":"https:\/\/escapefake.org\/fr\/wp-json\/wp\/v2\/pages\/4316\/revisions\/4596"}],"wp:attachment":[{"href":"https:\/\/escapefake.org\/fr\/wp-json\/wp\/v2\/media?parent=4316"}],"curies":[{"name":"wp","href":"https:\/\/api.w.org\/{rel}","templated":true}]}}