{"id":2569,"date":"2023-10-31T17:38:26","date_gmt":"2023-10-31T16:38:26","guid":{"rendered":"https:\/\/escapefake.org\/contact-us\/"},"modified":"2024-07-14T16:37:38","modified_gmt":"2024-07-14T14:37:38","slug":"contact-us","status":"publish","type":"page","link":"https:\/\/escapefake.org\/hu\/contact-us\/","title":{"rendered":"Contact us"},"content":{"rendered":"<p>[et_pb_section fb_built=&#8221;1&#8243; _builder_version=&#8221;4.16&#8243; global_colors_info=&#8221;{}&#8221;][et_pb_row _builder_version=&#8221;4.16&#8243; background_size=&#8221;initial&#8221; background_position=&#8221;top_left&#8221; background_repeat=&#8221;repeat&#8221; global_colors_info=&#8221;{}&#8221;][et_pb_column type=&#8221;4_4&#8243; _builder_version=&#8221;4.16&#8243; custom_padding=&#8221;|||&#8221; global_colors_info=&#8221;{}&#8221; custom_padding__hover=&#8221;|||&#8221;][et_pb_text _builder_version=&#8221;4.21.0&#8243; _module_preset=&#8221;default&#8221; global_colors_info=&#8221;{}&#8221;]<\/p>\n<h1>Kapcsolat<\/h1>\n<p>[\/et_pb_text][et_pb_text _builder_version=&#8221;4.23&#8243; _module_preset=&#8221;default&#8221; global_colors_info=&#8221;{}&#8221;]<\/p>\n<p>Nagyra \u00e9rt\u00e9kelj\u00fck a k\u00f6z\u00f6ss\u00e9g\u00fcnk \u00e1ltal az Escape Fake tov\u00e1bbi nyelvekre t\u00f6rt\u00e9n\u0151 leford\u00edt\u00e1s\u00e1hoz ny\u00fajtott t\u00e1mogat\u00e1st. Jelenleg a d\u00e1n, magyar, olasz \u00e9s rom\u00e1n nyelv\u0171 ford\u00edt\u00e1sokon dolgozunk. Ha szeretn\u00e9l t\u00e1mogatni minket a j\u00e1t\u00e9k \u00e9s\/vagy az eszk\u00f6zt\u00e1r ford\u00edt\u00e1s\u00e1ban, jelentkezz! Sz\u00edvesen felvessz\u00fck a kapcsolatot a tudom\u00e1nyos \u00e9let, az \u00fajs\u00e1g\u00edr\u00e1s, a m\u00e9dia, az oktat\u00e1s \u00e9s m\u00e1s ter\u00fcletek szakembereivel is, akiket \u00e9rdekel a munk\u00e1nk. Ha b\u00e1rmilyen javaslatod van a j\u00e1t\u00e9kkal kapcsolatban, vagy szeretn\u00e9l egy\u00fcttm\u0171k\u00f6dni, ne habozz, keress meg minket.  <\/p>\n<p>[\/et_pb_text][\/et_pb_column][\/et_pb_row][et_pb_row _builder_version=&#8221;4.23&#8243; _module_preset=&#8221;default&#8221; global_colors_info=&#8221;{}&#8221;][et_pb_column type=&#8221;4_4&#8243; _builder_version=&#8221;4.23&#8243; _module_preset=&#8221;default&#8221; global_colors_info=&#8221;{}&#8221;][wpforms_selector form_id=&#8221;1272&#8243; show_title=&#8221;off&#8221; show_desc=&#8221;off&#8221; _builder_version=&#8221;4.23&#8243; _module_preset=&#8221;default&#8221; global_colors_info=&#8221;{}&#8221;][\/wpforms_selector][\/et_pb_column][\/et_pb_row][\/et_pb_section]<\/p>\n","protected":false},"excerpt":{"rendered":"<p>KapcsolatNagyra \u00e9rt\u00e9kelj\u00fck a k\u00f6z\u00f6ss\u00e9g\u00fcnk \u00e1ltal az Escape Fake tov\u00e1bbi nyelvekre t\u00f6rt\u00e9n\u0151 leford\u00edt\u00e1s\u00e1hoz ny\u00fajtott t\u00e1mogat\u00e1st. Jelenleg a d\u00e1n, magyar, olasz \u00e9s rom\u00e1n nyelv\u0171 ford\u00edt\u00e1sokon dolgozunk. Ha szeretn\u00e9l t\u00e1mogatni minket a j\u00e1t\u00e9k \u00e9s\/vagy az eszk\u00f6zt\u00e1r ford\u00edt\u00e1s\u00e1ban, jelentkezz! Sz\u00edvesen felvessz\u00fck a kapcsolatot a tudom\u00e1nyos \u00e9let, az \u00fajs\u00e1g\u00edr\u00e1s, a m\u00e9dia, az oktat\u00e1s \u00e9s m\u00e1s ter\u00fcletek szakembereivel is, akiket \u00e9rdekel [&hellip;]<\/p>\n","protected":false},"author":1,"featured_media":0,"parent":0,"menu_order":0,"comment_status":"closed","ping_status":"closed","template":"","meta":{"_et_pb_use_builder":"on","_et_pb_old_content":"","_et_gb_content_width":"","footnotes":""},"class_list":["post-2569","page","type-page","status-publish","hentry"],"_links":{"self":[{"href":"https:\/\/escapefake.org\/hu\/wp-json\/wp\/v2\/pages\/2569","targetHints":{"allow":["GET"]}}],"collection":[{"href":"https:\/\/escapefake.org\/hu\/wp-json\/wp\/v2\/pages"}],"about":[{"href":"https:\/\/escapefake.org\/hu\/wp-json\/wp\/v2\/types\/page"}],"author":[{"embeddable":true,"href":"https:\/\/escapefake.org\/hu\/wp-json\/wp\/v2\/users\/1"}],"replies":[{"embeddable":true,"href":"https:\/\/escapefake.org\/hu\/wp-json\/wp\/v2\/comments?post=2569"}],"version-history":[{"count":10,"href":"https:\/\/escapefake.org\/hu\/wp-json\/wp\/v2\/pages\/2569\/revisions"}],"predecessor-version":[{"id":3841,"href":"https:\/\/escapefake.org\/hu\/wp-json\/wp\/v2\/pages\/2569\/revisions\/3841"}],"wp:attachment":[{"href":"https:\/\/escapefake.org\/hu\/wp-json\/wp\/v2\/media?parent=2569"}],"curies":[{"name":"wp","href":"https:\/\/api.w.org\/{rel}","templated":true}]}}