{"id":2902,"date":"2024-03-14T14:57:44","date_gmt":"2024-03-14T13:57:44","guid":{"rendered":"https:\/\/escapefake.org\/member-signup\/thank-you\/"},"modified":"2024-04-17T09:59:45","modified_gmt":"2024-04-17T07:59:45","slug":"thank-you","status":"publish","type":"page","link":"https:\/\/escapefake.org\/hu\/member-signup\/thank-you\/","title":{"rendered":"K\u00f6sz\u00f6nj\u00fck"},"content":{"rendered":"<p>[et_pb_section fb_built=&#8221;1&#8243; _builder_version=&#8221;4.16&#8243; global_colors_info=&#8221;{}&#8221;][et_pb_row _builder_version=&#8221;4.16&#8243; background_size=&#8221;initial&#8221; background_position=&#8221;top_left&#8221; background_repeat=&#8221;repeat&#8221; global_colors_info=&#8221;{}&#8221;][et_pb_column type=&#8221;4_4&#8243; _builder_version=&#8221;4.16&#8243; custom_padding=&#8221;|||&#8221; global_colors_info=&#8221;{}&#8221; custom_padding__hover=&#8221;|||&#8221;][et_pb_text _builder_version=&#8221;4.24.2&#8243; background_size=&#8221;initial&#8221; background_position=&#8221;top_left&#8221; background_repeat=&#8221;repeat&#8221; hover_enabled=&#8221;0&#8243; global_colors_info=&#8221;{}&#8221; sticky_enabled=&#8221;0&#8243;]<\/p>\n<p>Az \u00d6n feliratkoz\u00e1sa sikeres volt.<\/p>\n<p>[\/et_pb_text][\/et_pb_column][\/et_pb_row][\/et_pb_section]<\/p>\n","protected":false},"excerpt":{"rendered":"<p>Az \u00d6n feliratkoz\u00e1sa sikeres volt.<\/p>\n","protected":false},"author":2,"featured_media":0,"parent":2856,"menu_order":0,"comment_status":"closed","ping_status":"closed","template":"","meta":{"_et_pb_use_builder":"on","_et_pb_old_content":"","_et_gb_content_width":"","footnotes":""},"class_list":["post-2902","page","type-page","status-publish","hentry"],"_links":{"self":[{"href":"https:\/\/escapefake.org\/hu\/wp-json\/wp\/v2\/pages\/2902","targetHints":{"allow":["GET"]}}],"collection":[{"href":"https:\/\/escapefake.org\/hu\/wp-json\/wp\/v2\/pages"}],"about":[{"href":"https:\/\/escapefake.org\/hu\/wp-json\/wp\/v2\/types\/page"}],"author":[{"embeddable":true,"href":"https:\/\/escapefake.org\/hu\/wp-json\/wp\/v2\/users\/2"}],"replies":[{"embeddable":true,"href":"https:\/\/escapefake.org\/hu\/wp-json\/wp\/v2\/comments?post=2902"}],"version-history":[{"count":10,"href":"https:\/\/escapefake.org\/hu\/wp-json\/wp\/v2\/pages\/2902\/revisions"}],"predecessor-version":[{"id":3276,"href":"https:\/\/escapefake.org\/hu\/wp-json\/wp\/v2\/pages\/2902\/revisions\/3276"}],"up":[{"embeddable":true,"href":"https:\/\/escapefake.org\/hu\/wp-json\/wp\/v2\/pages\/2856"}],"wp:attachment":[{"href":"https:\/\/escapefake.org\/hu\/wp-json\/wp\/v2\/media?parent=2902"}],"curies":[{"name":"wp","href":"https:\/\/api.w.org\/{rel}","templated":true}]}}