{"id":2971,"date":"2024-03-14T14:57:44","date_gmt":"2024-03-14T13:57:44","guid":{"rendered":"https:\/\/escapefake.org\/member-area\/account\/"},"modified":"2024-04-17T09:59:15","modified_gmt":"2024-04-17T07:59:15","slug":"account","status":"publish","type":"page","link":"https:\/\/escapefake.org\/hu\/account\/","title":{"rendered":"Fi\u00f3k"},"content":{"rendered":"<p>[et_pb_section fb_built=&#8221;1&#8243; _builder_version=&#8221;4.24.2&#8243; _module_preset=&#8221;default&#8221; global_colors_info=&#8221;{}&#8221;][et_pb_row module_id=&#8221;get-started&#8221; _builder_version=&#8221;4.21.0&#8243; _module_preset=&#8221;default&#8221; locked=&#8221;off&#8221; global_colors_info=&#8221;{}&#8221;][et_pb_column type=&#8221;4_4&#8243; _builder_version=&#8221;4.21.0&#8243; _module_preset=&#8221;default&#8221; global_colors_info=&#8221;{}&#8221;][et_pb_text _builder_version=&#8221;4.24.3&#8243; _module_preset=&#8221;565ca5d8-2379-4624-9c67-e84671d1da36&#8243; header_2_text_color=&#8221;gcid-10af2232-749a-4596-b80f-ac0da0e0d2c2&#8243; background_color=&#8221;gcid-4f56aa54-3b36-4432-8908-d727fd88891e&#8221; custom_padding=&#8221;24px||22px|||&#8221; global_colors_info=&#8221;{%22gcid-1b4a3854-7b44-49f6-922e-e1ac36476373%22:%91%22text_text_color%22,%22text_text_color%22%93,%22gcid-10af2232-749a-4596-b80f-ac0da0e0d2c2%22:%91%22header_2_text_color%22%93,%22gcid-4f56aa54-3b36-4432-8908-d727fd88891e%22:%91%22background_color%22%93}&#8221;]<\/p>\n<h2 style=\"text-align: center;\">\u26a0\ufe0f \ud83d\udea7 Folyamatban \ud83d\udea7 \u26a0\ufe0f<\/h2>\n<p>[\/et_pb_text][\/et_pb_column][\/et_pb_row][et_pb_row _builder_version=&#8221;4.24.2&#8243; _module_preset=&#8221;default&#8221; global_colors_info=&#8221;{}&#8221;][et_pb_column type=&#8221;4_4&#8243; _builder_version=&#8221;4.24.2&#8243; _module_preset=&#8221;default&#8221; global_colors_info=&#8221;{}&#8221;][et_pb_code _builder_version=&#8221;4.24.3&#8243; _module_preset=&#8221;default&#8221; hover_enabled=&#8221;0&#8243; custom_css_free_form=&#8221;.mp_wrapper p, .mp_wrapper label {||  color: #000 !important;||}||||.mp_wrapper input, .mp_wrapper select {||  padding: 14px 1em !important;||  margin-bottom: 0.5em;||  border-radius: 3px;||  font-size: 16px;||}||||#mepr_agree_to_privacy_policy1 {||  -webkit-appearance: checkbox;||  width: 28px;||  height: 28px;||  margin: 0 0.8em 0 0;||  padding: 0;||  vertical-align: middle;||}||||.mp_wrapper input.mepr-submit {||  font-size: 20px;||  font-family: &#8216;Ubuntu&#8217;,Helvetica,Arial,Lucida,sans-serif;||  font-weight: 500;||  padding: 14px 5% !important;||  margin-bottom: 0.5em;||  border-radius: 3px;||  border-width: 0;||  color: white;||  background-color: #db0092;||}||||.mp_wrapper input.mepr-submit:hover {||  background-color: #e233a4 !important;||}&#8221; global_colors_info=&#8221;{}&#8221; sticky_enabled=&#8221;0&#8243;]<div class=\"mp_wrapper\">\n  <div class=\"mepr-unauthorized-message\">\n    You are unauthorized to view this page.  <\/div>\n  <div class=\"mepr-login-form-wrap\">\n            \n<div class=\"mp_wrapper mp_login_form\">\n                  <!-- mp-login-form-start -->     <form name=\"mepr_loginform\" id=\"mepr_loginform\" class=\"mepr-form\" action=\"https:\/\/escapefake.org\/login-new\/\" method=\"post\">\n            <div class=\"mp-form-row mepr_username\">\n        <div class=\"mp-form-label\">\n                              <label for=\"user_login\">Felhaszn\u00e1l\u00f3i n\u00e9v vagy E-mail<\/label>\n        <\/div>\n        <input type=\"text\" name=\"log\" id=\"user_login\" value=\"\" \/>\n      <\/div>\n      <div class=\"mp-form-row mepr_password\">\n        <div class=\"mp-form-label\">\n          <label for=\"user_pass\">Jelsz\u00f3<\/label>\n          <div class=\"mp-hide-pw\">\n            <input type=\"password\" name=\"pwd\" id=\"user_pass\" value=\"\" \/>\n            <button type=\"button\" class=\"button mp-hide-pw hide-if-no-js\" data-toggle=\"0\" aria-label=\"Show password\">\n              <span class=\"dashicons dashicons-visibility\" aria-hidden=\"true\"><\/span>\n            <\/button>\n          <\/div>\n        <\/div>\n      <\/div>\n            <div>\n        <label><input name=\"rememberme\" type=\"checkbox\" id=\"rememberme\" value=\"forever\" \/> Eml\u00e9kezz r\u00e1m<\/label>\n      <\/div>\n      <div class=\"mp-spacer\">&nbsp;<\/div>\n      <div class=\"submit\">\n        <input type=\"submit\" name=\"wp-submit\" id=\"wp-submit\" class=\"button-primary mepr-share-button \" value=\"Bejelentkez\u00e9s\" \/>\n        <input type=\"hidden\" name=\"redirect_to\" value=\"\/hu\/wp-json\/wp\/v2\/pages\/2971\" \/>\n        <input type=\"hidden\" name=\"mepr_process_login_form\" value=\"true\" \/>\n        <input type=\"hidden\" name=\"mepr_is_login_page\" value=\"false\" \/>\n      <\/div>\n    <\/form>\n    <div class=\"mp-spacer\">&nbsp;<\/div>\n    <div class=\"mepr-login-actions\">\n        <a\n          href=\"https:\/\/escapefake.org\/login-new\/?action=forgot_password\"\n          title=\"Click here to reset your password\"\n        >\n          Elfelejtettem a jelszavamat        <\/a>\n    <\/div>\n\n      \n    <!-- mp-login-form-end --> \n  <\/div>\n      <\/div>\n<\/div>\n[\/et_pb_code][\/et_pb_column][\/et_pb_row][et_pb_row module_id=&#8221;get-started&#8221; _builder_version=&#8221;4.21.0&#8243; _module_preset=&#8221;default&#8221; locked=&#8221;off&#8221; global_colors_info=&#8221;{}&#8221;][et_pb_column type=&#8221;4_4&#8243; _builder_version=&#8221;4.21.0&#8243; _module_preset=&#8221;default&#8221; global_colors_info=&#8221;{}&#8221;][et_pb_text _builder_version=&#8221;4.24.3&#8243; _module_preset=&#8221;565ca5d8-2379-4624-9c67-e84671d1da36&#8243; header_2_text_color=&#8221;gcid-10af2232-749a-4596-b80f-ac0da0e0d2c2&#8243; background_color=&#8221;gcid-4f56aa54-3b36-4432-8908-d727fd88891e&#8221; custom_padding=&#8221;24px||22px|||&#8221; global_colors_info=&#8221;{%22gcid-1b4a3854-7b44-49f6-922e-e1ac36476373%22:%91%22text_text_color%22,%22text_text_color%22%93,%22gcid-10af2232-749a-4596-b80f-ac0da0e0d2c2%22:%91%22header_2_text_color%22%93,%22gcid-4f56aa54-3b36-4432-8908-d727fd88891e%22:%91%22background_color%22%93}&#8221;]<\/p>\n<h2 style=\"text-align: center;\">\u26a0\ufe0f \ud83d\udea7 Folyamatban \ud83d\udea7 \u26a0\ufe0f<\/h2>\n<p>[\/et_pb_text][\/et_pb_column][\/et_pb_row][\/et_pb_section]<\/p>\n","protected":false},"excerpt":{"rendered":"<p>\u26a0\ufe0f \ud83d\udea7 Folyamatban \ud83d\udea7 \u26a0\ufe0f<div class=\"mp_wrapper\">\n  <div class=\"mepr-unauthorized-message\">\n    You are unauthorized to view this page.  <\/div>\n  <div class=\"mepr-login-form-wrap\">\n            \n<div class=\"mp_wrapper mp_login_form\">\n                  <!-- mp-login-form-start -->     <form name=\"mepr_loginform\" id=\"mepr_loginform\" class=\"mepr-form\" action=\"https:\/\/escapefake.org\/login-new\/\" method=\"post\">\n            <div class=\"mp-form-row mepr_username\">\n        <div class=\"mp-form-label\">\n                              <label for=\"user_login\">Felhaszn\u00e1l\u00f3i n\u00e9v vagy E-mail<\/label>\n        <\/div>\n        <input type=\"text\" name=\"log\" id=\"user_login\" value=\"\" \/>\n      <\/div>\n      <div class=\"mp-form-row mepr_password\">\n        <div class=\"mp-form-label\">\n          <label for=\"user_pass\">Jelsz\u00f3<\/label>\n          <div class=\"mp-hide-pw\">\n            <input type=\"password\" name=\"pwd\" id=\"user_pass\" value=\"\" \/>\n            <button type=\"button\" class=\"button mp-hide-pw hide-if-no-js\" data-toggle=\"0\" aria-label=\"Show password\">\n              <span class=\"dashicons dashicons-visibility\" aria-hidden=\"true\"><\/span>\n            <\/button>\n          <\/div>\n        <\/div>\n      <\/div>\n            <div>\n        <label><input name=\"rememberme\" type=\"checkbox\" id=\"rememberme\" value=\"forever\" \/> Eml\u00e9kezz r\u00e1m<\/label>\n      <\/div>\n      <div class=\"mp-spacer\">&nbsp;<\/div>\n      <div class=\"submit\">\n        <input type=\"submit\" name=\"wp-submit\" id=\"wp-submit\" class=\"button-primary mepr-share-button \" value=\"Bejelentkez\u00e9s\" \/>\n        <input type=\"hidden\" name=\"redirect_to\" value=\"\/hu\/wp-json\/wp\/v2\/pages\/2971\" \/>\n        <input type=\"hidden\" name=\"mepr_process_login_form\" value=\"true\" \/>\n        <input type=\"hidden\" name=\"mepr_is_login_page\" value=\"false\" \/>\n      <\/div>\n    <\/form>\n    <div class=\"mp-spacer\">&nbsp;<\/div>\n    <div class=\"mepr-login-actions\">\n        <a\n          href=\"https:\/\/escapefake.org\/login-new\/?action=forgot_password\"\n          title=\"Click here to reset your password\"\n        >\n          Elfelejtettem a jelszavamat        <\/a>\n    <\/div>\n\n      \n    <!-- mp-login-form-end --> \n  <\/div>\n      <\/div>\n<\/div>\n\u26a0\ufe0f \ud83d\udea7 Folyamatban \ud83d\udea7 \u26a0\ufe0f<\/p>\n","protected":false},"author":2,"featured_media":0,"parent":0,"menu_order":0,"comment_status":"closed","ping_status":"closed","template":"","meta":{"_et_pb_use_builder":"on","_et_pb_old_content":"","_et_gb_content_width":"","footnotes":""},"class_list":["post-2971","page","type-page","status-publish","hentry"],"_links":{"self":[{"href":"https:\/\/escapefake.org\/hu\/wp-json\/wp\/v2\/pages\/2971","targetHints":{"allow":["GET"]}}],"collection":[{"href":"https:\/\/escapefake.org\/hu\/wp-json\/wp\/v2\/pages"}],"about":[{"href":"https:\/\/escapefake.org\/hu\/wp-json\/wp\/v2\/types\/page"}],"author":[{"embeddable":true,"href":"https:\/\/escapefake.org\/hu\/wp-json\/wp\/v2\/users\/2"}],"replies":[{"embeddable":true,"href":"https:\/\/escapefake.org\/hu\/wp-json\/wp\/v2\/comments?post=2971"}],"version-history":[{"count":10,"href":"https:\/\/escapefake.org\/hu\/wp-json\/wp\/v2\/pages\/2971\/revisions"}],"predecessor-version":[{"id":3273,"href":"https:\/\/escapefake.org\/hu\/wp-json\/wp\/v2\/pages\/2971\/revisions\/3273"}],"wp:attachment":[{"href":"https:\/\/escapefake.org\/hu\/wp-json\/wp\/v2\/media?parent=2971"}],"curies":[{"name":"wp","href":"https:\/\/api.w.org\/{rel}","templated":true}]}}