{"id":781,"date":"2023-05-03T10:33:45","date_gmt":"2023-05-03T08:33:45","guid":{"rendered":"https:\/\/escapefake.org\/impresszum\/"},"modified":"2024-04-11T12:37:30","modified_gmt":"2024-04-11T10:37:30","slug":"imprint","status":"publish","type":"page","link":"https:\/\/escapefake.org\/hu\/imprint\/","title":{"rendered":"Imprint"},"content":{"rendered":"<p>[et_pb_section fb_built=&#8221;1&#8243; _builder_version=&#8221;4.16&#8243; global_colors_info=&#8221;{}&#8221;][et_pb_row _builder_version=&#8221;4.16&#8243; background_size=&#8221;initial&#8221; background_position=&#8221;top_left&#8221; background_repeat=&#8221;repeat&#8221; global_colors_info=&#8221;{}&#8221;][et_pb_column type=&#8221;4_4&#8243; _builder_version=&#8221;4.16&#8243; custom_padding=&#8221;|||&#8221; global_colors_info=&#8221;{}&#8221; custom_padding__hover=&#8221;|||&#8221;][et_pb_text _builder_version=&#8221;4.21.0&#8243; _module_preset=&#8221;default&#8221; hover_enabled=&#8221;0&#8243; sticky_enabled=&#8221;0&#8243;]<\/p>\n<h1>Impresszum<\/h1>\n<p>[\/et_pb_text][et_pb_text _builder_version=&#8221;4.21.0&#8243; _module_preset=&#8221;default&#8221; hover_enabled=&#8221;0&#8243; sticky_enabled=&#8221;0&#8243;]<\/p>\n<p>Polycular GmbH<br \/>Salzgasse 2<br \/>5400 Hallein<br \/>Ausztria<\/p>\n<p>info@polycular.com<\/p>\n<p>UID ATU76240417<br \/>Salzburgi B\u00edr\u00f3s\u00e1g<br \/>FN 410246d<\/p>\n<p>Salzburgi Gazdas\u00e1gi Kamara, UBIT<\/p>\n<p>[\/et_pb_text][et_pb_text _builder_version=&#8221;4.21.0&#8243; _module_preset=&#8221;default&#8221; hover_enabled=&#8221;0&#8243; sticky_enabled=&#8221;0&#8243;]<\/p>\n<h4>C\u00e9l<\/h4>\n<p>[\/et_pb_text][et_pb_text _builder_version=&#8221;4.21.0&#8243; background_size=&#8221;initial&#8221; background_position=&#8221;top_left&#8221; background_repeat=&#8221;repeat&#8221; hover_enabled=&#8221;0&#8243; global_colors_info=&#8221;{}&#8221; sticky_enabled=&#8221;0&#8243;]<\/p>\n<p>Az EscapeFake egy j\u00e1t\u00e9k az \u00e1lh\u00edrek ellen.<br \/>Egy alkalmaz\u00e1sb\u00f3l \u00e9s egy jel\u00f6l\u0151k\u00e9szletb\u0151l \u00e1ll.<\/p>\n<p><!-- \/divi:paragraph --><\/p>\n<p>[\/et_pb_text][\/et_pb_column][\/et_pb_row][\/et_pb_section]<\/p>\n","protected":false},"excerpt":{"rendered":"<p>ImpresszumPolycular GmbHSalzgasse 25400 HalleinAusztria info@polycular.com UID ATU76240417Salzburgi B\u00edr\u00f3s\u00e1gFN 410246d Salzburgi Gazdas\u00e1gi Kamara, UBITC\u00e9lAz EscapeFake egy j\u00e1t\u00e9k az \u00e1lh\u00edrek ellen.Egy alkalmaz\u00e1sb\u00f3l \u00e9s egy jel\u00f6l\u0151k\u00e9szletb\u0151l \u00e1ll.<\/p>\n","protected":false},"author":1,"featured_media":0,"parent":0,"menu_order":0,"comment_status":"closed","ping_status":"closed","template":"","meta":{"_et_pb_use_builder":"on","_et_pb_old_content":"","_et_gb_content_width":"","footnotes":""},"class_list":["post-781","page","type-page","status-publish","hentry"],"_links":{"self":[{"href":"https:\/\/escapefake.org\/hu\/wp-json\/wp\/v2\/pages\/781","targetHints":{"allow":["GET"]}}],"collection":[{"href":"https:\/\/escapefake.org\/hu\/wp-json\/wp\/v2\/pages"}],"about":[{"href":"https:\/\/escapefake.org\/hu\/wp-json\/wp\/v2\/types\/page"}],"author":[{"embeddable":true,"href":"https:\/\/escapefake.org\/hu\/wp-json\/wp\/v2\/users\/1"}],"replies":[{"embeddable":true,"href":"https:\/\/escapefake.org\/hu\/wp-json\/wp\/v2\/comments?post=781"}],"version-history":[{"count":9,"href":"https:\/\/escapefake.org\/hu\/wp-json\/wp\/v2\/pages\/781\/revisions"}],"predecessor-version":[{"id":2729,"href":"https:\/\/escapefake.org\/hu\/wp-json\/wp\/v2\/pages\/781\/revisions\/2729"}],"wp:attachment":[{"href":"https:\/\/escapefake.org\/hu\/wp-json\/wp\/v2\/media?parent=781"}],"curies":[{"name":"wp","href":"https:\/\/api.w.org\/{rel}","templated":true}]}}