{"id":877,"date":"2023-07-26T16:11:15","date_gmt":"2023-07-26T14:11:15","guid":{"rendered":"https:\/\/escapefake.org\/rolunk\/"},"modified":"2025-10-01T17:29:43","modified_gmt":"2025-10-01T15:29:43","slug":"about-us","status":"publish","type":"page","link":"https:\/\/escapefake.org\/hu\/about-us\/","title":{"rendered":"About us"},"content":{"rendered":"<p>[et_pb_section fb_built=&#8221;1&#8243; custom_padding_last_edited=&#8221;on|phone&#8221; _builder_version=&#8221;4.21.0&#8243; _module_preset=&#8221;default&#8221; background_color=&#8221;gcid-1b4a3854-7b44-49f6-922e-e1ac36476373&#8243; use_background_color_gradient=&#8221;on&#8221; background_color_gradient_stops=&#8221;gcid-86031d5b-0170-405c-b57e-166734aa8a67 0%|gcid-86031d5b-0170-405c-b57e-166734aa8a67 99%&#8221; background_color_gradient_overlays_image=&#8221;on&#8221; background_image=&#8221;https:\/\/escapefake.org\/wp-content\/uploads\/2023\/07\/hannah-in-museum-of-fake-scaled.jpg&#8221; parallax=&#8221;on&#8221; custom_padding=&#8221;120px||130px||false|false&#8221; custom_padding_tablet=&#8221;||110px||false|false&#8221; custom_padding_phone=&#8221;||60px||false|false&#8221; bottom_divider_style=&#8221;slant2&#8243; bottom_divider_color=&#8221;gcid-1b4a3854-7b44-49f6-922e-e1ac36476373&#8243; bottom_divider_height=&#8221;130px&#8221; bottom_divider_height_tablet=&#8221;110px&#8221; bottom_divider_height_phone=&#8221;60px&#8221; bottom_divider_height_last_edited=&#8221;on|phone&#8221; global_colors_info=&#8221;{%22gcid-1b4a3854-7b44-49f6-922e-e1ac36476373%22:%91%22bottom_divider_color%22,%22background_color_gradient_stops%22%93,%22gcid-86031d5b-0170-405c-b57e-166734aa8a67%22:%91%22background_color_gradient_stops%22%93}&#8221;][et_pb_row column_structure=&#8221;1_2,1_2&#8243; make_equal=&#8221;on&#8221; custom_padding_last_edited=&#8221;on|phone&#8221; _builder_version=&#8221;4.21.0&#8243; _module_preset=&#8221;default&#8221; background_color=&#8221;RGBA(255,255,255,0)&#8221; custom_padding=&#8221;||80px|||&#8221; custom_padding_tablet=&#8221;||80px|||&#8221; custom_padding_phone=&#8221;||20px||false|false&#8221; global_colors_info=&#8221;{}&#8221;][et_pb_column type=&#8221;1_2&#8243; _builder_version=&#8221;4.21.0&#8243; _module_preset=&#8221;default&#8221; global_colors_info=&#8221;{}&#8221;][et_pb_text _builder_version=&#8221;4.21.0&#8243; _module_preset=&#8221;_initial&#8221; global_colors_info=&#8221;{}&#8221;]<\/p>\n<h1>Az Escape Fake m\u00f6g\u00f6tt \u00e1ll\u00f3 csapatr\u00f3l<\/h1>\n<p>[\/et_pb_text][\/et_pb_column][et_pb_column type=&#8221;1_2&#8243; _builder_version=&#8221;4.21.0&#8243; _module_preset=&#8221;default&#8221; vertical_offset=&#8221;0px&#8221; horizontal_offset=&#8221;0px&#8221; global_colors_info=&#8221;{}&#8221;][\/et_pb_column][\/et_pb_row][et_pb_row column_structure=&#8221;1_2,1_2&#8243; _builder_version=&#8221;4.21.0&#8243; _module_preset=&#8221;default&#8221; global_colors_info=&#8221;{}&#8221;][et_pb_column type=&#8221;1_2&#8243; _builder_version=&#8221;4.21.0&#8243; _module_preset=&#8221;default&#8221; global_colors_info=&#8221;{}&#8221;][dnxte_text_glitch glitch_text=&#8221;#escapefake&#8221; glitch_style=&#8221;7&#8243; glitch_text_color=&#8221;#ffffff&#8221; glitch_color_text_one=&#8221;gcid-02b3fa7c-43ea-44fc-beb4-5cf22f71017d&#8221; glitch_color_text_two=&#8221;gcid-10af2232-749a-4596-b80f-ac0da0e0d2c2&#8243; glitch_position_left=&#8221;5px&#8221; glitch_position_right=&#8221;8px&#8221; disabled_on=&#8221;off|off|off&#8221; _builder_version=&#8221;4.21.0&#8243; _module_preset=&#8221;default&#8221; dnxt_glitch_fonts_text_align=&#8221;left&#8221; dnxt_glitch_fonts_font_size=&#8221;42px&#8221; position_origin_a=&#8221;bottom_right&#8221; width=&#8221;100%&#8221; dnxt_glitch_fonts_font_tablet=&#8221;&#8221; dnxt_glitch_fonts_font_phone=&#8221;&#8221; dnxt_glitch_fonts_font_last_edited=&#8221;on|phone&#8221; global_colors_info=&#8221;{%22gcid-02b3fa7c-43ea-44fc-beb4-5cf22f71017d%22:%91%22glitch_color_text_one%22%93,%22gcid-10af2232-749a-4596-b80f-ac0da0e0d2c2%22:%91%22glitch_color_text_two%22%93}&#8221;][\/dnxte_text_glitch][\/et_pb_column][et_pb_column type=&#8221;1_2&#8243; _builder_version=&#8221;4.21.0&#8243; _module_preset=&#8221;default&#8221; global_colors_info=&#8221;{}&#8221;][\/et_pb_column][\/et_pb_row][\/et_pb_section][et_pb_section fb_built=&#8221;1&#8243; custom_padding_last_edited=&#8221;on|phone&#8221; prev_background_color=&#8221;gcid-1b4a3854-7b44-49f6-922e-e1ac36476373&#8243; admin_label=&#8221;Stats&#8221; _builder_version=&#8221;4.21.0&#8243; _module_preset=&#8221;default&#8221; custom_padding=&#8221;100px||||false|false&#8221; custom_padding_tablet=&#8221;80px||||false|false&#8221; custom_padding_phone=&#8221;60px||||false|false&#8221; top_divider_style=&#8221;slant&#8221; top_divider_flip=&#8221;horizontal&#8221; top_divider_height_tablet=&#8221;80px&#8221; top_divider_height_phone=&#8221;60px&#8221; top_divider_height_last_edited=&#8221;on|tablet&#8221; collapsed=&#8221;on&#8221; global_colors_info=&#8221;{}&#8221;][et_pb_row column_structure=&#8221;1_2,1_2&#8243; _builder_version=&#8221;4.20.0&#8243; _module_preset=&#8221;default&#8221; custom_padding=&#8221;90px|||||&#8221; global_colors_info=&#8221;{}&#8221;][et_pb_column type=&#8221;1_2&#8243; _builder_version=&#8221;4.20.0&#8243; _module_preset=&#8221;default&#8221; global_colors_info=&#8221;{}&#8221;][et_pb_image src=&#8221;https:\/\/escapefake.org\/wp-content\/uploads\/2023\/07\/polycular_web.png&#8221; title_text=&#8221;polycular_web&#8221; url=&#8221;https:\/\/polycular.com&#8221; _builder_version=&#8221;4.21.0&#8243; _module_preset=&#8221;default&#8221; global_colors_info=&#8221;{}&#8221;][\/et_pb_image][\/et_pb_column][et_pb_column type=&#8221;1_2&#8243; _builder_version=&#8221;4.20.0&#8243; _module_preset=&#8221;default&#8221; global_colors_info=&#8221;{}&#8221;][et_pb_text _builder_version=&#8221;4.21.0&#8243; _module_preset=&#8221;565ca5d8-2379-4624-9c67-e84671d1da36&#8243; custom_padding=&#8221;||1px|||&#8221; global_colors_info=&#8221;{}&#8221;]<\/p>\n<p><span style=\"font-weight: 400;\">Interakt\u00edv tervez\u0151 \u00e9s technol\u00f3giai st\u00fadi\u00f3 vagyunk, amely a kreativit\u00e1s \u00e9s a technol\u00f3giai innov\u00e1ci\u00f3 p\u00e1ros\u00edt\u00e1s\u00e1val \u00e9lm\u00e9nytereket hoz l\u00e9tre a val\u00f3s \u00e9s virtu\u00e1lis vil\u00e1gban. T\u00f6bb mint 20 \u00e9ves munkatapasztalatunkkal olyan \u00e9rtelmes \u00e9s j\u00e1t\u00e9kos \u00e9lm\u00e9nyeket hozunk l\u00e9tre AR \u00e9s VR k\u00f6rnyezetben, amelyekkel a term\u00e9kek, koncepci\u00f3k vagy m\u00e1rk\u00e1k kiemelkednek a t\u00f6megb\u0151l. A j\u00f3l kidolgozott t\u00f6rt\u00e9netmes\u00e9l\u00e9s, a legmodernebb technol\u00f3gia \u00e9s a j\u00e1t\u00e9kos megk\u00f6zel\u00edt\u00e9s a term\u00e9keinket \u00e9s szolg\u00e1ltat\u00e1sainkat alak\u00edt\u00f3 alapvet\u0151 tulajdons\u00e1gok. <\/span><span style=\"font-weight: 400;\">Az \u00fcgyfeleknek v\u00e9gzett munk\u00e1nk mellett olyan saj\u00e1t fejleszt\u00e9s\u0171 projekteket dolgozunk ki, amelyek a t\u00e1rsadalmi felel\u0151ss\u00e9g\u00e9rzetben gy\u00f6kereznek a technol\u00f3gia szerep\u00e9vel kapcsolatban a j\u00f6v\u0151 vil\u00e1g\u00e1nak alak\u00edt\u00e1s\u00e1ban. <\/span> <\/p>\n<p>[\/et_pb_text][\/et_pb_column][\/et_pb_row][et_pb_row _builder_version=&#8221;4.21.0&#8243; _module_preset=&#8221;default&#8221; custom_margin=&#8221;50px|auto||auto||&#8221; custom_padding=&#8221;||0px|||&#8221; global_colors_info=&#8221;{}&#8221;][et_pb_column type=&#8221;4_4&#8243; _builder_version=&#8221;4.21.0&#8243; _module_preset=&#8221;default&#8221; global_colors_info=&#8221;{}&#8221;][et_pb_image src=&#8221;https:\/\/escapefake.org\/wp-content\/uploads\/2024\/08\/08_Escape-Fake_2.jpg&#8221; title_text=&#8221;EdTech_Teampic&#8221; show_in_lightbox=&#8221;on&#8221; force_fullwidth=&#8221;on&#8221; _builder_version=&#8221;4.27.0&#8243; _module_preset=&#8221;default&#8221; global_colors_info=&#8221;{}&#8221;][\/et_pb_image][\/et_pb_column][\/et_pb_row][\/et_pb_section][et_pb_section fb_built=&#8221;1&#8243; custom_padding_last_edited=&#8221;on|phone&#8221; admin_label=&#8221;Stats&#8221; _builder_version=&#8221;4.27.0&#8243; _module_preset=&#8221;default&#8221; background_color=&#8221;#211821&#8243; custom_padding=&#8221;100px||||false|false&#8221; custom_padding_tablet=&#8221;80px||||false|false&#8221; custom_padding_phone=&#8221;60px||||false|false&#8221; top_divider_style=&#8221;slant&#8221; top_divider_color=&#8221;#00a8a4&#8243; top_divider_flip=&#8221;horizontal|vertical&#8221; top_divider_height_tablet=&#8221;80px&#8221; top_divider_height_phone=&#8221;60px&#8221; top_divider_height_last_edited=&#8221;on|tablet&#8221; collapsed=&#8221;on&#8221; global_colors_info=&#8221;{}&#8221;][et_pb_row _builder_version=&#8221;4.27.0&#8243; _module_preset=&#8221;default&#8221; custom_padding=&#8221;|||7px||&#8221; global_colors_info=&#8221;{}&#8221;][et_pb_column type=&#8221;4_4&#8243; _builder_version=&#8221;4.21.0&#8243; _module_preset=&#8221;default&#8221; global_colors_info=&#8221;{}&#8221;][et_pb_text _builder_version=&#8221;4.27.0&#8243; _module_preset=&#8221;5b03e015-5bf1-45ed-88e6-00624ea990e1&#8243; header_text_color=&#8221;#FFFFFF&#8221; global_colors_info=&#8221;{}&#8221;]<\/p>\n<h1 style=\"text-align: center;\"><strong>A csapat<\/strong><\/h1>\n<p>[\/et_pb_text][\/et_pb_column][\/et_pb_row][et_pb_row _builder_version=&#8221;4.27.0&#8243; _module_preset=&#8221;default&#8221; custom_padding=&#8221;|||7px||&#8221; global_colors_info=&#8221;{}&#8221;][et_pb_column type=&#8221;4_4&#8243; _builder_version=&#8221;4.21.0&#8243; _module_preset=&#8221;default&#8221; global_colors_info=&#8221;{}&#8221;][et_pb_text _builder_version=&#8221;4.27.0&#8243; _module_preset=&#8221;8b0e713b-02fb-441f-9f2e-ac923feb2138&#8243; global_colors_info=&#8221;{}&#8221;]<\/p>\n<p style=\"text-align: center;\"><span style=\"font-weight: 400;\">Az Escape Fake fejleszt\u0151csapata a k\u00e9szs\u00e9gek sz\u00e9les sk\u00e1l\u00e1j\u00e1t \u00f6leli fel, bele\u00e9rtve a kreat\u00edv gy\u00e1rt\u00e1st, a tervez\u00e9st \u00e9s fejleszt\u00e9st, a m\u00e9diaoktat\u00e1st \u00e9s a felhaszn\u00e1l\u00f3-k\u00f6zpont\u00fa tervez\u00e9st. <\/span><\/p>\n<p>[\/et_pb_text][\/et_pb_column][\/et_pb_row][et_pb_row column_structure=&#8221;1_3,1_3,1_3&#8243; _builder_version=&#8221;4.27.4&#8243; _module_preset=&#8221;default&#8221; custom_padding=&#8221;|||7px||&#8221; global_colors_info=&#8221;{}&#8221;][et_pb_column type=&#8221;1_3&#8243; _builder_version=&#8221;4.27.4&#8243; _module_preset=&#8221;default&#8221; global_colors_info=&#8221;{}&#8221;][dnxte_team_overlay teamoverlay_image=&#8221;https:\/\/escapefake.org\/wp-content\/uploads\/2024\/08\/DSCF0893_irina.jpg&#8221; teamoverlay_name=&#8221;Irina Paraschivoiu&#8221; teamoverlay_position=&#8221;COO, Polycular; Co-initiator&#8221; _builder_version=&#8221;4.27.4&#8243; _module_preset=&#8221;default&#8221; global_colors_info=&#8221;{}&#8221;][\/dnxte_team_overlay][\/et_pb_column][et_pb_column type=&#8221;1_3&#8243; _builder_version=&#8221;4.21.0&#8243; _module_preset=&#8221;default&#8221; global_colors_info=&#8221;{}&#8221;][dnxte_team_overlay teamoverlay_image=&#8221;https:\/\/escapefake.org\/wp-content\/uploads\/2024\/08\/DSCF1000_thomas.jpg&#8221; teamoverlay_name=&#8221;Thomas Layer-Wagner&#8221; teamoverlay_position=&#8221;CEO, Polycular; Co-initiator&#8221; _builder_version=&#8221;4.27.0&#8243; _module_preset=&#8221;default&#8221; global_colors_info=&#8221;{}&#8221;][\/dnxte_team_overlay][\/et_pb_column][et_pb_column type=&#8221;1_3&#8243; _builder_version=&#8221;4.27.0&#8243; _module_preset=&#8221;default&#8221; global_colors_info=&#8221;{}&#8221;][dnxte_team_overlay teamoverlay_image=&#8221;https:\/\/escapefake.org\/wp-content\/uploads\/2024\/08\/DSCF0796_benjamin.jpg&#8221; teamoverlay_name=&#8221;Benjamin Arzt&#8221; teamoverlay_position=&#8221;Concept, Storytelling, 3D, Polycular&#8221; _builder_version=&#8221;4.27.0&#8243; _module_preset=&#8221;default&#8221; global_colors_info=&#8221;{}&#8221;][\/dnxte_team_overlay][\/et_pb_column][\/et_pb_row][et_pb_row column_structure=&#8221;1_3,1_3,1_3&#8243; _builder_version=&#8221;4.27.4&#8243; _module_preset=&#8221;default&#8221; custom_padding=&#8221;|||7px||&#8221; global_colors_info=&#8221;{}&#8221;][et_pb_column type=&#8221;1_3&#8243; _builder_version=&#8221;4.21.0&#8243; _module_preset=&#8221;default&#8221; global_colors_info=&#8221;{}&#8221;][dnxte_team_overlay teamoverlay_image=&#8221;https:\/\/escapefake.org\/wp-content\/uploads\/2024\/08\/DSCF0804_tobias.jpg&#8221; teamoverlay_name=&#8221;Tobias Hoffman&#8221; teamoverlay_position=&#8221;XR developer, Polycular&#8221; _builder_version=&#8221;4.27.0&#8243; _module_preset=&#8221;default&#8221; global_colors_info=&#8221;{}&#8221;][\/dnxte_team_overlay][\/et_pb_column][et_pb_column type=&#8221;1_3&#8243; _builder_version=&#8221;4.21.0&#8243; _module_preset=&#8221;default&#8221; global_colors_info=&#8221;{}&#8221;][dnxte_team_overlay teamoverlay_image=&#8221;https:\/\/escapefake.org\/wp-content\/uploads\/2024\/08\/DSCF0761_julian.jpg&#8221; teamoverlay_name=&#8221;Julian Watzinger&#8221; teamoverlay_position=&#8221;XR developer, Polycular&#8221; _builder_version=&#8221;4.27.0&#8243; _module_preset=&#8221;default&#8221; global_colors_info=&#8221;{}&#8221;][\/dnxte_team_overlay][\/et_pb_column][et_pb_column type=&#8221;1_3&#8243; _builder_version=&#8221;4.27.0&#8243; _module_preset=&#8221;default&#8221; global_colors_info=&#8221;{}&#8221;][dnxte_team_overlay teamoverlay_image=&#8221;https:\/\/escapefake.org\/wp-content\/uploads\/2024\/10\/1689077356267.jpg&#8221; teamoverlay_name=&#8221;Patrick Oberm\u00fcller&#8221; teamoverlay_position=&#8221;Game and web developer, Polycular&#8221; _builder_version=&#8221;4.27.0&#8243; _module_preset=&#8221;default&#8221; global_colors_info=&#8221;{}&#8221;][\/dnxte_team_overlay][\/et_pb_column][\/et_pb_row][et_pb_row _builder_version=&#8221;4.27.0&#8243; _module_preset=&#8221;default&#8221; custom_padding=&#8221;|||7px||&#8221; global_colors_info=&#8221;{}&#8221;][et_pb_column type=&#8221;4_4&#8243; _builder_version=&#8221;4.21.0&#8243; _module_preset=&#8221;default&#8221; global_colors_info=&#8221;{}&#8221;][et_pb_text _builder_version=&#8221;4.27.0&#8243; _module_preset=&#8221;8b0e713b-02fb-441f-9f2e-ac923feb2138&#8243; global_colors_info=&#8221;{}&#8221;]<\/p>\n<p style=\"text-align: center;\"><span style=\"font-weight: 400;\">Az Escape Fake kezdeti csapat\u00e1ban a Polycular t\u00e1rsalap\u00edt\u00f3ja, <strong>Robert Praxmarer<\/strong> (1976-2021), <strong>Simon Linder<\/strong> \u00e9s <strong>J\u00fcrgen Brunner <\/strong>is r\u00e9szt vett. <strong>Victoria G\u00f6tte <\/strong>\u00e9s<strong> Simone Feldbacher <\/strong>hozz\u00e1j\u00e1rult a 3D m\u0171v\u00e9szethez \u00e9s a di\u00e1kokkal \u00e9s pedag\u00f3gusokkal val\u00f3 k\u00f6z\u00f6s tervez\u00e9shez<strong>.<\/strong><strong> Susanna Vogel<\/strong> \u00e9s <strong>Lukas Rettenbacher <\/strong>az Escape Fake ki\u00e1ll\u00edt\u00e1s megtervez\u00e9s\u00e9ben \u00e9s kivitelez\u00e9s\u00e9ben seg\u00edtettek.  <\/span><\/p>\n<p>[\/et_pb_text][\/et_pb_column][\/et_pb_row][\/et_pb_section][et_pb_section fb_built=&#8221;1&#8243; custom_padding_last_edited=&#8221;on|phone&#8221; admin_label=&#8221;Stats&#8221; _builder_version=&#8221;4.27.0&#8243; _module_preset=&#8221;default&#8221; custom_padding=&#8221;100px||||false|false&#8221; custom_padding_tablet=&#8221;80px||||false|false&#8221; custom_padding_phone=&#8221;60px||||false|false&#8221; top_divider_style=&#8221;slant&#8221; top_divider_color=&#8221;#00a8a4&#8243; top_divider_flip=&#8221;horizontal&#8221; top_divider_height_tablet=&#8221;80px&#8221; top_divider_height_phone=&#8221;60px&#8221; top_divider_height_last_edited=&#8221;on|tablet&#8221; collapsed=&#8221;on&#8221; global_colors_info=&#8221;{}&#8221;][et_pb_row _builder_version=&#8221;4.27.0&#8243; _module_preset=&#8221;default&#8221; custom_padding=&#8221;|||7px||&#8221; global_colors_info=&#8221;{}&#8221;][et_pb_column type=&#8221;4_4&#8243; _builder_version=&#8221;4.21.0&#8243; _module_preset=&#8221;default&#8221; global_colors_info=&#8221;{}&#8221;][et_pb_text _builder_version=&#8221;4.27.0&#8243; _module_preset=&#8221;565ca5d8-2379-4624-9c67-e84671d1da36&#8243; header_text_color=&#8221;#000000&#8243; global_colors_info=&#8221;{}&#8221;]<\/p>\n<h1 style=\"text-align: center;\">Partnerek<\/h1>\n<p>[\/et_pb_text][\/et_pb_column][\/et_pb_row][et_pb_row _builder_version=&#8221;4.27.0&#8243; _module_preset=&#8221;default&#8221; custom_padding=&#8221;54px|||||&#8221; global_colors_info=&#8221;{}&#8221;][et_pb_column type=&#8221;4_4&#8243; _builder_version=&#8221;4.21.0&#8243; _module_preset=&#8221;default&#8221; global_colors_info=&#8221;{}&#8221;][et_pb_text _builder_version=&#8221;4.21.0&#8243; _module_preset=&#8221;565ca5d8-2379-4624-9c67-e84671d1da36&#8243; global_colors_info=&#8221;{}&#8221;]<\/p>\n<p><span style=\"font-size: 18px;\">Partnereink t\u00e1mogatnak benn\u00fcnket, akik kieg\u00e9sz\u00edt\u0151 tud\u00e1ssal rendelkeznek a k\u00f6z\u00f6s tervez\u00e9s \u00e9s a polg\u00e1rok bevon\u00e1sa, az \u00fajs\u00e1g\u00edr\u00e1s \u00e9s a t\u00e9nyellen\u0151rz\u00e9s, a m\u00e9diafigyel\u00e9s \u00e9s a tan\u00e1rk\u00e9pz\u00e9s ter\u00e9n. <\/span><\/p>\n<p>[\/et_pb_text][\/et_pb_column][\/et_pb_row][et_pb_row column_structure=&#8221;1_2,1_2&#8243; _builder_version=&#8221;4.27.0&#8243; _module_preset=&#8221;default&#8221; global_colors_info=&#8221;{}&#8221;][et_pb_column type=&#8221;1_2&#8243; _builder_version=&#8221;4.27.0&#8243; _module_preset=&#8221;default&#8221; global_colors_info=&#8221;{}&#8221;][et_pb_text _builder_version=&#8221;4.27.0&#8243; _module_preset=&#8221;565ca5d8-2379-4624-9c67-e84671d1da36&#8243; link_option_url=&#8221;https:\/\/www.dpa.com\/de&#8221; global_colors_info=&#8221;{}&#8221;]<\/p>\n<h3>Dpa<\/h3>\n<p>[\/et_pb_text][et_pb_text _builder_version=&#8221;4.27.0&#8243; _module_preset=&#8221;default&#8221; global_colors_info=&#8221;{}&#8221;]<\/p>\n<p><b>Deutsche Presse-Agentur (dpa)<\/b><span style=\"font-weight: 400;\"> A <strong>dpa<\/strong> a f\u00fcggetlen \u00e9s megb\u00edzhat\u00f3 h\u00edr\u00fajs\u00e1g\u00edr\u00e1s ir\u00e1nt elk\u00f6telezett eur\u00f3pai h\u00edr\u00fcgyn\u00f6ks\u00e9g. A <strong>dpa<\/strong> a Nemzetk\u00f6zi T\u00e9nyellen\u0151rz\u00e9si H\u00e1l\u00f3zat hiteles\u00edtett al\u00e1\u00edr\u00f3ja (\u00e9s az Eur\u00f3pai T\u00e9nyellen\u0151rz\u00e9si Szabv\u00e1nyok H\u00e1l\u00f3zat\u00e1nak vezet\u0151s\u00e9gi tagja). A <strong>dpa<\/strong> \u00fajs\u00e1g\u00edr\u00f3kat k\u00e9pez a t\u00e9nyellen\u0151rz\u00e9s ter\u00e9n, \u00e9s sz\u00e1mos nemzetk\u00f6zi kezdem\u00e9nyez\u00e9s \u00e9l\u00e9n \u00e1ll a m\u00e9diam\u0171velts\u00e9g ter\u00e9n. Jelenleg hozz\u00e1j\u00e1rulnak az Escape Fake tartalmi fejleszt\u00e9s\u00e9hez, \u00e9s N\u00e9metorsz\u00e1gban \u00fajs\u00e1g\u00edr\u00f3kkal, oktat\u00f3kkal \u00e9s di\u00e1kokkal egy\u00fctt tervez\u00e9si folyamatot folytatnak. Dpa-csapat: Teresa Dapp, Jacqueline Rother, Katharina Leidner.<\/span><\/p>\n<p><span style=\"font-weight: 400;\"><\/span><\/p>\n<p>[\/et_pb_text][\/et_pb_column][et_pb_column type=&#8221;1_2&#8243; _builder_version=&#8221;4.27.0&#8243; _module_preset=&#8221;default&#8221; global_colors_info=&#8221;{}&#8221;][et_pb_text _builder_version=&#8221;4.27.0&#8243; _module_preset=&#8221;565ca5d8-2379-4624-9c67-e84671d1da36&#8243; link_option_url=&#8221;https:\/\/waag.org\/en\/&#8221; global_colors_info=&#8221;{}&#8221;]<\/p>\n<h3>Waag Futurelab<\/h3>\n<p>[\/et_pb_text][et_pb_text _builder_version=&#8221;4.27.0&#8243; _module_preset=&#8221;default&#8221; custom_padding=&#8221;|||5px||&#8221; global_colors_info=&#8221;{}&#8221;]<\/p>\n<p>A <b>Waag Futurelab <\/b>egy amszterdami sz\u00e9khely\u0171 alap\u00edtv\u00e1ny, amely a technol\u00f3gia \u00e9s a t\u00e1rsadalom ter\u00fclet\u00e9n v\u00e9gzett nyilv\u00e1nos kutat\u00e1sokra \u00f6sszpontos\u00edt. A szervezet \u00fajonnan megjelen\u0151 technol\u00f3gi\u00e1kat kutat, k\u00eds\u00e9rleteket v\u00e9gez \u00e9s alternat\u00edv\u00e1kat tervez, amelyek a k\u00f6z\u00e9rt\u00e9keken \u00e9s a civil t\u00e1rsadalom bevon\u00e1s\u00e1n alapulnak. Az Escape Fake-ben a Maker Education Lab \u00e9s a Future Internet Lab csapatok vesznek r\u00e9szt, amelyek h\u00e1rom orsz\u00e1g \u00fajs\u00e1g\u00edr\u00f3ival, oktat\u00f3ival \u00e9s di\u00e1kjaival egy\u00fctt vezetik a k\u00f6z\u00f6s alkot\u00e1si \u00e9s k\u00f6z\u00f6s tervez\u00e9si folyamatot. Waag-csapat<span style=\"font-weight: 400;\">: Eva Vesseur, Julie Ng, Marit Hoefsloot, Leonie Grosse \u00d6sterdahl. <\/span>    <\/p>\n<p><span style=\"font-weight: 400;\"><\/span><\/p>\n<p><span style=\"font-weight: 400;\"><\/span><\/p>\n<p>[\/et_pb_text][\/et_pb_column][\/et_pb_row][et_pb_row column_structure=&#8221;1_2,1_2&#8243; _builder_version=&#8221;4.27.0&#8243; _module_preset=&#8221;default&#8221; global_colors_info=&#8221;{}&#8221;][et_pb_column type=&#8221;1_2&#8243; _builder_version=&#8221;4.27.0&#8243; _module_preset=&#8221;default&#8221; global_colors_info=&#8221;{}&#8221;][et_pb_text _builder_version=&#8221;4.27.0&#8243; _module_preset=&#8221;565ca5d8-2379-4624-9c67-e84671d1da36&#8243; global_colors_info=&#8221;{}&#8221;]<\/p>\n<h3>La Fabbrica<\/h3>\n<p>[\/et_pb_text][et_pb_text _builder_version=&#8221;4.27.0&#8243; _module_preset=&#8221;default&#8221; global_colors_info=&#8221;{}&#8221;]<\/p>\n<p>f\u00fcggetlen nemzetk\u00f6zi kommunik\u00e1ci\u00f3s \u00fcgyn\u00f6ks\u00e9g, amely az oktat\u00e1si kommunik\u00e1ci\u00f3s platformok \u00e9s kamp\u00e1nyok ter\u00fclet\u00e9n dolgozik. A La Fabbrica t\u00e1mogatja a Scuola.net-et, egy t\u00f6bb mint 200 000 tan\u00e1rt t\u00f6m\u00f6r\u00edt\u0151 k\u00f6z\u00f6ss\u00e9get \u00e9s egy digit\u00e1lis \u00f6kosziszt\u00e9m\u00e1t, amely tan\u00fas\u00edtott, ingyenes tan\u00edt\u00e1si tanfolyamokat biztos\u00edt.  A LaFabbrica t\u00e1mogatta az eszk\u00f6zk\u00e9szlet fejleszt\u00e9s\u00e9t \u00e9s vezette az online tanfolyam kidolgoz\u00e1s\u00e1t. A La Fabbrica csapata: Alice Bovone, Roberta Franceschetti, Elisa Salamini, Carolina Borella, Giulia Tincani.  <\/p>\n<p>[\/et_pb_text][\/et_pb_column][et_pb_column type=&#8221;1_2&#8243; _builder_version=&#8221;4.27.0&#8243; _module_preset=&#8221;default&#8221; global_colors_info=&#8221;{}&#8221;][et_pb_text _builder_version=&#8221;4.27.0&#8243; _module_preset=&#8221;565ca5d8-2379-4624-9c67-e84671d1da36&#8243; global_colors_info=&#8221;{}&#8221;]<\/p>\n<h3>Expert Forum<\/h3>\n<p>[\/et_pb_text][et_pb_text _builder_version=&#8221;4.27.0&#8243; _module_preset=&#8221;default&#8221; global_colors_info=&#8221;{}&#8221;]<\/p>\n<p>egy nonprofit szervezet \/ agytr\u00f6szt, amely az \u00e9rdek\u00e9rv\u00e9nyes\u00edt\u0151 oktat\u00e1sra, a m\u00e9diam\u0171velts\u00e9gre \u00e9s az akt\u00edv polg\u00e1ri szerepv\u00e1llal\u00e1sra szakosodott, \u00e9s sz\u00e1mos int\u00e9zm\u00e9nnyel, p\u00e9ld\u00e1ul az Eur\u00f3pai Bizotts\u00e1ggal, a Vil\u00e1gbankkal \u00e9s az UNDP-vel m\u0171k\u00f6dik egy\u00fctt. A Demokr\u00e1cia Iskol\u00e1n kereszt\u00fcl tan\u00e1rokat \u00e9s di\u00e1kokat vonnak be az \u00e9rdek\u00e9rv\u00e9nyes\u00edt\u00e9s \u00e9s a m\u00e9diam\u0171velts\u00e9g oktat\u00e1s\u00e1ba. Szak\u00e9rt\u0151i f\u00f3rum csapata: Ionita Sorin, Madalina Voinea, Nicoleta Popescu, Stefan Popa.   <\/p>\n<p>[\/et_pb_text][\/et_pb_column][\/et_pb_row][et_pb_row column_structure=&#8221;1_2,1_2&#8243; _builder_version=&#8221;4.27.0&#8243; _module_preset=&#8221;default&#8221; global_colors_info=&#8221;{}&#8221;][et_pb_column type=&#8221;1_2&#8243; _builder_version=&#8221;4.21.0&#8243; _module_preset=&#8221;default&#8221; global_colors_info=&#8221;{}&#8221;][et_pb_text _builder_version=&#8221;4.21.0&#8243; _module_preset=&#8221;565ca5d8-2379-4624-9c67-e84671d1da36&#8243; global_colors_info=&#8221;{}&#8221;]<\/p>\n<h3>Pro Progressione<\/h3>\n<p>egy nonprofit szervezet, amely a kort\u00e1rs m\u0171v\u00e9szeti termel\u00e9sre \u00f6sszpontos\u00edt. A Pro Progressione adott otthont a m\u0171v\u00e9szek rezidenci\u00e1j\u00e1nak \u00e9s az Escape Fake ki\u00e1ll\u00edt\u00e1son szerepl\u0151 f\u00fcggetlen m\u0171alkot\u00e1sok l\u00e9trehoz\u00e1s\u00e1nak. A Pro Progressione csapata: Kokai Nagy Timea, Petr\u00e1ny Barna.  <\/p>\n<p>[\/et_pb_text][\/et_pb_column][et_pb_column type=&#8221;1_2&#8243; _builder_version=&#8221;4.27.0&#8243; _module_preset=&#8221;default&#8221; global_colors_info=&#8221;{}&#8221;][\/et_pb_column][\/et_pb_row][\/et_pb_section]<\/p>\n","protected":false},"excerpt":{"rendered":"<p>Az Escape Fake m\u00f6g\u00f6tt \u00e1ll\u00f3 csapatr\u00f3l<div class=\"et_pb_module dnxte_text_glitch dnxte_text_glitch_0\">\n\t\t\t\t\n\t\t\t\t\n\t\t\t\t\n\t\t\t\t\n\t\t\t\t\n\t\t\t\t\n\t\t\t\t<div class=\"et_pb_module_inner\">\n\t\t\t\t\t<div class=\"dnxt-txt-glitch-wrap\">\r\n\t\t\t\t<div class= \"dnxt-glitch-text  dnxt-glitch-animation-7\">\r\n\t\t\t\t\t<h2 class=\"dnxt-glitch-text_heading\" data-text=\"#escapefake\">\r\n\t\t\t\t\t\t\t#escapefake\r\n\t\t\t\t\t<\/h2>\r\n\t\t\t\t<\/div>\r\n\t\t\t<\/div>\n\t\t\t\t<\/div>\n\t\t\t<\/div>Interakt\u00edv tervez\u0151 \u00e9s technol\u00f3giai st\u00fadi\u00f3 vagyunk, amely a kreativit\u00e1s \u00e9s a technol\u00f3giai innov\u00e1ci\u00f3 p\u00e1ros\u00edt\u00e1s\u00e1val \u00e9lm\u00e9nytereket hoz l\u00e9tre a val\u00f3s \u00e9s virtu\u00e1lis vil\u00e1gban. T\u00f6bb mint 20 \u00e9ves munkatapasztalatunkkal olyan \u00e9rtelmes \u00e9s j\u00e1t\u00e9kos \u00e9lm\u00e9nyeket [&hellip;]<\/p>\n","protected":false},"author":1,"featured_media":0,"parent":0,"menu_order":0,"comment_status":"closed","ping_status":"closed","template":"","meta":{"_et_pb_use_builder":"on","_et_pb_old_content":"","_et_gb_content_width":"","footnotes":""},"class_list":["post-877","page","type-page","status-publish","hentry"],"_links":{"self":[{"href":"https:\/\/escapefake.org\/hu\/wp-json\/wp\/v2\/pages\/877","targetHints":{"allow":["GET"]}}],"collection":[{"href":"https:\/\/escapefake.org\/hu\/wp-json\/wp\/v2\/pages"}],"about":[{"href":"https:\/\/escapefake.org\/hu\/wp-json\/wp\/v2\/types\/page"}],"author":[{"embeddable":true,"href":"https:\/\/escapefake.org\/hu\/wp-json\/wp\/v2\/users\/1"}],"replies":[{"embeddable":true,"href":"https:\/\/escapefake.org\/hu\/wp-json\/wp\/v2\/comments?post=877"}],"version-history":[{"count":10,"href":"https:\/\/escapefake.org\/hu\/wp-json\/wp\/v2\/pages\/877\/revisions"}],"predecessor-version":[{"id":4780,"href":"https:\/\/escapefake.org\/hu\/wp-json\/wp\/v2\/pages\/877\/revisions\/4780"}],"wp:attachment":[{"href":"https:\/\/escapefake.org\/hu\/wp-json\/wp\/v2\/media?parent=877"}],"curies":[{"name":"wp","href":"https:\/\/api.w.org\/{rel}","templated":true}]}}