{"id":896,"date":"2023-05-03T10:03:28","date_gmt":"2023-05-03T08:03:28","guid":{"rendered":"https:\/\/escapefake.org\/adatvedelmi-iranyelvek\/"},"modified":"2024-04-11T12:20:10","modified_gmt":"2024-04-11T10:20:10","slug":"privacy-policy","status":"publish","type":"page","link":"https:\/\/escapefake.org\/hu\/privacy-policy\/","title":{"rendered":"Privacy Policy"},"content":{"rendered":"<p>[et_pb_section fb_built=&#8221;1&#8243; admin_label=&#8221;section&#8221; _builder_version=&#8221;4.16&#8243; global_colors_info=&#8221;{}&#8221;][et_pb_row admin_label=&#8221;sor&#8221; _builder_version=&#8221;4.21.0&#8243; background_size=&#8221;initial&#8221; background_position=&#8221;top_left&#8221; background_repeat=&#8221;repeat&#8221; global_colors_info=&#8221;{}&#8221;][et_pb_column type=&#8221;4_4&#8243; _builder_version=&#8221;4.16&#8243; custom_padding=&#8221;|||&#8221; global_colors_info=&#8221;{}&#8221; custom_padding__hover=&#8221;|||&#8221;][et_pb_text _builder_version=&#8221;4.21.0&#8243; _module_preset=&#8221;default&#8221; global_colors_info=&#8221;{}&#8221;]<\/p>\n<h1>Adatv\u00e9delmi politika<\/h1>\n<p>[\/et_pb_text][et_pb_text _builder_version=&#8221;4.21.0&#8243; _module_preset=&#8221;default&#8221; global_colors_info=&#8221;{}&#8221;]<\/p>\n<p>Az al\u00e1bbi szem\u00e9lyes adatokat az al\u00e1bbiak szerint kezelj\u00fck.<\/p>\n<p>[\/et_pb_text][et_pb_text _builder_version=&#8221;4.21.0&#8243; _module_preset=&#8221;default&#8221; custom_margin=&#8221;||0.5em||false|false&#8221; global_colors_info=&#8221;{}&#8221;]<\/p>\n<h4>Adott esetben az \u00e9rintett adatok<\/h4>\n<p>[\/et_pb_text][et_pb_text _builder_version=&#8221;4.21.0&#8243; _module_preset=&#8221;default&#8221; global_colors_info=&#8221;{}&#8221;]<\/p>\n<p>Saj\u00e1t specifik\u00e1ci\u00f3 szerint:<\/p>\n<ul>\n<ul>\n<li>N\u00e9v<\/li>\n<li>E-mail c\u00edm<\/li>\n<li>Telefonsz\u00e1m<\/li>\n<li>Messenger azonos\u00edt\u00f3<\/li>\n<\/ul>\n<\/ul>\n<\/p>\n<p>Technikai feldolgoz\u00e1ssal:<\/p>\n<ul>\n<ul>\n<li>Munkamenet cookie<\/li>\n<li>IP-c\u00edm<\/li>\n<li>B\u00f6ng\u00e9sz\u0151 User-Agent<\/li>\n<\/ul>\n<\/ul>\n<p>[\/et_pb_text][et_pb_text _builder_version=&#8221;4.21.0&#8243; _module_preset=&#8221;default&#8221; custom_margin=&#8221;||0.5em||false|false&#8221; global_colors_info=&#8221;{}&#8221;]<\/p>\n<h4>C\u00e9l<\/h4>\n<p>[\/et_pb_text][et_pb_text _builder_version=&#8221;4.21.0&#8243; _module_preset=&#8221;default&#8221; global_colors_info=&#8221;{}&#8221;]<\/p>\n<p>Az adatok feldolgoz\u00e1sa kiz\u00e1r\u00f3lag a kommunik\u00e1ci\u00f3 c\u00e9lj\u00e1b\u00f3l t\u00f6rt\u00e9nik.<\/p>\n<p>[\/et_pb_text][et_pb_text _builder_version=&#8221;4.21.0&#8243; _module_preset=&#8221;default&#8221; custom_margin=&#8221;||0.5em||false|false&#8221; global_colors_info=&#8221;{}&#8221;]<\/p>\n<h4>T\u00e1rol\u00e1si hely<\/h4>\n<p>[\/et_pb_text][et_pb_text _builder_version=&#8221;4.21.0&#8243; _module_preset=&#8221;default&#8221; hover_enabled=&#8221;0&#8243; global_colors_info=&#8221;{}&#8221; sticky_enabled=&#8221;0&#8243;]<\/p>\n<p><strong>Bels\u0151<\/strong><\/p>\n<p>Digit\u00e1lis: notebookok, t\u00e1blag\u00e9pek, okostelefonok, k\u00fcls\u0151 adathordoz\u00f3k<br \/>Anal\u00f3g: jegyzetf\u00fczetek, napt\u00e1rak, n\u00e9vjegyk\u00e1rty\u00e1k<\/p>\n<p>A rakt\u00e1roz\u00e1s az \u00fczleti c\u00edm\u00fcnk\u00f6n, r\u00e9szben mobil vagy otthoni irodai helysz\u00edneken t\u00f6rt\u00e9nik.<\/p>\n<p><strong>K\u00fcls\u0151<\/strong><br \/>Digit\u00e1lis: az \u00d6n v\u00e9gberendez\u00e9se (b\u00f6ng\u00e9sz\u0151 vagy alkalmaz\u00e1s), alkalmaz\u00e1skiszolg\u00e1l\u00f3, adatb\u00e1zis-kiszolg\u00e1l\u00f3, levelez\u0151szerver, biztons\u00e1gi ment\u00e9s t\u00e1rol\u00f3ja.<\/p>\n<p>&nbsp;<\/p>\n<ul>\n<li><strong>Hetzner Online GmbH<\/strong><br \/>Industriestra\u00dfe 25, 91710 Gunzenhausen, N\u00e9metorsz\u00e1g<br \/>Adatv\u00e9delmi szab\u00e1lyzat: <a href=\"https:\/\/hetzner.de\/rechtliches\/datenschutz\" target=\"_blank\" rel=\"noopener\">hetzner.de\/rechtliches\/datenschutz<\/a><\/li>\n<li><strong>ALL-INKL.COM &#8211; Neue Medien M\u00fcnnich<\/strong><br \/>Hauptstra\u00dfe 68, 02742 Friedersdorf, N\u00c9METORSZ\u00c1G<br \/>Adatv\u00e9delmi ir\u00e1nyelvek: <a href=\"https:\/\/all-inkl.com\/datenschutzinformationen\" target=\"_blank\" rel=\"noopener\">all-inkl.com\/datenschutzinformation<\/a><\/li>\n<li><strong>Microsoft Corporation<\/strong><br \/>One Microsoft Way, Redmond, WA 98052-6399, USA<br \/>Adatv\u00e9delmi ir\u00e1nyelvek: <a href=\"https:\/\/privacy.microsoft.com\/privacystatement\" target=\"_blank\" rel=\"noopener\">privacy.microsoft.com\/privacystatement<\/a><\/li>\n<\/ul>\n<p>[\/et_pb_text][et_pb_text _builder_version=&#8221;4.21.0&#8243; _module_preset=&#8221;default&#8221; custom_margin=&#8221;||0.5em||false|false&#8221; global_colors_info=&#8221;{}&#8221;]<\/p>\n<h4>Meg\u0151rz\u00e9si id\u0151szak<\/h4>\n<p>[\/et_pb_text][et_pb_text _builder_version=&#8221;4.21.0&#8243; _module_preset=&#8221;default&#8221; global_colors_info=&#8221;{}&#8221;]<\/p>\n<p>Az adatokat csak addig t\u00e1roljuk, am\u00edg sz\u00fcks\u00e9ges, vagy legal\u00e1bbis am\u00edg az \u00fczleti tev\u00e9kenys\u00e9g folyamatban van. Csak jogi k\u00f6vetelm\u00e9nyek eset\u00e9n kell hosszabb ideig t\u00e1rolnunk a sz\u00fcks\u00e9ges adatokat.<\/p>\n<p>Az adatok a t\u00f6rl\u00e9s ut\u00e1n m\u00e9g 3 h\u00e9tig szerepelhetnek az automatikus biztons\u00e1gi ment\u00e9sekben.<\/p>\n<p>A weboldal-elemz\u00e9si c\u00e9lokra egy hash-\u00e9rt\u00e9ket az \u00d6n IP-c\u00edm\u00e9nek + a b\u00f6ng\u00e9sz\u0151 felhaszn\u00e1l\u00f3i \u00fcgyn\u00f6k\u00e9nek + egy v\u00e9letlenszer\u0171, naponta v\u00e1ltoz\u00f3 \u00e9rt\u00e9k kombin\u00e1ci\u00f3j\u00e1b\u00f3l sz\u00e1m\u00edtj\u00e1k ki. Az adatokat \u00edgy naponta anonimiz\u00e1lj\u00e1k.<\/p>\n<p>[\/et_pb_text][et_pb_text _builder_version=&#8221;4.21.0&#8243; _module_preset=&#8221;default&#8221; custom_margin=&#8221;||0.5em||false|false&#8221; global_colors_info=&#8221;{}&#8221;]<\/p>\n<h4>V\u00e9d\u0151int\u00e9zked\u00e9sek<\/h4>\n<p>[\/et_pb_text][et_pb_text _builder_version=&#8221;4.21.0&#8243; _module_preset=&#8221;default&#8221; global_colors_info=&#8221;{}&#8221;]<\/p>\n<p>Minden m\u0171szaki int\u00e9zked\u00e9s megfelel a technika jelenlegi \u00e1ll\u00e1s\u00e1nak.<\/p>\n<p>[\/et_pb_text][et_pb_text _builder_version=&#8221;4.21.0&#8243; _module_preset=&#8221;default&#8221; custom_margin=&#8221;||0.5em||false|false&#8221; global_colors_info=&#8221;{}&#8221;]<\/p>\n<h4>Vesz\u00e9lyek<\/h4>\n<p>[\/et_pb_text][et_pb_text _builder_version=&#8221;4.21.0&#8243; _module_preset=&#8221;default&#8221; global_colors_info=&#8221;{}&#8221;]<\/p>\n<p>A szem\u00e9lyes adatok kezel\u00e9se kock\u00e1zatokkal j\u00e1r. Az \u00f3vint\u00e9zked\u00e9sek ellen\u00e9re a biztons\u00e1gi hi\u00e1nyoss\u00e1gok miatt harmadik felek ism\u00e9telten ellopj\u00e1k az adatokat. Az adatok sz\u00e1ll\u00edt\u00e1sa sor\u00e1n harmadik felek lehallgathatj\u00e1k \u00e9s visszafejthetik azokat. Lehets\u00e9ges, hogy a metaadatokat menet k\u00f6zben napl\u00f3zz\u00e1k. Ez a digit\u00e1lis szem\u00e9ly profilj\u00e1nak l\u00e9trehoz\u00e1s\u00e1ra haszn\u00e1lhat\u00f3.<\/p>\n<p>[\/et_pb_text][et_pb_text _builder_version=&#8221;4.21.0&#8243; _module_preset=&#8221;default&#8221; custom_margin=&#8221;||0.5em||false|false&#8221; custom_padding=&#8221;1px|||||&#8221; global_colors_info=&#8221;{}&#8221;]<\/p>\n<h4>Az \u00d6n jogai<\/h4>\n<p>[\/et_pb_text][et_pb_text _builder_version=&#8221;4.21.0&#8243; _module_preset=&#8221;default&#8221; global_colors_info=&#8221;{}&#8221;]<\/p>\n<p>\u00d6nnek joga van a t\u00e1j\u00e9koztat\u00e1shoz, helyesb\u00edt\u00e9shez, t\u00f6rl\u00e9shez, korl\u00e1toz\u00e1shoz, adathordozhat\u00f3s\u00e1ghoz, visszavon\u00e1shoz \u00e9s tiltakoz\u00e1shoz.<\/p>\n<p>Amennyiben \u00fagy gondolja, hogy megs\u00e9rtett\u00fck az adatv\u00e9delmi t\u00f6rv\u00e9nyt, k\u00e9rj\u00fck, vegye fel vel\u00fcnk a kapcsolatot. \u00d6nnek azonban joga van panaszt tenni az illet\u00e9kes adatv\u00e9delmi hat\u00f3s\u00e1gn\u00e1l is.<br \/>Ausztria: <a href=\"https:\/\/dsb.gv.at\/kontakt\" target=\"_blank\" rel=\"noopener\">dsb.gv.at\/kontakt<\/a> \/ egy\u00e9b orsz\u00e1gok: <a href=\"https:\/\/ec.europa.eu\" target=\"_blank\" rel=\"noopener\">ec.europa.eu<\/a><\/p>\n<p>[\/et_pb_text][et_pb_text _builder_version=&#8221;4.21.0&#8243; _module_preset=&#8221;default&#8221; custom_margin=&#8221;||0.5em||false|false&#8221; global_colors_info=&#8221;{}&#8221;]<\/p>\n<h4>Kapcsolat<\/h4>\n<p>[\/et_pb_text][et_pb_text _builder_version=&#8221;4.21.0&#8243; _module_preset=&#8221;default&#8221; global_colors_info=&#8221;{}&#8221;]<\/p>\n<p>privacy@polycular.com<\/p>\n<p>[\/et_pb_text][et_pb_text _builder_version=&#8221;4.21.0&#8243; _module_preset=&#8221;default&#8221; custom_margin=&#8221;||0.5em||false|false&#8221; global_colors_info=&#8221;{}&#8221;]<\/p>\n<h4>Felel\u0151s<\/h4>\n<p>[\/et_pb_text][et_pb_text _builder_version=&#8221;4.21.0&#8243; _module_preset=&#8221;default&#8221; global_colors_info=&#8221;{}&#8221;]<\/p>\n<p>Polycular GmbH<br \/>Thomas Layer-Wagner) \/ <a href=\"https:\/\/polycular.com\/imprint\" target=\"_blank\" rel=\"noopener\">polycular.com\/imprint<\/a><\/p>\n<p>[\/et_pb_text][et_pb_text _builder_version=&#8221;4.21.0&#8243; _module_preset=&#8221;default&#8221; custom_margin=&#8221;||0.5em||false|false&#8221; global_colors_info=&#8221;{}&#8221;]<\/p>\n<h4>Verzi\u00f3<\/h4>\n<p>[\/et_pb_text][et_pb_text _builder_version=&#8221;4.21.0&#8243; _module_preset=&#8221;default&#8221; global_colors_info=&#8221;{}&#8221;]<\/p>\n<p>2022-08-30<\/p>\n<p>[\/et_pb_text][\/et_pb_column][\/et_pb_row][\/et_pb_section]<\/p>\n","protected":false},"excerpt":{"rendered":"<p>Adatv\u00e9delmi politikaAz al\u00e1bbi szem\u00e9lyes adatokat az al\u00e1bbiak szerint kezelj\u00fck.Adott esetben az \u00e9rintett adatokSaj\u00e1t specifik\u00e1ci\u00f3 szerint: N\u00e9v E-mail c\u00edm Telefonsz\u00e1m Messenger azonos\u00edt\u00f3 Technikai feldolgoz\u00e1ssal: Munkamenet cookie IP-c\u00edm B\u00f6ng\u00e9sz\u0151 User-Agent C\u00e9lAz adatok feldolgoz\u00e1sa kiz\u00e1r\u00f3lag a kommunik\u00e1ci\u00f3 c\u00e9lj\u00e1b\u00f3l t\u00f6rt\u00e9nik.T\u00e1rol\u00e1si helyBels\u0151 Digit\u00e1lis: notebookok, t\u00e1blag\u00e9pek, okostelefonok, k\u00fcls\u0151 adathordoz\u00f3kAnal\u00f3g: jegyzetf\u00fczetek, napt\u00e1rak, n\u00e9vjegyk\u00e1rty\u00e1k A rakt\u00e1roz\u00e1s az \u00fczleti c\u00edm\u00fcnk\u00f6n, r\u00e9szben mobil vagy otthoni [&hellip;]<\/p>\n","protected":false},"author":1,"featured_media":0,"parent":0,"menu_order":0,"comment_status":"closed","ping_status":"open","template":"","meta":{"_et_pb_use_builder":"on","_et_pb_old_content":"","_et_gb_content_width":"","footnotes":""},"class_list":["post-896","page","type-page","status-publish","hentry"],"_links":{"self":[{"href":"https:\/\/escapefake.org\/hu\/wp-json\/wp\/v2\/pages\/896","targetHints":{"allow":["GET"]}}],"collection":[{"href":"https:\/\/escapefake.org\/hu\/wp-json\/wp\/v2\/pages"}],"about":[{"href":"https:\/\/escapefake.org\/hu\/wp-json\/wp\/v2\/types\/page"}],"author":[{"embeddable":true,"href":"https:\/\/escapefake.org\/hu\/wp-json\/wp\/v2\/users\/1"}],"replies":[{"embeddable":true,"href":"https:\/\/escapefake.org\/hu\/wp-json\/wp\/v2\/comments?post=896"}],"version-history":[{"count":10,"href":"https:\/\/escapefake.org\/hu\/wp-json\/wp\/v2\/pages\/896\/revisions"}],"predecessor-version":[{"id":2708,"href":"https:\/\/escapefake.org\/hu\/wp-json\/wp\/v2\/pages\/896\/revisions\/2708"}],"wp:attachment":[{"href":"https:\/\/escapefake.org\/hu\/wp-json\/wp\/v2\/media?parent=896"}],"curies":[{"name":"wp","href":"https:\/\/api.w.org\/{rel}","templated":true}]}}