{"id":906,"date":"2023-05-03T10:03:28","date_gmt":"2023-05-03T08:03:28","guid":{"rendered":"https:\/\/escapefake.org\/informativa-sulla-privacy\/"},"modified":"2024-04-11T12:20:34","modified_gmt":"2024-04-11T10:20:34","slug":"privacy-policy","status":"publish","type":"page","link":"https:\/\/escapefake.org\/it\/privacy-policy\/","title":{"rendered":"Privacy Policy"},"content":{"rendered":"<p>[et_pb_section fb_built=&#8221;1&#8243; admin_label=&#8221;section&#8221; _builder_version=&#8221;4.16&#8243; global_colors_info=&#8221;{}&#8221;][et_pb_row admin_label=&#8221;fila&#8221; _builder_version=&#8221;4.21.0&#8243; background_size=&#8221;initial&#8221; background_position=&#8221;top_left&#8221; background_repeat=&#8221;repeat&#8221; global_colors_info=&#8221;{}&#8221;][et_pb_column type=&#8221;4_4&#8243; _builder_version=&#8221;4.16&#8243; custom_padding=&#8221;|||&#8221; global_colors_info=&#8221;{}&#8221; custom_padding__hover=&#8221;|||&#8221;][et_pb_text _builder_version=&#8221;4.21.0&#8243; _module_preset=&#8221;default&#8221; global_colors_info=&#8221;{}&#8221;]<\/p>\n<h1>Informativa sulla privacy dei dati<\/h1>\n<p>[\/et_pb_text][et_pb_text _builder_version=&#8221;4.21.0&#8243; _module_preset=&#8221;default&#8221; global_colors_info=&#8221;{}&#8221;]<\/p>\n<p>Trattiamo i seguenti dati personali.<\/p>\n<p>[\/et_pb_text][et_pb_text _builder_version=&#8221;4.21.0&#8243; _module_preset=&#8221;default&#8221; custom_margin=&#8221;||0.5em||false|false&#8221; global_colors_info=&#8221;{}&#8221;]<\/p>\n<h4>Dati interessati, se applicabile<\/h4>\n<p>[\/et_pb_text][et_pb_text _builder_version=&#8221;4.21.0&#8243; _module_preset=&#8221;default&#8221; global_colors_info=&#8221;{}&#8221;]<\/p>\n<p>In base alle proprie specifiche:<\/p>\n<ul>\n<ul>\n<li>Nome<\/li>\n<li>Indirizzo e-mail<\/li>\n<li>Numero di telefono<\/li>\n<li>ID<\/li>\n<\/ul>\n<\/ul>\n<\/p>\n<p>Attraverso l&#8217;elaborazione tecnica:<\/p>\n<ul>\n<ul>\n<li>Cookie di sessione<\/li>\n<li>Indirizzo IP<\/li>\n<li>Browser User-Agent<\/li>\n<\/ul>\n<\/ul>\n<p>[\/et_pb_text][et_pb_text _builder_version=&#8221;4.21.0&#8243; _module_preset=&#8221;default&#8221; custom_margin=&#8221;||0.5em||false|false&#8221; global_colors_info=&#8221;{}&#8221;]<\/p>\n<h4>Scopo<\/h4>\n<p>[\/et_pb_text][et_pb_text _builder_version=&#8221;4.21.0&#8243; _module_preset=&#8221;default&#8221; global_colors_info=&#8221;{}&#8221;]<\/p>\n<p>I dati saranno trattati esclusivamente ai fini della comunicazione.<\/p>\n<p>[\/et_pb_text][et_pb_text _builder_version=&#8221;4.21.0&#8243; _module_preset=&#8221;default&#8221; custom_margin=&#8221;||0.5em||false|false&#8221; global_colors_info=&#8221;{}&#8221;]<\/p>\n<h4>Storage location<\/h4>\n<p>[\/et_pb_text][et_pb_text _builder_version=&#8221;4.21.0&#8243; _module_preset=&#8221;default&#8221; hover_enabled=&#8221;0&#8243; global_colors_info=&#8221;{}&#8221; sticky_enabled=&#8221;0&#8243;]<\/p>\n<p><strong>Interno<\/strong><\/p>\n<p>Digitale: notebook, tablet, smartphone, supporti dati esterni<br \/>Analogico: quaderni, calendari, biglietti da visita<\/p>\n<p>L&#8217;archiviazione avviene presso la sede della nostra azienda.<\/p>\n<p><strong>Esterno<\/strong><br \/>Digitale: il tuo dispositivo finale (browser o app), il server dell&#8217;applicazione, il server del database, il server della posta, lo storage di backup<\/p>\n<p>&nbsp;<\/p>\n<ul>\n<li><strong>Hetzner Online GmbH<\/strong><br \/>Industriestra\u00dfe 25, 91710 Gunzenhausen, GERMANIA<br \/>Informativa sulla privacy: <a href=\"https:\/\/hetzner.de\/rechtliches\/datenschutz\" target=\"_blank\" rel=\"noopener\">hetzner.de\/rechtliches\/datenschutz<\/a><\/li>\n<li><strong>ALL-INKL.COM &#8211; Neue Medien M\u00fcnnich<\/strong><br \/>Hauptstra\u00dfe 68, 02742 Friedersdorf, GERMANIA<br \/>Informativa sulla privacy: <a href=\"https:\/\/all-inkl.com\/datenschutzinformationen\" target=\"_blank\" rel=\"noopener\">all-inkl.com\/datenschutzinformationen<\/a><\/li>\n<li><strong>Microsoft Corporation<\/strong><br \/>One Microsoft Way, Redmond, WA 98052-6399, USA<br \/>Informativa sulla privacy: <a href=\"https:\/\/privacy.microsoft.com\/privacystatement\" target=\"_blank\" rel=\"noopener\">privacy.microsoft.com\/privacystatement<\/a><\/li>\n<\/ul>\n<p>[\/et_pb_text][et_pb_text _builder_version=&#8221;4.21.0&#8243; _module_preset=&#8221;default&#8221; custom_margin=&#8221;||0.5em||false|false&#8221; global_colors_info=&#8221;{}&#8221;]<\/p>\n<h4>Periodo di conservazione<\/h4>\n<p>[\/et_pb_text][et_pb_text _builder_version=&#8221;4.21.0&#8243; _module_preset=&#8221;default&#8221; global_colors_info=&#8221;{}&#8221;]<\/p>\n<p>Conserviamo i dati solo per il tempo necessario o almeno fino a quando l&#8217;attivit\u00e0 commerciale \u00e8 in corso. Solo in caso di requisiti legali dobbiamo conservare i dati necessari pi\u00f9 a lungo.<\/p>\n<p>I dati possono essere inclusi nei backup automatici per altre 3 settimane dopo l&#8217;eliminazione.<\/p>\n<p>Ai fini dell&#8217;analisi del sito web, un valore hash viene calcolato dalla combinazione del tuo indirizzo IP + user agent del browser + un valore casuale che ruota quotidianamente. I dati vengono quindi resi anonimi su base giornaliera.<\/p>\n<p>[\/et_pb_text][et_pb_text _builder_version=&#8221;4.21.0&#8243; _module_preset=&#8221;default&#8221; custom_margin=&#8221;||0.5em||false|false&#8221; global_colors_info=&#8221;{}&#8221;]<\/p>\n<h4>Misure di protezione<\/h4>\n<p>[\/et_pb_text][et_pb_text _builder_version=&#8221;4.21.0&#8243; _module_preset=&#8221;default&#8221; global_colors_info=&#8221;{}&#8221;]<\/p>\n<p>Tutte le misure tecniche corrispondono allo stato dell&#8217;arte.<\/p>\n<p>[\/et_pb_text][et_pb_text _builder_version=&#8221;4.21.0&#8243; _module_preset=&#8221;default&#8221; custom_margin=&#8221;||0.5em||false|false&#8221; global_colors_info=&#8221;{}&#8221;]<\/p>\n<h4>Pericoli<\/h4>\n<p>[\/et_pb_text][et_pb_text _builder_version=&#8221;4.21.0&#8243; _module_preset=&#8221;default&#8221; global_colors_info=&#8221;{}&#8221;]<\/p>\n<p>Il trattamento dei dati personali comporta dei rischi. Nonostante le misure precauzionali, i dati vengono ripetutamente rubati da terzi a causa di lacune nella sicurezza. Durante il trasporto dei dati, questi possono essere intercettati e decifrati da terzi. \u00c8 possibile che i metadati vengano registrati in transito. Questo pu\u00f2 essere utilizzato per creare un profilo della tua persona digitale.<\/p>\n<p>[\/et_pb_text][et_pb_text _builder_version=&#8221;4.21.0&#8243; _module_preset=&#8221;default&#8221; custom_margin=&#8221;||0.5em||false|false&#8221; custom_padding=&#8221;1px|||||&#8221; global_colors_info=&#8221;{}&#8221;]<\/p>\n<h4>I tuoi diritti<\/h4>\n<p>[\/et_pb_text][et_pb_text _builder_version=&#8221;4.21.0&#8243; _module_preset=&#8221;default&#8221; global_colors_info=&#8221;{}&#8221;]<\/p>\n<p>Hai il diritto di informazione, correzione, cancellazione, restrizione, portabilit\u00e0 dei dati, revoca e opposizione.<\/p>\n<p>Se ritieni che violiamo la legge sulla protezione dei dati, ti invitiamo a contattarci. Ma hai anche il diritto di presentare un reclamo all&#8217;autorit\u00e0 competente per la protezione dei dati.<br \/>Austria: <a href=\"https:\/\/dsb.gv.at\/kontakt\" target=\"_blank\" rel=\"noopener\">dsb.gv.at\/kontakt<\/a> \/ altri paesi: <a href=\"https:\/\/ec.europa.eu\" target=\"_blank\" rel=\"noopener\">ec.europa.eu<\/a><\/p>\n<p>[\/et_pb_text][et_pb_text _builder_version=&#8221;4.21.0&#8243; _module_preset=&#8221;default&#8221; custom_margin=&#8221;||0.5em||false|false&#8221; global_colors_info=&#8221;{}&#8221;]<\/p>\n<h4>Contatto<\/h4>\n<p>[\/et_pb_text][et_pb_text _builder_version=&#8221;4.21.0&#8243; _module_preset=&#8221;default&#8221; global_colors_info=&#8221;{}&#8221;]<\/p>\n<p>privacy@polycular.com<\/p>\n<p>[\/et_pb_text][et_pb_text _builder_version=&#8221;4.21.0&#8243; _module_preset=&#8221;default&#8221; custom_margin=&#8221;||0.5em||false|false&#8221; global_colors_info=&#8221;{}&#8221;]<\/p>\n<h4>Responsabile<\/h4>\n<p>[\/et_pb_text][et_pb_text _builder_version=&#8221;4.21.0&#8243; _module_preset=&#8221;default&#8221; global_colors_info=&#8221;{}&#8221;]<\/p>\n<p>Polycular GmbH<br \/>Thomas Layer-Wagner \/ <a href=\"https:\/\/polycular.com\/imprint\" target=\"_blank\" rel=\"noopener\">polycular.com\/imprint<\/a><\/p>\n<p>[\/et_pb_text][et_pb_text _builder_version=&#8221;4.21.0&#8243; _module_preset=&#8221;default&#8221; custom_margin=&#8221;||0.5em||false|false&#8221; global_colors_info=&#8221;{}&#8221;]<\/p>\n<h4>Versione<\/h4>\n<p>[\/et_pb_text][et_pb_text _builder_version=&#8221;4.21.0&#8243; _module_preset=&#8221;default&#8221; global_colors_info=&#8221;{}&#8221;]<\/p>\n<p>2022-08-30<\/p>\n<p>[\/et_pb_text][\/et_pb_column][\/et_pb_row][\/et_pb_section]<\/p>\n","protected":false},"excerpt":{"rendered":"<p>Informativa sulla privacy dei datiTrattiamo i seguenti dati personali.Dati interessati, se applicabileIn base alle proprie specifiche: Nome Indirizzo e-mail Numero di telefono ID Attraverso l&#8217;elaborazione tecnica: Cookie di sessione Indirizzo IP Browser User-Agent ScopoI dati saranno trattati esclusivamente ai fini della comunicazione.Storage locationInterno Digitale: notebook, tablet, smartphone, supporti dati esterniAnalogico: quaderni, calendari, biglietti da visita [&hellip;]<\/p>\n","protected":false},"author":1,"featured_media":0,"parent":0,"menu_order":0,"comment_status":"closed","ping_status":"open","template":"","meta":{"_et_pb_use_builder":"on","_et_pb_old_content":"","_et_gb_content_width":"","footnotes":""},"class_list":["post-906","page","type-page","status-publish","hentry"],"_links":{"self":[{"href":"https:\/\/escapefake.org\/it\/wp-json\/wp\/v2\/pages\/906","targetHints":{"allow":["GET"]}}],"collection":[{"href":"https:\/\/escapefake.org\/it\/wp-json\/wp\/v2\/pages"}],"about":[{"href":"https:\/\/escapefake.org\/it\/wp-json\/wp\/v2\/types\/page"}],"author":[{"embeddable":true,"href":"https:\/\/escapefake.org\/it\/wp-json\/wp\/v2\/users\/1"}],"replies":[{"embeddable":true,"href":"https:\/\/escapefake.org\/it\/wp-json\/wp\/v2\/comments?post=906"}],"version-history":[{"count":10,"href":"https:\/\/escapefake.org\/it\/wp-json\/wp\/v2\/pages\/906\/revisions"}],"predecessor-version":[{"id":2710,"href":"https:\/\/escapefake.org\/it\/wp-json\/wp\/v2\/pages\/906\/revisions\/2710"}],"wp:attachment":[{"href":"https:\/\/escapefake.org\/it\/wp-json\/wp\/v2\/media?parent=906"}],"curies":[{"name":"wp","href":"https:\/\/api.w.org\/{rel}","templated":true}]}}