{"id":2581,"date":"2023-10-31T17:38:26","date_gmt":"2023-10-31T16:38:26","guid":{"rendered":"https:\/\/escapefake.org\/contact-us\/"},"modified":"2024-07-14T16:39:15","modified_gmt":"2024-07-14T14:39:15","slug":"contact-us","status":"publish","type":"page","link":"https:\/\/escapefake.org\/ro\/contact-us\/","title":{"rendered":"Contact Us"},"content":{"rendered":"<p>[et_pb_section fb_built=&#8221;1&#8243; _builder_version=&#8221;4.16&#8243; global_colors_info=&#8221;{}&#8221;][et_pb_row _builder_version=&#8221;4.16&#8243; background_size=&#8221;initial&#8221; background_position=&#8221;top_left&#8221; background_repeat=&#8221;repeat&#8221; global_colors_info=&#8221;{}&#8221;][et_pb_column type=&#8221;4_4&#8243; _builder_version=&#8221;4.16&#8243; custom_padding=&#8221;|||&#8221; global_colors_info=&#8221;{}&#8221; custom_padding__hover=&#8221;|||&#8221;][et_pb_text _builder_version=&#8221;4.21.0&#8243; _module_preset=&#8221;default&#8221; global_colors_info=&#8221;{}&#8221;]<\/p>\n<h1>Contact Us<\/h1>\n<p>[\/et_pb_text][et_pb_text _builder_version=&#8221;4.23&#8243; _module_preset=&#8221;default&#8221; global_colors_info=&#8221;{}&#8221;]<\/p>\n<p>Apreciem sprijinul oferit de comunitatea noastr\u0103 pentru a traduce Escape Fake \u00een alte limbi. \u00cen prezent, lucr\u0103m la traduceri \u00een danez\u0103, maghiar\u0103, italian\u0103 \u0219i rom\u00e2n\u0103. Dac\u0103 dori\u021bi s\u0103 ne sprijini\u021bi \u00een traducerea jocului \u0219i\/sau a setului de instrumente, v\u0103 rug\u0103m s\u0103 ne contacta\u021bi! De asemenea, suntem bucuro\u0219i s\u0103 intr\u0103m \u00een contact cu profesioni\u0219ti din mediul academic, jurnalism, mass-media, educa\u021bie \u0219i alte domenii care sunt interesa\u021bi de activitatea noastr\u0103. Dac\u0103 ave\u021bi sugestii pentru joc sau dac\u0103 dori\u021bi s\u0103 colabora\u021bi, nu ezita\u021bi s\u0103 ne contacta\u021bi.  <\/p>\n<p>[\/et_pb_text][\/et_pb_column][\/et_pb_row][et_pb_row _builder_version=&#8221;4.23&#8243; _module_preset=&#8221;default&#8221; global_colors_info=&#8221;{}&#8221;][et_pb_column type=&#8221;4_4&#8243; _builder_version=&#8221;4.23&#8243; _module_preset=&#8221;default&#8221; global_colors_info=&#8221;{}&#8221;][wpforms_selector form_id=&#8221;1272&#8243; show_title=&#8221;off&#8221; show_desc=&#8221;off&#8221; _builder_version=&#8221;4.23&#8243; _module_preset=&#8221;default&#8221; global_colors_info=&#8221;{}&#8221;][\/wpforms_selector][\/et_pb_column][\/et_pb_row][\/et_pb_section]<\/p>\n","protected":false},"excerpt":{"rendered":"<p>Contact UsApreciem sprijinul oferit de comunitatea noastr\u0103 pentru a traduce Escape Fake \u00een alte limbi. \u00cen prezent, lucr\u0103m la traduceri \u00een danez\u0103, maghiar\u0103, italian\u0103 \u0219i rom\u00e2n\u0103. Dac\u0103 dori\u021bi s\u0103 ne sprijini\u021bi \u00een traducerea jocului \u0219i\/sau a setului de instrumente, v\u0103 rug\u0103m s\u0103 ne contacta\u021bi! De asemenea, suntem bucuro\u0219i s\u0103 intr\u0103m \u00een contact cu profesioni\u0219ti din [&hellip;]<\/p>\n","protected":false},"author":1,"featured_media":0,"parent":0,"menu_order":0,"comment_status":"closed","ping_status":"closed","template":"","meta":{"_et_pb_use_builder":"on","_et_pb_old_content":"","_et_gb_content_width":"","footnotes":""},"class_list":["post-2581","page","type-page","status-publish","hentry"],"_links":{"self":[{"href":"https:\/\/escapefake.org\/ro\/wp-json\/wp\/v2\/pages\/2581","targetHints":{"allow":["GET"]}}],"collection":[{"href":"https:\/\/escapefake.org\/ro\/wp-json\/wp\/v2\/pages"}],"about":[{"href":"https:\/\/escapefake.org\/ro\/wp-json\/wp\/v2\/types\/page"}],"author":[{"embeddable":true,"href":"https:\/\/escapefake.org\/ro\/wp-json\/wp\/v2\/users\/1"}],"replies":[{"embeddable":true,"href":"https:\/\/escapefake.org\/ro\/wp-json\/wp\/v2\/comments?post=2581"}],"version-history":[{"count":0,"href":"https:\/\/escapefake.org\/ro\/wp-json\/wp\/v2\/pages\/2581\/revisions"}],"wp:attachment":[{"href":"https:\/\/escapefake.org\/ro\/wp-json\/wp\/v2\/media?parent=2581"}],"curies":[{"name":"wp","href":"https:\/\/api.w.org\/{rel}","templated":true}]}}