{"id":2870,"date":"2024-03-15T20:41:02","date_gmt":"2024-03-15T19:41:02","guid":{"rendered":"https:\/\/escapefake.org\/member-signup\/"},"modified":"2024-04-22T18:31:22","modified_gmt":"2024-04-22T16:31:22","slug":"member-signup","status":"publish","type":"page","link":"https:\/\/escapefake.org\/ro\/member-signup\/","title":{"rendered":"Member Signup"},"content":{"rendered":"<p>[et_pb_section fb_built=&#8221;1&#8243; admin_label=&#8221;Feature&#8221; _builder_version=&#8221;4.24.3&#8243; _module_preset=&#8221;default&#8221; background_enable_color=&#8221;off&#8221; overflow-x=&#8221;hidden&#8221; overflow-y=&#8221;hidden&#8221; custom_margin=&#8221;||||false|false&#8221; custom_padding=&#8221;||||false|false&#8221; top_divider_color=&#8221;gcid-10af2232-749a-4596-b80f-ac0da0e0d2c2&#8243; top_divider_height=&#8221;80px&#8221; collapsed=&#8221;on&#8221; global_colors_info=&#8221;{%22gcid-10af2232-749a-4596-b80f-ac0da0e0d2c2%22:%91%22top_divider_color%22%93}&#8221;][et_pb_row module_id=&#8221;get-started&#8221; _builder_version=&#8221;4.21.0&#8243; _module_preset=&#8221;default&#8221; locked=&#8221;off&#8221; global_colors_info=&#8221;{}&#8221;][et_pb_column type=&#8221;4_4&#8243; _builder_version=&#8221;4.21.0&#8243; _module_preset=&#8221;default&#8221; global_colors_info=&#8221;{}&#8221;][et_pb_text _builder_version=&#8221;4.24.3&#8243; _module_preset=&#8221;565ca5d8-2379-4624-9c67-e84671d1da36&#8243; header_2_text_color=&#8221;gcid-10af2232-749a-4596-b80f-ac0da0e0d2c2&#8243; background_color=&#8221;gcid-4f56aa54-3b36-4432-8908-d727fd88891e&#8221; custom_padding=&#8221;24px||22px|||&#8221; global_colors_info=&#8221;{%22gcid-1b4a3854-7b44-49f6-922e-e1ac36476373%22:%91%22text_text_color%22,%22text_text_color%22%93,%22gcid-10af2232-749a-4596-b80f-ac0da0e0d2c2%22:%91%22header_2_text_color%22%93,%22gcid-4f56aa54-3b36-4432-8908-d727fd88891e%22:%91%22background_color%22%93}&#8221;]<\/p>\n<h2 style=\"text-align: center;\">\u26a0\ufe0f \ud83d\udea7 Work in Progress \ud83d\udea7 \u26a0\ufe0f<\/h2>\n<p>[\/et_pb_text][\/et_pb_column][\/et_pb_row][et_pb_row column_structure=&#8221;1_2,1_2&#8243; module_id=&#8221;download&#8221; _builder_version=&#8221;4.21.0&#8243; _module_preset=&#8221;default&#8221; global_colors_info=&#8221;{}&#8221;][et_pb_column type=&#8221;1_2&#8243; _builder_version=&#8221;4.21.0&#8243; _module_preset=&#8221;default&#8221; global_colors_info=&#8221;{}&#8221;][et_pb_text _builder_version=&#8221;4.24.2&#8243; _module_preset=&#8221;f59b288e-27f8-485c-aaff-e8276e3427cc&#8221; global_colors_info=&#8221;{}&#8221;]<\/p>\n<h4>Al\u0103tura\u021bi-v\u0103 nou\u0103<\/h4>\n<p>[\/et_pb_text][et_pb_text _builder_version=&#8221;4.24.2&#8243; _module_preset=&#8221;565ca5d8-2379-4624-9c67-e84671d1da36&#8243; hover_enabled=&#8221;0&#8243; global_colors_info=&#8221;{}&#8221; sticky_enabled=&#8221;0&#8243;]<\/p>\n<h2>Member Area<\/h2>\n<p>[\/et_pb_text][\/et_pb_column][et_pb_column type=&#8221;1_2&#8243; _builder_version=&#8221;4.21.0&#8243; _module_preset=&#8221;default&#8221; global_colors_info=&#8221;{}&#8221;][\/et_pb_column][\/et_pb_row][et_pb_row _builder_version=&#8221;4.21.0&#8243; _module_preset=&#8221;default&#8221; custom_padding=&#8221;0px|||||&#8221; global_colors_info=&#8221;{}&#8221;][et_pb_column type=&#8221;4_4&#8243; _builder_version=&#8221;4.21.0&#8243; _module_preset=&#8221;default&#8221; global_colors_info=&#8221;{}&#8221;][et_pb_text _builder_version=&#8221;4.24.3&#8243; _module_preset=&#8221;565ca5d8-2379-4624-9c67-e84671d1da36&#8243; hover_enabled=&#8221;0&#8243; global_colors_info=&#8221;{}&#8221; sticky_enabled=&#8221;0&#8243;]<\/p>\n<p><span style=\"font-weight: 400;\">Desc\u0103rca\u021bi setul nostru de instrumente \u0219i resursele gratuite care arat\u0103 cum s\u0103 folosi\u021bi Escape Fake \u00een clas\u0103. Pentru a avea acces la setul de instrumente \u00een limba dvs., \u00eenscrie\u021bi-v\u0103 pentru a deveni membru gratuit pe acest site. Apoi pute\u021bi desc\u0103rca materialele \u00een limba dorit\u0103. Setul de instrumente este disponibil \u00een prezent \u00een 5 limbi: EN, DE, HU, IT, RO.<\/span><\/p>\n<p>[\/et_pb_text][\/et_pb_column][\/et_pb_row][et_pb_row column_structure=&#8221;1_2,1_2&#8243; _builder_version=&#8221;4.24.2&#8243; _module_preset=&#8221;default&#8221; global_colors_info=&#8221;{}&#8221;][et_pb_column type=&#8221;1_2&#8243; _builder_version=&#8221;4.24.2&#8243; _module_preset=&#8221;default&#8221; global_colors_info=&#8221;{}&#8221;][et_pb_code _builder_version=&#8221;4.24.3&#8243; _module_preset=&#8221;default&#8221; custom_css_free_form=&#8221;\/*||.mp_wrapper {||  background: #eee6;||}||*\/||||.mp_wrapper p, .mp_wrapper label {||  color: #000 !important;||}||||.mp_wrapper input, .mp_wrapper select {||  width: 100%;||  padding: 14px 1em !important;||  margin-bottom: 0.5em;||  border-radius: 3px;||  font-size: 16px;||}||||#mepr_agree_to_privacy_policy1 {||  -webkit-appearance: checkbox;||  width: 28px;||  height: 28px;||  margin: 0 0.8em 0 0;||  padding: 0;||  vertical-align: middle;||}||||\/* ||square brackets are not working!||.mp_wrapper input%91type=checkbox%93, .mp_wrapper input%91type=radio%93 {||  -webkit-appearance: checkbox;||  width: 28px !important;||  height: 28px !important;||  margin: 0 0.8em 0 0;||  padding: 0;||  vertical-align: middle;||}*\/||||.mp_wrapper input.mepr-submit {||  width: 100%;||  font-size: 20px;||  font-family: &#8216;Ubuntu&#8217;,Helvetica,Arial,Lucida,sans-serif;||  font-weight: 500;||  border-radius: 3px;||  border-width: 0;||  color: white;||  background-color: #db0092;||}||||.mp_wrapper input.mepr-submit:hover {||  background-color: #e233a4 !important;||}&#8221; global_colors_info=&#8221;{}&#8221;]\n\n<div class=\"mp_wrapper\">\n  <form name=\"mepr_signup_form\" id=\"mepr_signup_form\" class=\"mepr-signup-form mepr-form\" method=\"post\" action=\"\/ro\/wp-json\/wp\/v2\/pages\/2870#mepr_jump\" enctype=\"multipart\/form-data\" novalidate>\n    <input type=\"hidden\" name=\"mepr_process_signup_form\" value=\"Y\" \/>\n    <input type=\"hidden\" name=\"mepr_product_id\" value=\"1953\" \/>\n\n    \n    \n    \n          <div class=\"mp-form-row mepr_bold mepr_price\">\n                <div class=\"mepr_price_cell_label\">Price:<\/div>\n        <div class=\"mepr_price_cell\">\n          Free        <\/div>\n      <\/div>\n    \n    \n          <div class=\"mp-form-row mepr_first_name mepr-field-required\">\n        <div class=\"mp-form-label\">\n          <label for=\"user_first_name1\">First Name:*<\/label>\n          <span class=\"cc-error\">First Name Required<\/span>\n        <\/div>\n        <input type=\"text\" name=\"user_first_name\" id=\"user_first_name1\" class=\"mepr-form-input\" value=\"\" required \/>\n      <\/div>\n      <div class=\"mp-form-row mepr_last_name mepr-field-required\">\n        <div class=\"mp-form-label\">\n          <label for=\"user_last_name1\">Last Name:*<\/label>\n          <span class=\"cc-error\">Last Name Required<\/span>\n        <\/div>\n        <input type=\"text\" name=\"user_last_name\" id=\"user_last_name1\" class=\"mepr-form-input\" value=\"\" required \/>\n      <\/div>\n    \n    \n    \n<div class=\"mp-form-row mepr_custom_field mepr_mepr_language mepr-field-required\">\n        <div class=\"mp-form-label\">\n      <label class=\"placeholder-text\" for=\"mepr_language1\">\n          Language:*      <\/label>\n              <span id=\"mepr_language_error\" class=\"cc-error\">\n          Language is Required      <\/span>\n    <\/div>\n            <select name=\"mepr_language\" id=\"mepr_language1\" class=\"mepr-form-input mepr-select-field  \" aria-describedby=\"mepr_language_error\"   required>\n                <option value=\"english\" >English<\/option><option value=\"italiano-italian\" >Italiano (Italian)<\/option><option value=\"deutsch-german\" >Deutsch (German)<\/option>        <\/select>\n                  <\/div>\n\n<div class=\"mp-form-row mepr_custom_field mepr_mepr_organisation\">\n        <div class=\"mp-form-label\">\n      <label class=\"placeholder-text\" for=\"mepr_organisation1\">\n          Organisation:      <\/label>\n              <span id=\"mepr_organisation_error\" class=\"cc-error\">\n          Organisation is not valid      <\/span>\n    <\/div>\n    <input type=\"text\" name=\"mepr_organisation\" id=\"mepr_organisation1\" class=\"mepr-form-input \" value=\"\" aria-describedby=\"mepr_organisation_error\"   \/>  <\/div>\n\n    \n          <input type=\"hidden\" class=\"mepr-geo-country\" name=\"mepr-geo-country\" value=\"\" \/>\n\n              <div class=\"mp-form-row mepr_email mepr-field-required\">\n        <div class=\"mp-form-label\">\n          <label for=\"user_email1\">Email:*<\/label>\n          <span class=\"cc-error\">Invalid Email<\/span>\n        <\/div>\n        <input type=\"email\" name=\"user_email\" id=\"user_email1\" class=\"mepr-form-input\" value=\"\" required \/>\n      <\/div>\n      <div class=\"mp-form-row mepr_email_stripe mepr-field-required mepr-hidden\">\n      <\/div>\n                                <div class=\"mp-form-row mepr_password mepr-field-required\">\n          <div class=\"mp-form-label\">\n            <label for=\"mepr_user_password1\">Password:*<\/label>\n            <span class=\"cc-error\">Invalid Password<\/span>\n          <\/div>\n          <div class=\"mp-hide-pw\">\n            <input type=\"password\" name=\"mepr_user_password\" id=\"mepr_user_password1\" class=\"mepr-form-input mepr-password\" value=\"\" required \/>\n            <button type=\"button\" class=\"button mp-hide-pw hide-if-no-js\" data-toggle=\"0\" aria-label=\"Show password\">\n              <span class=\"dashicons dashicons-visibility\" aria-hidden=\"true\"><\/span>\n            <\/button>\n          <\/div>\n          <\/div>\n        <div class=\"mp-form-row mepr_password_confirm mepr-field-required\">\n          <div class=\"mp-form-label\">\n            <label for=\"mepr_user_password_confirm1\">Password Confirmation:*<\/label>\n            <span class=\"cc-error\">Password Confirmation Doesn&#039;t Match<\/span>\n          <\/div>\n          <div class=\"mp-hide-pw\">\n            <input type=\"password\" name=\"mepr_user_password_confirm\" id=\"mepr_user_password_confirm1\" class=\"mepr-form-input mepr-password-confirm\" value=\"\" required \/>\n            <button type=\"button\" class=\"button mp-hide-pw hide-if-no-js\" data-toggle=\"0\" aria-label=\"Show password\">\n              <span class=\"dashicons dashicons-visibility\" aria-hidden=\"true\"><\/span>\n            <\/button>\n          <\/div>\n        <\/div>\n                <div class=\"mp-form-row mp-password-strength-area\">\n      <span class=\"mp-password-strength-display mp-nopass\">Password Strength<\/span>\n\n                <span>&nbsp;<small><em>Password must be &quot;Strong&quot; or stronger<\/em><\/small><\/span>\n        \n      <input type=\"hidden\" name=\"mp-pass-strength\" class=\"mp-pass-strength\" value=\"0\" \/>\n    <\/div>\n                                \n        \n    \n          <input type=\"hidden\" name=\"mepr_coupon_code\" value=\"\" \/>\n    \n    \n          <div class=\"mp-form-row\">\n        <label for=\"mepr_agree_to_privacy_policy1\" class=\"mepr-checkbox-field mepr-form-input\" required>\n          <input type=\"checkbox\" name=\"mepr_agree_to_privacy_policy\" id=\"mepr_agree_to_privacy_policy1\" \/>\n          This site collects names, emails and other user information. I consent to the terms set forth in the <a href=\"https:\/\/escapefake.org\/privacy-policy\/\" target=\"_blank\">Privacy Policy<\/a>.        <\/label>\n      <\/div>\n    \n        \n    <div class=\"mepr_spacer\">&nbsp;<\/div>\n\n    <div class=\"mp-form-submit\">\n            <label for=\"mepr_no_val\" class=\"mepr-visuallyhidden\">No val<\/label>\n      <input type=\"text\" id=\"mepr_no_val\" name=\"mepr_no_val\" class=\"mepr-form-input mepr-visuallyhidden mepr_no_val mepr-hidden\" autocomplete=\"off\" \/>\n\n              <input type=\"submit\" class=\"mepr-submit\" value=\"Sign Up\" \/>\n            <img decoding=\"async\" src=\"https:\/\/escapefake.org\/wp-admin\/images\/loading.gif\" alt=\"Loading...\" style=\"display: none;\" class=\"mepr-loading-gif\" title=\"Loading icon\" \/>\n      <span class=\"mepr-form-has-errors\">Please fix the errors above<\/span>\n\n    <\/div>\n  <\/form>\n<\/div>\n[\/et_pb_code][\/et_pb_column][et_pb_column type=&#8221;1_2&#8243; _builder_version=&#8221;4.24.2&#8243; _module_preset=&#8221;default&#8221; global_colors_info=&#8221;{}&#8221;][\/et_pb_column][\/et_pb_row][et_pb_row module_id=&#8221;get-started&#8221; _builder_version=&#8221;4.21.0&#8243; _module_preset=&#8221;default&#8221; locked=&#8221;off&#8221; global_colors_info=&#8221;{}&#8221;][et_pb_column type=&#8221;4_4&#8243; _builder_version=&#8221;4.21.0&#8243; _module_preset=&#8221;default&#8221; global_colors_info=&#8221;{}&#8221;][et_pb_text _builder_version=&#8221;4.24.3&#8243; _module_preset=&#8221;565ca5d8-2379-4624-9c67-e84671d1da36&#8243; header_2_text_color=&#8221;gcid-10af2232-749a-4596-b80f-ac0da0e0d2c2&#8243; background_color=&#8221;gcid-4f56aa54-3b36-4432-8908-d727fd88891e&#8221; custom_padding=&#8221;24px||22px|||&#8221; global_colors_info=&#8221;{%22gcid-1b4a3854-7b44-49f6-922e-e1ac36476373%22:%91%22text_text_color%22,%22text_text_color%22%93,%22gcid-10af2232-749a-4596-b80f-ac0da0e0d2c2%22:%91%22header_2_text_color%22%93,%22gcid-4f56aa54-3b36-4432-8908-d727fd88891e%22:%91%22background_color%22%93}&#8221;]<\/p>\n<h2 style=\"text-align: center;\">\u26a0\ufe0f \ud83d\udea7 Work in Progress \ud83d\udea7 \u26a0\ufe0f<\/h2>\n<p>[\/et_pb_text][\/et_pb_column][\/et_pb_row][\/et_pb_section][et_pb_section fb_built=&#8221;1&#8243; custom_padding_last_edited=&#8221;on|phone&#8221; prev_background_color=&#8221;#ffffff&#8221; next_background_color=&#8221;gcid-1b4a3854-7b44-49f6-922e-e1ac36476373&#8243; admin_label=&#8221;Call to Action&#8221; _builder_version=&#8221;4.21.0&#8243; _module_preset=&#8221;default&#8221; background_color=&#8221;gcid-02b3fa7c-43ea-44fc-beb4-5cf22f71017d&#8221; custom_padding=&#8221;100px||160px||false|false&#8221; custom_padding_tablet=&#8221;100px||160px||false|false&#8221; custom_padding_phone=&#8221;60px||80px||false|false&#8221; top_divider_style=&#8221;slant&#8221; top_divider_height_tablet=&#8221;&#8221; top_divider_height_phone=&#8221;60px&#8221; top_divider_height_last_edited=&#8221;on|phone&#8221; bottom_divider_style=&#8221;slant&#8221; bottom_divider_height=&#8221;160px&#8221; bottom_divider_flip=&#8221;horizontal&#8221; bottom_divider_height_tablet=&#8221;160px&#8221; bottom_divider_height_phone=&#8221;80px&#8221; bottom_divider_height_last_edited=&#8221;on|phone&#8221; collapsed=&#8221;on&#8221; global_colors_info=&#8221;{%22gcid-10af2232-749a-4596-b80f-ac0da0e0d2c2%22:%91%22top_divider_color%22%93,%22gcid-02b3fa7c-43ea-44fc-beb4-5cf22f71017d%22:%91%22background_color%22%93}&#8221;][et_pb_row _builder_version=&#8221;4.21.0&#8243; _module_preset=&#8221;default&#8221; global_colors_info=&#8221;{}&#8221;][et_pb_column type=&#8221;4_4&#8243; _builder_version=&#8221;4.21.0&#8243; _module_preset=&#8221;default&#8221; global_colors_info=&#8221;{}&#8221;][dnxte_text_glitch glitch_text=&#8221;#escapefake&#8221; glitch_style=&#8221;7&#8243; glitch_text_color=&#8221;#ffffff&#8221; glitch_color_text_one=&#8221;gcid-095f3017-670a-4d45-bbf8-520034f23a92&#8243; glitch_color_text_two=&#8221;gcid-10af2232-749a-4596-b80f-ac0da0e0d2c2&#8243; glitch_position_left=&#8221;5px&#8221; glitch_position_right=&#8221;8px&#8221; disabled_on=&#8221;off|off|off&#8221; _builder_version=&#8221;4.21.0&#8243; _module_preset=&#8221;default&#8221; dnxt_glitch_fonts_text_align=&#8221;left&#8221; dnxt_glitch_fonts_font_size=&#8221;46px&#8221; position_origin_a=&#8221;bottom_right&#8221; width=&#8221;100%&#8221; dnxt_glitch_fonts_font_tablet=&#8221;&#8221; dnxt_glitch_fonts_font_phone=&#8221;&#8221; dnxt_glitch_fonts_font_last_edited=&#8221;on|phone&#8221; dnxt_glitch_fonts_font_size_tablet=&#8221;46px&#8221; dnxt_glitch_fonts_font_size_phone=&#8221;38px&#8221; dnxt_glitch_fonts_font_size_last_edited=&#8221;on|phone&#8221; global_colors_info=&#8221;{%22gcid-10af2232-749a-4596-b80f-ac0da0e0d2c2%22:%91%22glitch_color_text_two%22%93,%22gcid-095f3017-670a-4d45-bbf8-520034f23a92%22:%91%22glitch_color_text_one%22%93}&#8221;][\/dnxte_text_glitch][\/et_pb_column][\/et_pb_row][\/et_pb_section]<\/p>\n","protected":false},"excerpt":{"rendered":"<p>\u26a0\ufe0f \ud83d\udea7 Work in Progress \ud83d\udea7 \u26a0\ufe0fAl\u0103tura\u021bi-v\u0103 nou\u0103Member AreaDesc\u0103rca\u021bi setul nostru de instrumente \u0219i resursele gratuite care arat\u0103 cum s\u0103 folosi\u021bi Escape Fake \u00een clas\u0103. Pentru a avea acces la setul de instrumente \u00een limba dvs., \u00eenscrie\u021bi-v\u0103 pentru a deveni membru gratuit pe acest site. Apoi pute\u021bi desc\u0103rca materialele \u00een limba dorit\u0103. Setul de instrumente [&hellip;]<\/p>\n","protected":false},"author":2,"featured_media":0,"parent":0,"menu_order":0,"comment_status":"closed","ping_status":"closed","template":"","meta":{"_et_pb_use_builder":"on","_et_pb_old_content":"","_et_gb_content_width":"","footnotes":""},"class_list":["post-2870","page","type-page","status-publish","hentry"],"_links":{"self":[{"href":"https:\/\/escapefake.org\/ro\/wp-json\/wp\/v2\/pages\/2870","targetHints":{"allow":["GET"]}}],"collection":[{"href":"https:\/\/escapefake.org\/ro\/wp-json\/wp\/v2\/pages"}],"about":[{"href":"https:\/\/escapefake.org\/ro\/wp-json\/wp\/v2\/types\/page"}],"author":[{"embeddable":true,"href":"https:\/\/escapefake.org\/ro\/wp-json\/wp\/v2\/users\/2"}],"replies":[{"embeddable":true,"href":"https:\/\/escapefake.org\/ro\/wp-json\/wp\/v2\/comments?post=2870"}],"version-history":[{"count":10,"href":"https:\/\/escapefake.org\/ro\/wp-json\/wp\/v2\/pages\/2870\/revisions"}],"predecessor-version":[{"id":3506,"href":"https:\/\/escapefake.org\/ro\/wp-json\/wp\/v2\/pages\/2870\/revisions\/3506"}],"wp:attachment":[{"href":"https:\/\/escapefake.org\/ro\/wp-json\/wp\/v2\/media?parent=2870"}],"curies":[{"name":"wp","href":"https:\/\/api.w.org\/{rel}","templated":true}]}}