{"id":695,"date":"2023-05-03T10:33:45","date_gmt":"2023-05-03T08:33:45","guid":{"rendered":"https:\/\/escapefake.org\/imprint\/"},"modified":"2023-08-02T16:43:39","modified_gmt":"2023-08-02T14:43:39","slug":"imprint","status":"publish","type":"page","link":"https:\/\/escapefake.org\/ro\/imprint\/","title":{"rendered":"Imprint"},"content":{"rendered":"<p>[et_pb_section fb_built=&#8221;1&#8243; _builder_version=&#8221;4.16&#8243; global_colors_info=&#8221;{}&#8221;][et_pb_row _builder_version=&#8221;4.16&#8243; background_size=&#8221;initial&#8221; background_position=&#8221;top_left&#8221; background_repeat=&#8221;repeat&#8221; global_colors_info=&#8221;{}&#8221;][et_pb_column type=&#8221;4_4&#8243; _builder_version=&#8221;4.16&#8243; custom_padding=&#8221;|||&#8221; global_colors_info=&#8221;{}&#8221; custom_padding__hover=&#8221;|||&#8221;][et_pb_text _builder_version=&#8221;4.21.0&#8243; _module_preset=&#8221;default&#8221; hover_enabled=&#8221;0&#8243; sticky_enabled=&#8221;0&#8243;]<\/p>\n<h1>Imprint<\/h1>\n<p>[\/et_pb_text][et_pb_text _builder_version=&#8221;4.21.0&#8243; _module_preset=&#8221;default&#8221; hover_enabled=&#8221;0&#8243; sticky_enabled=&#8221;0&#8243;]<\/p>\n<p>Polycular GmbH<br \/>Salzgasse 2<br \/>5400 Hallein<br \/>Austria<\/p>\n<p>info@polycular.com<\/p>\n<p>UID ATU76240417<br \/>Tribunalul din Salzburg<br \/>FN 410246d<\/p>\n<p>Camera Economic\u0103 Salzburg, UBIT<\/p>\n<p>[\/et_pb_text][et_pb_text _builder_version=&#8221;4.21.0&#8243; _module_preset=&#8221;default&#8221; hover_enabled=&#8221;0&#8243; sticky_enabled=&#8221;0&#8243;]<\/p>\n<h4>Scop<\/h4>\n<p>[\/et_pb_text][et_pb_text _builder_version=&#8221;4.21.0&#8243; background_size=&#8221;initial&#8221; background_position=&#8221;top_left&#8221; background_repeat=&#8221;repeat&#8221; hover_enabled=&#8221;0&#8243; global_colors_info=&#8221;{}&#8221; sticky_enabled=&#8221;0&#8243;]<\/p>\n<p>EscapeFake este un joc care are scopul de a combate fenomenul fake news.<br \/>Acesta const\u0103 \u00eentr-o aplica\u021bie digital\u0103 \u0219i un set de markeri.<\/p>\n<p><!-- \/divi:paragraph --><\/p>\n<p>[\/et_pb_text][\/et_pb_column][\/et_pb_row][\/et_pb_section]<\/p>\n","protected":false},"excerpt":{"rendered":"<p>ImprintPolycular GmbHSalzgasse 25400 HalleinAustria info@polycular.com UID ATU76240417Tribunalul din SalzburgFN 410246d Camera Economic\u0103 Salzburg, UBITScopEscapeFake este un joc care are scopul de a combate fenomenul fake news.Acesta const\u0103 \u00eentr-o aplica\u021bie digital\u0103 \u0219i un set de markeri.<\/p>\n","protected":false},"author":1,"featured_media":0,"parent":0,"menu_order":0,"comment_status":"closed","ping_status":"closed","template":"","meta":{"_et_pb_use_builder":"on","_et_pb_old_content":"","_et_gb_content_width":"","footnotes":""},"class_list":["post-695","page","type-page","status-publish","hentry"],"_links":{"self":[{"href":"https:\/\/escapefake.org\/ro\/wp-json\/wp\/v2\/pages\/695","targetHints":{"allow":["GET"]}}],"collection":[{"href":"https:\/\/escapefake.org\/ro\/wp-json\/wp\/v2\/pages"}],"about":[{"href":"https:\/\/escapefake.org\/ro\/wp-json\/wp\/v2\/types\/page"}],"author":[{"embeddable":true,"href":"https:\/\/escapefake.org\/ro\/wp-json\/wp\/v2\/users\/1"}],"replies":[{"embeddable":true,"href":"https:\/\/escapefake.org\/ro\/wp-json\/wp\/v2\/comments?post=695"}],"version-history":[{"count":10,"href":"https:\/\/escapefake.org\/ro\/wp-json\/wp\/v2\/pages\/695\/revisions"}],"predecessor-version":[{"id":1087,"href":"https:\/\/escapefake.org\/ro\/wp-json\/wp\/v2\/pages\/695\/revisions\/1087"}],"wp:attachment":[{"href":"https:\/\/escapefake.org\/ro\/wp-json\/wp\/v2\/media?parent=695"}],"curies":[{"name":"wp","href":"https:\/\/api.w.org\/{rel}","templated":true}]}}