{"id":869,"date":"2023-07-26T16:11:15","date_gmt":"2023-07-26T14:11:15","guid":{"rendered":"https:\/\/escapefake.org\/despre-noi\/"},"modified":"2024-08-20T14:26:53","modified_gmt":"2024-08-20T12:26:53","slug":"about-us","status":"publish","type":"page","link":"https:\/\/escapefake.org\/ro\/about-us\/","title":{"rendered":"About us"},"content":{"rendered":"<p>[et_pb_section fb_built=&#8221;1&#8243; custom_padding_last_edited=&#8221;on|phone&#8221; _builder_version=&#8221;4.21.0&#8243; _module_preset=&#8221;default&#8221; background_color=&#8221;gcid-1b4a3854-7b44-49f6-922e-e1ac36476373&#8243; use_background_color_gradient=&#8221;on&#8221; background_color_gradient_stops=&#8221;gcid-86031d5b-0170-405c-b57e-166734aa8a67 0%|gcid-86031d5b-0170-405c-b57e-166734aa8a67 99%&#8221; background_color_gradient_overlays_image=&#8221;on&#8221; background_image=&#8221;https:\/\/escapefake.org\/wp-content\/uploads\/2023\/07\/hannah-in-museum-of-fake-scaled.jpg&#8221; parallax=&#8221;on&#8221; custom_padding=&#8221;120px||130px||false|false&#8221; custom_padding_tablet=&#8221;||110px||false|false&#8221; custom_padding_phone=&#8221;||60px||false|false&#8221; bottom_divider_style=&#8221;slant2&#8243; bottom_divider_color=&#8221;gcid-1b4a3854-7b44-49f6-922e-e1ac36476373&#8243; bottom_divider_height=&#8221;130px&#8221; bottom_divider_height_tablet=&#8221;110px&#8221; bottom_divider_height_phone=&#8221;60px&#8221; bottom_divider_height_last_edited=&#8221;on|phone&#8221; global_colors_info=&#8221;{%22gcid-1b4a3854-7b44-49f6-922e-e1ac36476373%22:%91%22bottom_divider_color%22,%22background_color_gradient_stops%22%93,%22gcid-86031d5b-0170-405c-b57e-166734aa8a67%22:%91%22background_color_gradient_stops%22%93}&#8221;][et_pb_row column_structure=&#8221;1_2,1_2&#8243; make_equal=&#8221;on&#8221; custom_padding_last_edited=&#8221;on|phone&#8221; _builder_version=&#8221;4.21.0&#8243; _module_preset=&#8221;default&#8221; background_color=&#8221;RGBA(255,255,255,0)&#8221; custom_padding=&#8221;||80px|||&#8221; custom_padding_tablet=&#8221;||80px|||&#8221; custom_padding_phone=&#8221;||20px||false|false&#8221; global_colors_info=&#8221;{}&#8221;][et_pb_column type=&#8221;1_2&#8243; _builder_version=&#8221;4.21.0&#8243; _module_preset=&#8221;default&#8221; global_colors_info=&#8221;{}&#8221;][et_pb_text _builder_version=&#8221;4.21.0&#8243; _module_preset=&#8221;_initial&#8221; global_colors_info=&#8221;{}&#8221;]<\/p>\n<h1>Echipa Escape Fake<\/h1>\n<p>[\/et_pb_text][\/et_pb_column][et_pb_column type=&#8221;1_2&#8243; _builder_version=&#8221;4.21.0&#8243; _module_preset=&#8221;default&#8221; vertical_offset=&#8221;0px&#8221; horizontal_offset=&#8221;0px&#8221; global_colors_info=&#8221;{}&#8221;][\/et_pb_column][\/et_pb_row][et_pb_row column_structure=&#8221;1_2,1_2&#8243; _builder_version=&#8221;4.21.0&#8243; _module_preset=&#8221;default&#8221; global_colors_info=&#8221;{}&#8221;][et_pb_column type=&#8221;1_2&#8243; _builder_version=&#8221;4.21.0&#8243; _module_preset=&#8221;default&#8221; global_colors_info=&#8221;{}&#8221;][dnxte_text_glitch glitch_text=&#8221;#escapefake&#8221; glitch_style=&#8221;7&#8243; glitch_text_color=&#8221;#ffffff&#8221; glitch_color_text_one=&#8221;gcid-02b3fa7c-43ea-44fc-beb4-5cf22f71017d&#8221; glitch_color_text_two=&#8221;gcid-10af2232-749a-4596-b80f-ac0da0e0d2c2&#8243; glitch_position_left=&#8221;5px&#8221; glitch_position_right=&#8221;8px&#8221; disabled_on=&#8221;off|off|off&#8221; _builder_version=&#8221;4.21.0&#8243; _module_preset=&#8221;default&#8221; dnxt_glitch_fonts_text_align=&#8221;left&#8221; dnxt_glitch_fonts_font_size=&#8221;42px&#8221; position_origin_a=&#8221;bottom_right&#8221; width=&#8221;100%&#8221; dnxt_glitch_fonts_font_tablet=&#8221;&#8221; dnxt_glitch_fonts_font_phone=&#8221;&#8221; dnxt_glitch_fonts_font_last_edited=&#8221;on|phone&#8221; global_colors_info=&#8221;{%22gcid-02b3fa7c-43ea-44fc-beb4-5cf22f71017d%22:%91%22glitch_color_text_one%22%93,%22gcid-10af2232-749a-4596-b80f-ac0da0e0d2c2%22:%91%22glitch_color_text_two%22%93}&#8221;][\/dnxte_text_glitch][\/et_pb_column][et_pb_column type=&#8221;1_2&#8243; _builder_version=&#8221;4.21.0&#8243; _module_preset=&#8221;default&#8221; global_colors_info=&#8221;{}&#8221;][\/et_pb_column][\/et_pb_row][\/et_pb_section][et_pb_section fb_built=&#8221;1&#8243; custom_padding_last_edited=&#8221;on|phone&#8221; prev_background_color=&#8221;gcid-1b4a3854-7b44-49f6-922e-e1ac36476373&#8243; admin_label=&#8221;Stats&#8221; _builder_version=&#8221;4.21.0&#8243; _module_preset=&#8221;default&#8221; custom_padding=&#8221;100px||||false|false&#8221; custom_padding_tablet=&#8221;80px||||false|false&#8221; custom_padding_phone=&#8221;60px||||false|false&#8221; top_divider_style=&#8221;slant&#8221; top_divider_flip=&#8221;horizontal&#8221; top_divider_height_tablet=&#8221;80px&#8221; top_divider_height_phone=&#8221;60px&#8221; top_divider_height_last_edited=&#8221;on|tablet&#8221; collapsed=&#8221;on&#8221; global_colors_info=&#8221;{}&#8221;][et_pb_row column_structure=&#8221;1_2,1_2&#8243; _builder_version=&#8221;4.20.0&#8243; _module_preset=&#8221;default&#8221; custom_padding=&#8221;90px|||||&#8221; global_colors_info=&#8221;{}&#8221;][et_pb_column type=&#8221;1_2&#8243; _builder_version=&#8221;4.20.0&#8243; _module_preset=&#8221;default&#8221; global_colors_info=&#8221;{}&#8221;][et_pb_image src=&#8221;https:\/\/escapefake.org\/wp-content\/uploads\/2023\/07\/polycular_web.png&#8221; title_text=&#8221;polycular_web&#8221; url=&#8221;https:\/\/polycular.com&#8221; _builder_version=&#8221;4.21.0&#8243; _module_preset=&#8221;default&#8221; global_colors_info=&#8221;{}&#8221;][\/et_pb_image][\/et_pb_column][et_pb_column type=&#8221;1_2&#8243; _builder_version=&#8221;4.20.0&#8243; _module_preset=&#8221;default&#8221; global_colors_info=&#8221;{}&#8221;][et_pb_text _builder_version=&#8221;4.21.0&#8243; _module_preset=&#8221;565ca5d8-2379-4624-9c67-e84671d1da36&#8243; custom_padding=&#8221;||1px|||&#8221; global_colors_info=&#8221;{}&#8221;]<\/p>\n<p><span style=\"font-weight: 400;\">Suntem un studio de design interactiv \u0219i tehnologie care \u00eembin\u0103 creativitatea \u0219i inova\u021bia tehnologic\u0103 pentru a crea spa\u021bii de experien\u021b\u0103 \u00een lumea real\u0103 \u0219i virtual\u0103. Cu peste 20 de ani de experien\u021b\u0103 profesional\u0103, cre\u0103m experien\u021be \u00een AR \u0219i VR care fac ca produsele, conceptele sau brandurile s\u0103 ias\u0103 \u00een eviden\u021b\u0103. Pove\u0219tile bine conturate, tehnologia de ultim\u0103 genera\u021bie \u0219i o abordare bazat\u0103 pe joc sunt calit\u0103\u021bile de baz\u0103 care modeleaz\u0103 produsele \u0219i serviciile noastre.   <\/span><span style=\"font-weight: 400;\">Pe l\u00e2ng\u0103 activitatea noastr\u0103 pentru clien\u021bi, dezvolt\u0103m proiecte de sine st\u0103t\u0103toare, care \u00ee\u0219i au motiva\u021bia \u00een sentimentul de responsabilitate social\u0103 cu privire la rolul tehnologiei \u00een modelarea viitorului. <\/span><\/p>\n<p>[\/et_pb_text][\/et_pb_column][\/et_pb_row][et_pb_row _builder_version=&#8221;4.21.0&#8243; _module_preset=&#8221;default&#8221; custom_margin=&#8221;50px|auto||auto||&#8221; custom_padding=&#8221;||0px|||&#8221; global_colors_info=&#8221;{}&#8221;][et_pb_column type=&#8221;4_4&#8243; _builder_version=&#8221;4.21.0&#8243; _module_preset=&#8221;default&#8221; global_colors_info=&#8221;{}&#8221;][et_pb_image src=&#8221;https:\/\/escapefake.org\/wp-content\/uploads\/2024\/08\/08_Escape-Fake_2.jpg&#8221; title_text=&#8221;EdTech_Teampic&#8221; show_in_lightbox=&#8221;on&#8221; force_fullwidth=&#8221;on&#8221; _builder_version=&#8221;4.27.0&#8243; _module_preset=&#8221;default&#8221; hover_enabled=&#8221;0&#8243; global_colors_info=&#8221;{}&#8221; sticky_enabled=&#8221;0&#8243;][\/et_pb_image][\/et_pb_column][\/et_pb_row][\/et_pb_section][et_pb_section fb_built=&#8221;1&#8243; custom_padding_last_edited=&#8221;on|phone&#8221; admin_label=&#8221;Stats&#8221; _builder_version=&#8221;4.27.0&#8243; _module_preset=&#8221;default&#8221; background_color=&#8221;#211821&#8243; custom_padding=&#8221;100px||||false|false&#8221; custom_padding_tablet=&#8221;80px||||false|false&#8221; custom_padding_phone=&#8221;60px||||false|false&#8221; top_divider_style=&#8221;slant&#8221; top_divider_color=&#8221;#00a8a4&#8243; top_divider_flip=&#8221;horizontal|vertical&#8221; top_divider_height_tablet=&#8221;80px&#8221; top_divider_height_phone=&#8221;60px&#8221; top_divider_height_last_edited=&#8221;on|tablet&#8221; collapsed=&#8221;on&#8221; global_colors_info=&#8221;{}&#8221;][et_pb_row _builder_version=&#8221;4.27.0&#8243; _module_preset=&#8221;default&#8221; custom_padding=&#8221;|||7px||&#8221; global_colors_info=&#8221;{}&#8221;][et_pb_column type=&#8221;4_4&#8243; _builder_version=&#8221;4.21.0&#8243; _module_preset=&#8221;default&#8221; global_colors_info=&#8221;{}&#8221;][et_pb_text _builder_version=&#8221;4.27.0&#8243; _module_preset=&#8221;5b03e015-5bf1-45ed-88e6-00624ea990e1&#8243; header_text_color=&#8221;#FFFFFF&#8221; global_colors_info=&#8221;{}&#8221;]<\/p>\n<h1 style=\"text-align: center;\"><strong>Echipa<\/strong><\/h1>\n<p>[\/et_pb_text][\/et_pb_column][\/et_pb_row][et_pb_row _builder_version=&#8221;4.27.0&#8243; _module_preset=&#8221;default&#8221; custom_padding=&#8221;|||7px||&#8221; global_colors_info=&#8221;{}&#8221;][et_pb_column type=&#8221;4_4&#8243; _builder_version=&#8221;4.21.0&#8243; _module_preset=&#8221;default&#8221; global_colors_info=&#8221;{}&#8221;][et_pb_text _builder_version=&#8221;4.27.0&#8243; _module_preset=&#8221;8b0e713b-02fb-441f-9f2e-ac923feb2138&#8243; global_colors_info=&#8221;{}&#8221;]<\/p>\n<p style=\"text-align: center;\"><span style=\"font-weight: 400;\">Echipa de dezvoltare a Escape Fake acoper\u0103 o gam\u0103 larg\u0103 de competen\u021be, inclusiv produc\u021bie creativ\u0103, design \u0219i dezvoltare, educa\u021bie media \u0219i design centrat pe utilizator. <\/span><\/p>\n<p>[\/et_pb_text][\/et_pb_column][\/et_pb_row][et_pb_row column_structure=&#8221;1_3,1_3,1_3&#8243; _builder_version=&#8221;4.27.0&#8243; _module_preset=&#8221;default&#8221; custom_padding=&#8221;|||7px||&#8221; global_colors_info=&#8221;{}&#8221;][et_pb_column type=&#8221;1_3&#8243; _builder_version=&#8221;4.21.0&#8243; _module_preset=&#8221;default&#8221; global_colors_info=&#8221;{}&#8221;][dnxte_team_overlay teamoverlay_image=&#8221;https:\/\/escapefake.org\/wp-content\/uploads\/2024\/08\/DSCF0893_irina.jpg&#8221; teamoverlay_name=&#8221;Irina Paraschivoiu&#8221; teamoverlay_position=&#8221;COO, Polycular; Co-initiator&#8221; _builder_version=&#8221;4.27.0&#8243; _module_preset=&#8221;default&#8221; global_colors_info=&#8221;{}&#8221;][\/dnxte_team_overlay][\/et_pb_column][et_pb_column type=&#8221;1_3&#8243; _builder_version=&#8221;4.21.0&#8243; _module_preset=&#8221;default&#8221; global_colors_info=&#8221;{}&#8221;][dnxte_team_overlay teamoverlay_image=&#8221;https:\/\/escapefake.org\/wp-content\/uploads\/2024\/08\/DSCF1000_thomas.jpg&#8221; teamoverlay_name=&#8221;Thomas Layer-Wagner&#8221; teamoverlay_position=&#8221;COO, Polycular; Co-initiator&#8221; _builder_version=&#8221;4.27.0&#8243; _module_preset=&#8221;default&#8221; global_colors_info=&#8221;{}&#8221;][\/dnxte_team_overlay][\/et_pb_column][et_pb_column type=&#8221;1_3&#8243; _builder_version=&#8221;4.27.0&#8243; _module_preset=&#8221;default&#8221; global_colors_info=&#8221;{}&#8221;][dnxte_team_overlay teamoverlay_image=&#8221;https:\/\/escapefake.org\/wp-content\/uploads\/2024\/08\/DSCF0796_benjamin.jpg&#8221; teamoverlay_name=&#8221;Benjamin Arzt&#8221; teamoverlay_position=&#8221;Concept, Storytelling, 3D, Polycular&#8221; _builder_version=&#8221;4.27.0&#8243; _module_preset=&#8221;default&#8221; global_colors_info=&#8221;{}&#8221;][\/dnxte_team_overlay][\/et_pb_column][\/et_pb_row][et_pb_row column_structure=&#8221;1_3,1_3,1_3&#8243; _builder_version=&#8221;4.27.0&#8243; _module_preset=&#8221;default&#8221; custom_padding=&#8221;|||7px||&#8221; global_colors_info=&#8221;{}&#8221;][et_pb_column type=&#8221;1_3&#8243; _builder_version=&#8221;4.21.0&#8243; _module_preset=&#8221;default&#8221; global_colors_info=&#8221;{}&#8221;][dnxte_team_overlay teamoverlay_image=&#8221;https:\/\/escapefake.org\/wp-content\/uploads\/2024\/08\/DSCF0804_tobias.jpg&#8221; teamoverlay_name=&#8221;Tobias Hoffman&#8221; teamoverlay_position=&#8221;XR developer, Polycular&#8221; _builder_version=&#8221;4.27.0&#8243; _module_preset=&#8221;default&#8221; global_colors_info=&#8221;{}&#8221;][\/dnxte_team_overlay][\/et_pb_column][et_pb_column type=&#8221;1_3&#8243; _builder_version=&#8221;4.21.0&#8243; _module_preset=&#8221;default&#8221; global_colors_info=&#8221;{}&#8221;][dnxte_team_overlay teamoverlay_image=&#8221;https:\/\/escapefake.org\/wp-content\/uploads\/2024\/08\/DSCF0761_julian.jpg&#8221; teamoverlay_name=&#8221;Julian Watzinger&#8221; teamoverlay_position=&#8221;XR developer, Polycular&#8221; _builder_version=&#8221;4.27.0&#8243; _module_preset=&#8221;default&#8221; global_colors_info=&#8221;{}&#8221;][\/dnxte_team_overlay][\/et_pb_column][et_pb_column type=&#8221;1_3&#8243; _builder_version=&#8221;4.27.0&#8243; _module_preset=&#8221;default&#8221; global_colors_info=&#8221;{}&#8221;][\/et_pb_column][\/et_pb_row][et_pb_row _builder_version=&#8221;4.27.0&#8243; _module_preset=&#8221;default&#8221; custom_padding=&#8221;|||7px||&#8221; global_colors_info=&#8221;{}&#8221;][et_pb_column type=&#8221;4_4&#8243; _builder_version=&#8221;4.21.0&#8243; _module_preset=&#8221;default&#8221; global_colors_info=&#8221;{}&#8221;][et_pb_text _builder_version=&#8221;4.27.0&#8243; _module_preset=&#8221;8b0e713b-02fb-441f-9f2e-ac923feb2138&#8243; global_colors_info=&#8221;{}&#8221;]<\/p>\n<p style=\"text-align: center;\"><span style=\"font-weight: 400;\">Echipa ini\u021bial\u0103 Escape Fake i-a inclus, de asemenea, pe co-fondatorul Polycular <strong>Robert Praxmarer<\/strong> (1976-2021), <strong>Simon Linder<\/strong> \u0219i <strong>J\u00fcrgen Brunner. Susanna Vogel<\/strong> \u0219i <strong>Lukas Rettenbacher <\/strong>ne-au sprijinit cu proiectarea \u0219i produc\u021bia expozi\u021biei Escape Fake. <\/span><\/p>\n<p>[\/et_pb_text][\/et_pb_column][\/et_pb_row][\/et_pb_section][et_pb_section fb_built=&#8221;1&#8243; custom_padding_last_edited=&#8221;on|phone&#8221; admin_label=&#8221;Stats&#8221; _builder_version=&#8221;4.27.0&#8243; _module_preset=&#8221;default&#8221; custom_padding=&#8221;100px||||false|false&#8221; custom_padding_tablet=&#8221;80px||||false|false&#8221; custom_padding_phone=&#8221;60px||||false|false&#8221; top_divider_style=&#8221;slant&#8221; top_divider_color=&#8221;#00a8a4&#8243; top_divider_flip=&#8221;horizontal&#8221; top_divider_height_tablet=&#8221;80px&#8221; top_divider_height_phone=&#8221;60px&#8221; top_divider_height_last_edited=&#8221;on|tablet&#8221; collapsed=&#8221;on&#8221; global_colors_info=&#8221;{}&#8221;][et_pb_row _builder_version=&#8221;4.27.0&#8243; _module_preset=&#8221;default&#8221; custom_padding=&#8221;|||7px||&#8221; global_colors_info=&#8221;{}&#8221;][et_pb_column type=&#8221;4_4&#8243; _builder_version=&#8221;4.21.0&#8243; _module_preset=&#8221;default&#8221; global_colors_info=&#8221;{}&#8221;][et_pb_text _builder_version=&#8221;4.27.0&#8243; _module_preset=&#8221;565ca5d8-2379-4624-9c67-e84671d1da36&#8243; header_text_color=&#8221;#000000&#8243; global_colors_info=&#8221;{}&#8221;]<\/p>\n<h1 style=\"text-align: center;\">Parteneri<\/h1>\n<p>[\/et_pb_text][\/et_pb_column][\/et_pb_row][et_pb_row _builder_version=&#8221;4.27.0&#8243; _module_preset=&#8221;default&#8221; custom_padding=&#8221;54px|||||&#8221; global_colors_info=&#8221;{}&#8221;][et_pb_column type=&#8221;4_4&#8243; _builder_version=&#8221;4.21.0&#8243; _module_preset=&#8221;default&#8221; global_colors_info=&#8221;{}&#8221;][et_pb_text _builder_version=&#8221;4.21.0&#8243; _module_preset=&#8221;565ca5d8-2379-4624-9c67-e84671d1da36&#8243; global_colors_info=&#8221;{}&#8221;]<\/p>\n<p><span style=\"font-size: 18px;\">Suntem sprijini\u021bi de partenerii no\u0219tri, care aduc cuno\u0219tin\u021be complementare \u00een materie de co-design \u0219i implicare a cet\u0103\u021benilor, jurnalism \u0219i verificarea \u0219tirilor, monitorizarea mass-media \u0219i formarea profesorilor. <\/span><\/p>\n<p>[\/et_pb_text][\/et_pb_column][\/et_pb_row][et_pb_row column_structure=&#8221;1_2,1_2&#8243; _builder_version=&#8221;4.27.0&#8243; _module_preset=&#8221;default&#8221; global_colors_info=&#8221;{}&#8221;][et_pb_column type=&#8221;1_2&#8243; _builder_version=&#8221;4.27.0&#8243; _module_preset=&#8221;default&#8221; global_colors_info=&#8221;{}&#8221;][et_pb_text _builder_version=&#8221;4.27.0&#8243; _module_preset=&#8221;565ca5d8-2379-4624-9c67-e84671d1da36&#8243; link_option_url=&#8221;https:\/\/www.dpa.com\/de&#8221; global_colors_info=&#8221;{}&#8221;]<\/p>\n<h3>Dpa<\/h3>\n<p>[\/et_pb_text][et_pb_text _builder_version=&#8221;4.27.0&#8243; _module_preset=&#8221;default&#8221; global_colors_info=&#8221;{}&#8221;]<\/p>\n<p><b>dpa (Agen\u021bia German\u0103 de Pres\u0103)<\/b><span style=\"font-weight: 400;\"> este o agen\u021bie european\u0103 de \u0219tiri implicat\u0103 \u00een jurnalismul de \u0219tiri independent. <strong>dpa<\/strong> este semnatar verificat al Re\u021belei interna\u021bionale de Verificare a Faptelor \u0219i membru al Consiliului de Administra\u021bie al Re\u021belei Europene de Standarde de Verificare a Faptelor. <strong>dpa<\/strong> preg\u0103te\u0219te jurnali\u0219ti \u00een verificarea faptelor \u0219i conduce o serie de ini\u021biative interna\u021bionale \u00een domeniul educa\u021biei media. \u00cen prezent, dpa furnizeaz\u0103 con\u021binut pentru dezvoltarea Escape Fake \u0219i desf\u0103\u0219oar\u0103 un proces de co-design cu jurnali\u0219ti, profesori \u0219i studen\u021bi din Germania. Echipa Dpa: Teresa Dapp, Tobias Schormann, Jan Ludwig, Jacqueline Rother, Kim Stowasser, Ren\u00e9 Schmidt.   <\/span><\/p>\n<p><span style=\"font-weight: 400;\"><\/span><\/p>\n<p>[\/et_pb_text][\/et_pb_column][et_pb_column type=&#8221;1_2&#8243; _builder_version=&#8221;4.27.0&#8243; _module_preset=&#8221;default&#8221; global_colors_info=&#8221;{}&#8221;][et_pb_text _builder_version=&#8221;4.27.0&#8243; _module_preset=&#8221;565ca5d8-2379-4624-9c67-e84671d1da36&#8243; link_option_url=&#8221;https:\/\/waag.org\/en\/&#8221; global_colors_info=&#8221;{}&#8221;]<\/p>\n<h3>Waag Futurelab<\/h3>\n<p>[\/et_pb_text][et_pb_text _builder_version=&#8221;4.27.0&#8243; _module_preset=&#8221;default&#8221; custom_padding=&#8221;|||5px||&#8221; global_colors_info=&#8221;{}&#8221;]<\/p>\n<p><b>Waag Futurelab <\/b>este o funda\u021bie cu sediul \u00een Amsterdam care se concentreaz\u0103 pe cercetarea public\u0103 \u00een domeniul tehnologiei \u0219i al societ\u0103\u021bii. Organiza\u021bia cerceteaz\u0103 tehnologii emergente, experimenteaz\u0103 \u0219i proiecteaz\u0103 alternative bazate pe valori publice \u0219i pe incluziunea societ\u0103\u021bii civile. \u00cen Escape Fake, sunt implicate echipele Maker Education Lab \u0219i Future Internet Lab, care conduc procesul de co-creare \u0219i co-proiectare cu jurnali\u0219ti, educatori \u0219i studen\u021bi din trei \u021b\u0103ri. Echipa Waag<span style=\"font-weight: 400;\">: Eva Vesseur, Ashley Laflin, Julie NG, Danny Lammerhirt. <\/span>    <\/p>\n<p><span style=\"font-weight: 400;\"><\/span><\/p>\n<p><span style=\"font-weight: 400;\"><\/span><\/p>\n<p>[\/et_pb_text][\/et_pb_column][\/et_pb_row][et_pb_row column_structure=&#8221;1_2,1_2&#8243; _builder_version=&#8221;4.27.0&#8243; _module_preset=&#8221;default&#8221; global_colors_info=&#8221;{}&#8221;][et_pb_column type=&#8221;1_2&#8243; _builder_version=&#8221;4.27.0&#8243; _module_preset=&#8221;default&#8221; global_colors_info=&#8221;{}&#8221;][et_pb_text _builder_version=&#8221;4.27.0&#8243; _module_preset=&#8221;565ca5d8-2379-4624-9c67-e84671d1da36&#8243; global_colors_info=&#8221;{}&#8221;]<\/p>\n<h3>La Fabbrica<\/h3>\n<p>[\/et_pb_text][et_pb_text _builder_version=&#8221;4.27.0&#8243; _module_preset=&#8221;default&#8221; global_colors_info=&#8221;{}&#8221;]<\/p>\n<p>este o agen\u021bie interna\u021bional\u0103 independent\u0103 de comunicare, care lucreaz\u0103 \u00een domeniul platformelor \u0219i campaniilor de comunicare educa\u021bional\u0103. La Fabbrica promoveaz\u0103 Scuola.net, o comunitate de peste 200 000 de profesori \u0219i un ecosistem digital pentru furnizarea de cursuri de formare gratuite certificate pentru predare.  LaFabbrica a sprijinit dezvoltarea setului de instrumente \u0219i a condus dezvoltarea cursului online. Echipa La Fabbrica: Alice Bovone, Roberta Franceschetti, Elisa Salamini, Carolina Borella, Giulia Tincani.  <\/p>\n<p>[\/et_pb_text][\/et_pb_column][et_pb_column type=&#8221;1_2&#8243; _builder_version=&#8221;4.27.0&#8243; _module_preset=&#8221;default&#8221; global_colors_info=&#8221;{}&#8221;][et_pb_text _builder_version=&#8221;4.27.0&#8243; _module_preset=&#8221;565ca5d8-2379-4624-9c67-e84671d1da36&#8243; global_colors_info=&#8221;{}&#8221;]<\/p>\n<h3>Expert Forum<\/h3>\n<p>[\/et_pb_text][et_pb_text _builder_version=&#8221;4.27.0&#8243; _module_preset=&#8221;default&#8221; global_colors_info=&#8221;{}&#8221;]<\/p>\n<p>este o organiza\u021bie non-profit, specializat\u0103 \u00een advocacy, educa\u021bie media \u0219i cet\u0103\u021benie activ\u0103, colabor\u00e2nd cu o serie de institu\u021bii precum Comisia European\u0103, Banca Mondial\u0103 \u0219i UNDP. Prin intermediul \u0218colii pentru Democra\u021bie, ei implic\u0103 profesorii \u0219i elevii \u00een activit\u0103\u021bi de advocacy \u0219i educa\u021bie mediatic\u0103. Echipa Expert Forum: Sorin Ioni\u021b\u0103, Madalina Voinea, Nicoleta Popescu, \u0218tefan Popa. <\/p>\n<p>[\/et_pb_text][\/et_pb_column][\/et_pb_row][et_pb_row column_structure=&#8221;1_2,1_2&#8243; _builder_version=&#8221;4.27.0&#8243; _module_preset=&#8221;default&#8221; global_colors_info=&#8221;{}&#8221;][et_pb_column type=&#8221;1_2&#8243; _builder_version=&#8221;4.21.0&#8243; _module_preset=&#8221;default&#8221; global_colors_info=&#8221;{}&#8221;][et_pb_text _builder_version=&#8221;4.21.0&#8243; _module_preset=&#8221;565ca5d8-2379-4624-9c67-e84671d1da36&#8243; global_colors_info=&#8221;{}&#8221;]<\/p>\n<h3>ProProgressione<\/h3>\n<p>este o organiza\u021bie non-profit axat\u0103 pe produc\u021bia de art\u0103 contemporan\u0103. Pro Progressione a g\u0103zduit reziden\u021ba pentru arti\u0219ti \u0219i crearea lucr\u0103rilor de art\u0103 independente incluse \u00een expozi\u021bia Escape Fake. Echipa Pro Progressione: Timea Kokai Nagy, Barna Petr\u00e1ny.  <\/p>\n<p>[\/et_pb_text][\/et_pb_column][et_pb_column type=&#8221;1_2&#8243; _builder_version=&#8221;4.27.0&#8243; _module_preset=&#8221;default&#8221; global_colors_info=&#8221;{}&#8221;][\/et_pb_column][\/et_pb_row][\/et_pb_section]<\/p>\n","protected":false},"excerpt":{"rendered":"<p>Echipa Escape Fake<div class=\"et_pb_module dnxte_text_glitch dnxte_text_glitch_0\">\n\t\t\t\t\n\t\t\t\t\n\t\t\t\t\n\t\t\t\t\n\t\t\t\t\n\t\t\t\t\n\t\t\t\t<div class=\"et_pb_module_inner\">\n\t\t\t\t\t<div class=\"dnxt-txt-glitch-wrap\">\r\n\t\t\t\t<div class= \"dnxt-glitch-text  dnxt-glitch-animation-7\">\r\n\t\t\t\t\t<h2 class=\"dnxt-glitch-text_heading\" data-text=\"#escapefake\">\r\n\t\t\t\t\t\t\t#escapefake\r\n\t\t\t\t\t<\/h2>\r\n\t\t\t\t<\/div>\r\n\t\t\t<\/div>\n\t\t\t\t<\/div>\n\t\t\t<\/div>Suntem un studio de design interactiv \u0219i tehnologie care \u00eembin\u0103 creativitatea \u0219i inova\u021bia tehnologic\u0103 pentru a crea spa\u021bii de experien\u021b\u0103 \u00een lumea real\u0103 \u0219i virtual\u0103. Cu peste 20 de ani de experien\u021b\u0103 profesional\u0103, cre\u0103m experien\u021be [&hellip;]<\/p>\n","protected":false},"author":1,"featured_media":0,"parent":0,"menu_order":0,"comment_status":"closed","ping_status":"closed","template":"","meta":{"_et_pb_use_builder":"on","_et_pb_old_content":"","_et_gb_content_width":"","footnotes":""},"class_list":["post-869","page","type-page","status-publish","hentry"],"_links":{"self":[{"href":"https:\/\/escapefake.org\/ro\/wp-json\/wp\/v2\/pages\/869","targetHints":{"allow":["GET"]}}],"collection":[{"href":"https:\/\/escapefake.org\/ro\/wp-json\/wp\/v2\/pages"}],"about":[{"href":"https:\/\/escapefake.org\/ro\/wp-json\/wp\/v2\/types\/page"}],"author":[{"embeddable":true,"href":"https:\/\/escapefake.org\/ro\/wp-json\/wp\/v2\/users\/1"}],"replies":[{"embeddable":true,"href":"https:\/\/escapefake.org\/ro\/wp-json\/wp\/v2\/comments?post=869"}],"version-history":[{"count":10,"href":"https:\/\/escapefake.org\/ro\/wp-json\/wp\/v2\/pages\/869\/revisions"}],"predecessor-version":[{"id":4093,"href":"https:\/\/escapefake.org\/ro\/wp-json\/wp\/v2\/pages\/869\/revisions\/4093"}],"wp:attachment":[{"href":"https:\/\/escapefake.org\/ro\/wp-json\/wp\/v2\/media?parent=869"}],"curies":[{"name":"wp","href":"https:\/\/api.w.org\/{rel}","templated":true}]}}