{"id":916,"date":"2023-05-03T10:03:28","date_gmt":"2023-05-03T08:03:28","guid":{"rendered":"https:\/\/escapefake.org\/politica-de-confidentialitate\/"},"modified":"2024-04-11T12:36:11","modified_gmt":"2024-04-11T10:36:11","slug":"privacy-policy","status":"publish","type":"page","link":"https:\/\/escapefake.org\/ro\/privacy-policy\/","title":{"rendered":"Privacy Policy"},"content":{"rendered":"<p>[et_pb_section fb_built=&#8221;1&#8243; admin_label=&#8221;section&#8221; _builder_version=&#8221;4.16&#8243; global_colors_info=&#8221;{}&#8221;][et_pb_row admin_label=&#8221;r\u00e2nd&#8221; _builder_version=&#8221;4.21.0&#8243; background_size=&#8221;initial&#8221; background_position=&#8221;top_left&#8221; background_repeat=&#8221;repeat&#8221; global_colors_info=&#8221;{}&#8221;][et_pb_column type=&#8221;4_4&#8243; _builder_version=&#8221;4.16&#8243; custom_padding=&#8221;|||&#8221; global_colors_info=&#8221;{}&#8221; custom_padding__hover=&#8221;|||&#8221;][et_pb_text _builder_version=&#8221;4.21.0&#8243; _module_preset=&#8221;default&#8221; global_colors_info=&#8221;{}&#8221;]<\/p>\n<h1>Politica de confiden\u021bialitate a datelor<\/h1>\n<p>[\/et_pb_text][et_pb_text _builder_version=&#8221;4.21.0&#8243; _module_preset=&#8221;default&#8221; global_colors_info=&#8221;{}&#8221;]<\/p>\n<p>Prelucr\u0103m urm\u0103toarele date cu caracter personal, dup\u0103 cum urmeaz\u0103.<\/p>\n<p>[\/et_pb_text][et_pb_text _builder_version=&#8221;4.21.0&#8243; _module_preset=&#8221;default&#8221; custom_margin=&#8221;||0.5em||false|false&#8221; global_colors_info=&#8221;{}&#8221;]<\/p>\n<h4>Datele \u00een cauz\u0103, dac\u0103 este cazul<\/h4>\n<p>[\/et_pb_text][et_pb_text _builder_version=&#8221;4.21.0&#8243; _module_preset=&#8221;default&#8221; global_colors_info=&#8221;{}&#8221;]<\/p>\n<p>Prin specifica\u021bii proprii:<\/p>\n<ul>\n<ul>\n<li>Nume<\/li>\n<li>Adresa de e-mail<\/li>\n<li>Num\u0103r de telefon<\/li>\n<li>ID mesager<\/li>\n<\/ul>\n<\/ul>\n<\/p>\n<p>Prin prelucrare tehnic\u0103:<\/p>\n<ul>\n<ul>\n<li>Session Cookie<\/li>\n<li>Adresa IP<\/li>\n<li>Browser User-Agent<\/li>\n<\/ul>\n<\/ul>\n<p>[\/et_pb_text][et_pb_text _builder_version=&#8221;4.21.0&#8243; _module_preset=&#8221;default&#8221; custom_margin=&#8221;||0.5em||false|false&#8221; global_colors_info=&#8221;{}&#8221;]<\/p>\n<h4>Scop<\/h4>\n<p>[\/et_pb_text][et_pb_text _builder_version=&#8221;4.21.0&#8243; _module_preset=&#8221;default&#8221; global_colors_info=&#8221;{}&#8221;]<\/p>\n<p>Datele vor fi prelucrate exclusiv \u00een scopul comunic\u0103rii.<\/p>\n<p>[\/et_pb_text][et_pb_text _builder_version=&#8221;4.21.0&#8243; _module_preset=&#8221;default&#8221; custom_margin=&#8221;||0.5em||false|false&#8221; global_colors_info=&#8221;{}&#8221;]<\/p>\n<h4>Locul de depozitare<\/h4>\n<p>[\/et_pb_text][et_pb_text _builder_version=&#8221;4.21.0&#8243; _module_preset=&#8221;default&#8221; hover_enabled=&#8221;0&#8243; global_colors_info=&#8221;{}&#8221; sticky_enabled=&#8221;0&#8243;]<\/p>\n<p><strong>Intern<\/strong><\/p>\n<p>Digital: notebook-uri, tablete, smartphone-uri, suporturi de date externe<br \/>Analogic: caiete, calendare, c\u0103r\u021bi de vizit\u0103<\/p>\n<p>Depozitarea are loc la adresa noastr\u0103 comercial\u0103, par\u021bial mobil\u0103 sau la birourile de acas\u0103.<\/p>\n<p><strong>Extern<\/strong><br \/>Digital: dispozitivul final (browser sau aplica\u021bie), serverul de aplica\u021bii, serverul de baze de date, serverul de e-mail, stocarea de backup<\/p>\n<p>&nbsp;<\/p>\n<ul>\n<li><strong>Hetzner Online GmbH<\/strong><br \/>Industriestra\u00dfe 25, 91710 Gunzenhausen, GERMANIA<br \/>Politica de confiden\u021bialitate: <a href=\"https:\/\/hetzner.de\/rechtliches\/datenschutz\" target=\"_blank\" rel=\"noopener\">hetzner.de\/rechtliches\/datenschutz<\/a><\/li>\n<li><strong>ALL-INKL.COM &#8211; Neue Medien M\u00fcnnich<\/strong><br \/>Hauptstra\u00dfe 68, 02742 Friedersdorf, GERMANIA<br \/>Politica de confiden\u021bialitate: <a href=\"https:\/\/all-inkl.com\/datenschutzinformationen\" target=\"_blank\" rel=\"noopener\">all-inkl.com\/datenschutzinformationen<\/a><\/li>\n<li><strong>Microsoft Corporation<\/strong><br \/>One Microsoft Way, Redmond, WA 98052-6399, SUA<br \/>Politica de confiden\u021bialitate: <a href=\"https:\/\/privacy.microsoft.com\/privacystatement\" target=\"_blank\" rel=\"noopener\">privacy.microsoft.com\/privacystatement<\/a><\/li>\n<\/ul>\n<p>[\/et_pb_text][et_pb_text _builder_version=&#8221;4.21.0&#8243; _module_preset=&#8221;default&#8221; custom_margin=&#8221;||0.5em||false|false&#8221; global_colors_info=&#8221;{}&#8221;]<\/p>\n<h4>Perioada de p\u0103strare<\/h4>\n<p>[\/et_pb_text][et_pb_text _builder_version=&#8221;4.21.0&#8243; _module_preset=&#8221;default&#8221; global_colors_info=&#8221;{}&#8221;]<\/p>\n<p>Stoc\u0103m datele doar at\u00e2t timp c\u00e2t este necesar sau cel pu\u021bin at\u00e2t timp c\u00e2t activitatea comercial\u0103 este \u00een desf\u0103\u0219urare. Doar \u00een cazul \u00een care exist\u0103 cerin\u021be legale, trebuie s\u0103 stoc\u0103m datele necesare pentru o perioad\u0103 mai lung\u0103 de timp.<\/p>\n<p>Datele pot fi incluse \u00een copiile de rezerv\u0103 automate timp de \u00eenc\u0103 3 s\u0103pt\u0103m\u00e2ni dup\u0103 \u0219tergere.<\/p>\n<p>\u00cen scopuri de analiz\u0103 a site-ului web, o valoare hash este calculat\u0103 din combina\u021bia dintre adresa dvs. IP + agentul de utilizator al browserului + o valoare aleatorie care se rote\u0219te zilnic. Astfel, datele sunt anonimizate zilnic.<\/p>\n<p>[\/et_pb_text][et_pb_text _builder_version=&#8221;4.21.0&#8243; _module_preset=&#8221;default&#8221; custom_margin=&#8221;||0.5em||false|false&#8221; global_colors_info=&#8221;{}&#8221;]<\/p>\n<h4>M\u0103suri de protec\u021bie<\/h4>\n<p>[\/et_pb_text][et_pb_text _builder_version=&#8221;4.21.0&#8243; _module_preset=&#8221;default&#8221; global_colors_info=&#8221;{}&#8221;]<\/p>\n<p>Toate m\u0103surile tehnice corespund stadiului actual al tehnicii.<\/p>\n<p>[\/et_pb_text][et_pb_text _builder_version=&#8221;4.21.0&#8243; _module_preset=&#8221;default&#8221; custom_margin=&#8221;||0.5em||false|false&#8221; global_colors_info=&#8221;{}&#8221;]<\/p>\n<h4>Pericole<\/h4>\n<p>[\/et_pb_text][et_pb_text _builder_version=&#8221;4.21.0&#8243; _module_preset=&#8221;default&#8221; global_colors_info=&#8221;{}&#8221;]<\/p>\n<p>Tratarea datelor cu caracter personal implic\u0103 riscuri. \u00cen ciuda m\u0103surilor de precau\u021bie, datele sunt furate \u00een mod repetat de ter\u021bi din cauza lacunelor de securitate. \u00cen timpul transportului de date, acestea pot fi interceptate \u0219i decriptate de c\u0103tre ter\u021bi. Este posibil ca metadatele s\u0103 fie \u00eenregistrate \u00een tranzit. Acesta poate fi utilizat pentru a crea un profil al persoanei digitale.<\/p>\n<p>[\/et_pb_text][et_pb_text _builder_version=&#8221;4.21.0&#8243; _module_preset=&#8221;default&#8221; custom_margin=&#8221;||0.5em||false|false&#8221; custom_padding=&#8221;1px|||||&#8221; global_colors_info=&#8221;{}&#8221;]<\/p>\n<h4>Drepturile dumneavoastr\u0103<\/h4>\n<p>[\/et_pb_text][et_pb_text _builder_version=&#8221;4.21.0&#8243; _module_preset=&#8221;default&#8221; global_colors_info=&#8221;{}&#8221;]<\/p>\n<p>Ave\u021bi dreptul la informare, rectificare, \u0219tergere, restric\u021bie, portabilitate a datelor, revocare \u0219i opozi\u021bie.<\/p>\n<p>\u00cen cazul \u00een care considera\u021bi c\u0103 am \u00eenc\u0103lcat legea privind protec\u021bia datelor, v\u0103 rug\u0103m s\u0103 ne contacta\u021bi. Dar ave\u021bi, de asemenea, dreptul de a depune o pl\u00e2ngere la autoritatea competent\u0103 pentru protec\u021bia datelor.<br \/>Austria: <a href=\"https:\/\/dsb.gv.at\/kontakt\" target=\"_blank\" rel=\"noopener\">dsb.gv.at\/kontakt<\/a> \/ alte \u021b\u0103ri: <a href=\"https:\/\/ec.europa.eu\" target=\"_blank\" rel=\"noopener\">ec.europa.eu<\/a><\/p>\n<p>[\/et_pb_text][et_pb_text _builder_version=&#8221;4.21.0&#8243; _module_preset=&#8221;default&#8221; custom_margin=&#8221;||0.5em||false|false&#8221; global_colors_info=&#8221;{}&#8221;]<\/p>\n<h4>Contacta\u021bi<\/h4>\n<p>[\/et_pb_text][et_pb_text _builder_version=&#8221;4.21.0&#8243; _module_preset=&#8221;default&#8221; global_colors_info=&#8221;{}&#8221;]<\/p>\n<p>privacy@polycular.com<\/p>\n<p>[\/et_pb_text][et_pb_text _builder_version=&#8221;4.21.0&#8243; _module_preset=&#8221;default&#8221; custom_margin=&#8221;||0.5em||false|false&#8221; global_colors_info=&#8221;{}&#8221;]<\/p>\n<h4>Responsabil<\/h4>\n<p>[\/et_pb_text][et_pb_text _builder_version=&#8221;4.21.0&#8243; _module_preset=&#8221;default&#8221; global_colors_info=&#8221;{}&#8221;]<\/p>\n<p>Polycular GmbH<br \/>Thomas Layer-Wagner) \/ <a href=\"https:\/\/polycular.com\/imprint\" target=\"_blank\" rel=\"noopener\">polycular.com\/imprint<\/a><\/p>\n<p>[\/et_pb_text][et_pb_text _builder_version=&#8221;4.21.0&#8243; _module_preset=&#8221;default&#8221; custom_margin=&#8221;||0.5em||false|false&#8221; global_colors_info=&#8221;{}&#8221;]<\/p>\n<h4>Versiunea<\/h4>\n<p>[\/et_pb_text][et_pb_text _builder_version=&#8221;4.21.0&#8243; _module_preset=&#8221;default&#8221; global_colors_info=&#8221;{}&#8221;]<\/p>\n<p>2022-08-30<\/p>\n<p>[\/et_pb_text][\/et_pb_column][\/et_pb_row][\/et_pb_section]<\/p>\n","protected":false},"excerpt":{"rendered":"<p>Politica de confiden\u021bialitate a datelorPrelucr\u0103m urm\u0103toarele date cu caracter personal, dup\u0103 cum urmeaz\u0103.Datele \u00een cauz\u0103, dac\u0103 este cazulPrin specifica\u021bii proprii: Nume Adresa de e-mail Num\u0103r de telefon ID mesager Prin prelucrare tehnic\u0103: Session Cookie Adresa IP Browser User-Agent ScopDatele vor fi prelucrate exclusiv \u00een scopul comunic\u0103rii.Locul de depozitareIntern Digital: notebook-uri, tablete, smartphone-uri, suporturi de date [&hellip;]<\/p>\n","protected":false},"author":1,"featured_media":0,"parent":0,"menu_order":0,"comment_status":"closed","ping_status":"open","template":"","meta":{"_et_pb_use_builder":"on","_et_pb_old_content":"","_et_gb_content_width":"","footnotes":""},"class_list":["post-916","page","type-page","status-publish","hentry"],"_links":{"self":[{"href":"https:\/\/escapefake.org\/ro\/wp-json\/wp\/v2\/pages\/916","targetHints":{"allow":["GET"]}}],"collection":[{"href":"https:\/\/escapefake.org\/ro\/wp-json\/wp\/v2\/pages"}],"about":[{"href":"https:\/\/escapefake.org\/ro\/wp-json\/wp\/v2\/types\/page"}],"author":[{"embeddable":true,"href":"https:\/\/escapefake.org\/ro\/wp-json\/wp\/v2\/users\/1"}],"replies":[{"embeddable":true,"href":"https:\/\/escapefake.org\/ro\/wp-json\/wp\/v2\/comments?post=916"}],"version-history":[{"count":10,"href":"https:\/\/escapefake.org\/ro\/wp-json\/wp\/v2\/pages\/916\/revisions"}],"predecessor-version":[{"id":2723,"href":"https:\/\/escapefake.org\/ro\/wp-json\/wp\/v2\/pages\/916\/revisions\/2723"}],"wp:attachment":[{"href":"https:\/\/escapefake.org\/ro\/wp-json\/wp\/v2\/media?parent=916"}],"curies":[{"name":"wp","href":"https:\/\/api.w.org\/{rel}","templated":true}]}}